{"id":2839,"date":"2025-01-28T12:25:11","date_gmt":"2025-01-28T11:25:11","guid":{"rendered":"https:\/\/www.belle-fontaine.ch\/?page_id=2839"},"modified":"2026-03-09T16:10:46","modified_gmt":"2026-03-09T15:10:46","slug":"kontakt","status":"publish","type":"page","link":"https:\/\/www.belle-fontaine.ch\/de\/kontakt\/","title":{"rendered":"Kontakt"},"content":{"rendered":"<noscript class=\"ninja-forms-noscript-message\">\n\tHinweis: F\u00fcr diesen Inhalt ist JavaScript erforderlich.<\/noscript>\n<div id=\"nf-form-4-cont\" class=\"nf-form-cont\" aria-live=\"polite\" aria-labelledby=\"nf-form-title-4\" aria-describedby=\"nf-form-errors-4\" role=\"form\">\n\n    <div class=\"nf-loading-spinner\"><\/div>\n\n<\/div>\n        <!-- That data is being printed as a workaround to page builders reordering the order of the scripts loaded-->\n        <script>var formDisplay=1;var nfForms=nfForms||[];var form=[];form.id='4';form.settings={\"objectType\":\"Form Setting\",\"editActive\":true,\"title\":\"Contact - DE\",\"created_at\":\"2018-12-13 18:15:45\",\"form_title\":\"Contact - DE\",\"default_label_pos\":\"above\",\"show_title\":\"0\",\"clear_complete\":\"1\",\"hide_complete\":\"0\",\"logged_in\":\"0\",\"key\":\"contact-form-en\",\"currency\":\"usd\",\"wrapper_class\":\"\",\"element_class\":\"\",\"add_submit\":\"0\",\"not_logged_in_msg\":\"\",\"sub_limit_number\":\"\",\"sub_limit_msg\":\"\",\"fieldContentsData\":\"\",\"unique_field_error\":\"Un formulaire avec cette valeur a d\\u00e9j\\u00e0 \\u00e9t\\u00e9 soumis.\",\"calculations\":[],\"formContentData\":[\"vorname_1695816950471\",\"nachname_1695816971977\",\"email_1695816980763\",\"telefon_1695816992845\",\"wuenschen_sie_einen_rueckruf_1695817015407\",\"mitteilung_1695817027830\",\"spam_1776158944225\",\"foto_hochladen_1695817042363\",\"ich_bin_damit_einverstanden_dass_die_website_diese_informationen_verwendet_um_meine_anfrage_zu_beantworten_1695817251503\",\"formular_absenden_1695817278471\",\"type_formulaire_1763633003891\",\"gclid_1763631547474\",\"url_site_1769695902767\"],\"changeEmailErrorMsg\":\"Bitte geben Sie eine g\\u00fcltige E-Mail Adresse ein! \",\"changeDateErrorMsg\":\"Bitte geben Sie ein g\\u00fcltiges Datum ein!\",\"confirmFieldErrorMsg\":\"Diese Felder m\\u00fcssen \\u00fcbereinstimmen!\",\"fieldNumberNumMinError\":\"Anzahl Min. Fehler \",\"fieldNumberNumMaxError\":\"Anzahl Max. Fehler \",\"fieldNumberIncrementBy\":\"Bitte erh\\u00f6hen Sie um \",\"formErrorsCorrectErrors\":\"Bitte korrigiere die Fehler, bevor du das Formular sendest.\",\"validateRequiredField\":\"Dies ist ein Pflichtfeld.\",\"honeypotHoneypotError\":\"Honeypot-Fehler\",\"fieldsMarkedRequired\":\"Mit * markierte Felder sind Pflichtfelder\",\"drawerDisabled\":false,\"conditions\":[],\"form_title_heading_level\":\"3\",\"manual_key\":\"1\",\"allow_public_link\":0,\"embed_form\":\"\",\"objectDomain\":\"display\",\"ninjaForms\":\"Ninja Forms\",\"fieldTextareaRTEInsertLink\":\"Link einf\\u00fcgen\",\"fieldTextareaRTEInsertMedia\":\"Medien einf\\u00fcgen\",\"fieldTextareaRTESelectAFile\":\"Eine Datei ausw\\u00e4hlen\",\"formHoneypot\":\"Falls du ein Mensch bist und dieses Feld siehst, dann lasse es bitte leer.\",\"fileUploadOldCodeFileUploadInProgress\":\"Datei-Upload l\\u00e4uft.\",\"fileUploadOldCodeFileUpload\":\"DATEI-UPLOAD\",\"currencySymbol\":\"&#36;\",\"thousands_sep\":\".\",\"decimal_point\":\",\",\"siteLocale\":\"de_DE\",\"dateFormat\":\"m\\\/d\\\/Y\",\"startOfWeek\":\"1\",\"of\":\"von\",\"previousMonth\":\"Vorheriger Monat\",\"nextMonth\":\"N\\u00e4chster Monat\",\"months\":[\"Januar\",\"Februar\",\"M\\u00e4rz\",\"April\",\"Mai\",\"Juni\",\"Juli\",\"August\",\"September\",\"Oktober\",\"November\",\"Dezember\"],\"monthsShort\":[\"Jan.\",\"Feb.\",\"Mrz\",\"Apr.\",\"Mai\",\"Juni\",\"Juli\",\"Aug\",\"Sep.\",\"Okt\",\"Nov.\",\"Dez\"],\"weekdays\":[\"Sonntag\",\"Montag\",\"Dienstag\",\"Mittwoch\",\"Donnerstag\",\"Freitag\",\"Samstag\"],\"weekdaysShort\":[\"So\",\"Mo\",\"Die\",\"Mi\",\"Do\",\"Fr\",\"Sa\"],\"weekdaysMin\":[\"So\",\"Mo.\",\"Di\",\"Mi\",\"Do\",\"Fr.\",\"Sa.\"],\"recaptchaConsentMissing\":\"reCaptcha validation couldn&#039;t load.\",\"recaptchaMissingCookie\":\"reCaptcha v3 validation couldn&#039;t load the cookie needed to submit the form.\",\"recaptchaConsentEvent\":\"Accept reCaptcha cookies before sending the form.\",\"currency_symbol\":\"\",\"beforeForm\":\"\",\"beforeFields\":\"\",\"afterFields\":\"\",\"afterForm\":\"\"};form.fields=[{\"objectType\":\"Field\",\"objectDomain\":\"fields\",\"editActive\":false,\"order\":1,\"idAttribute\":\"id\",\"label_pos\":\"above\",\"required\":1,\"default\":\"\",\"placeholder\":\"\",\"container_class\":\"one-half first\",\"element_class\":\"\",\"admin_label\":\"\",\"help_text\":\"\",\"desc_text\":\"\",\"desc_pos\":\"\",\"label\":\"Vorname\",\"key\":\"vorname_1695816950471\",\"type\":\"firstname\",\"created_at\":\"2018-10-29 10:50:01\",\"custom_name_attribute\":\"fname\",\"personally_identifiable\":1,\"value\":\"\",\"field_label\":\"Vorname\",\"field_key\":\"vorname_1695816950471\",\"drawerDisabled\":\"\",\"id\":23,\"beforeField\":\"\",\"afterField\":\"\",\"parentType\":\"firstname\",\"element_templates\":[\"firstname\",\"input\"],\"old_classname\":\"\",\"wrap_template\":\"wrap\"},{\"objectType\":\"Field\",\"objectDomain\":\"fields\",\"editActive\":false,\"order\":2,\"idAttribute\":\"id\",\"label_pos\":\"above\",\"required\":1,\"default\":\"\",\"placeholder\":\"\",\"container_class\":\"one-half\",\"element_class\":\"\",\"admin_label\":\"\",\"help_text\":\"\",\"desc_text\":\"\",\"desc_pos\":\"\",\"label\":\"Nachname\",\"key\":\"nachname_1695816971977\",\"type\":\"lastname\",\"created_at\":\"2018-10-29 10:50:01\",\"custom_name_attribute\":\"lname\",\"personally_identifiable\":1,\"value\":\"\",\"field_label\":\"Nachname\",\"field_key\":\"nachname_1695816971977\",\"drawerDisabled\":\"\",\"id\":24,\"beforeField\":\"\",\"afterField\":\"\",\"parentType\":\"lastname\",\"element_templates\":[\"lastname\",\"input\"],\"old_classname\":\"\",\"wrap_template\":\"wrap\"},{\"objectType\":\"Field\",\"objectDomain\":\"fields\",\"editActive\":false,\"order\":3,\"idAttribute\":\"id\",\"label_pos\":\"above\",\"required\":1,\"default\":\"\",\"placeholder\":\"\",\"container_class\":\"one-half first\",\"element_class\":\"\",\"admin_label\":\"\",\"help_text\":\"\",\"desc_text\":\"\",\"desc_pos\":\"\",\"label\":\"E-Mail\",\"key\":\"email_1695816980763\",\"type\":\"email\",\"created_at\":\"2018-10-29 10:50:01\",\"custom_name_attribute\":\"email\",\"personally_identifiable\":1,\"drawerDisabled\":\"\",\"value\":\"\",\"field_label\":\"Email\",\"field_key\":\"email_1695816980763\",\"id\":25,\"beforeField\":\"\",\"afterField\":\"\",\"parentType\":\"email\",\"element_templates\":[\"email\",\"input\"],\"old_classname\":\"\",\"wrap_template\":\"wrap\"},{\"objectType\":\"Field\",\"objectDomain\":\"fields\",\"editActive\":false,\"order\":4,\"idAttribute\":\"id\",\"label_pos\":\"above\",\"required\":1,\"placeholder\":\"\",\"default\":\"\",\"container_class\":\"one-half\",\"element_class\":\"\",\"input_limit\":\"\",\"input_limit_type\":\"characters\",\"input_limit_message\":\"Character(s) left\",\"manual_key\":\"\",\"disable_input\":\"\",\"admin_label\":\"\",\"help_text\":\"\",\"desc_text\":\"\",\"desc_pos\":\"\",\"disable_browser_autocomplete\":\"\",\"mask\":\"\",\"custom_mask\":\"\",\"label\":\"Telefon\",\"key\":\"telefon_1695816992845\",\"type\":\"textbox\",\"created_at\":\"2018-10-29 10:50:01\",\"input_limit_msg\":\"verbleibende(s) Zeichen\",\"custom_name_attribute\":\"\",\"personally_identifiable\":\"\",\"drawerDisabled\":\"\",\"value\":\"\",\"field_label\":\"Telefon\",\"field_key\":\"telefon_1695816992845\",\"id\":26,\"beforeField\":\"\",\"afterField\":\"\",\"parentType\":\"textbox\",\"element_templates\":[\"textbox\",\"input\"],\"old_classname\":\"\",\"wrap_template\":\"wrap\"},{\"objectType\":\"Field\",\"objectDomain\":\"fields\",\"editActive\":false,\"order\":5,\"idAttribute\":\"id\",\"type\":\"textarea\",\"label\":\"W\\u00fcnschen Sie einen R\\u00fcckruf?\",\"key\":\"wuenschen_sie_einen_rueckruf_1695817015407\",\"label_pos\":\"above\",\"required\":1,\"default\":\"\",\"placeholder\":\"\",\"container_class\":\"\",\"element_class\":\"\",\"input_limit\":\"\",\"input_limit_type\":\"characters\",\"input_limit_msg\":\"Zeichen \\u00fcbrig\",\"manual_key\":\"\",\"admin_label\":\"\",\"help_text\":\"\",\"textarea_rte\":\"\",\"disable_rte_mobile\":\"\",\"textarea_media\":\"\",\"drawerDisabled\":\"\",\"value\":\"\",\"field_label\":\"W\\u00fcnschen Sie einen R\\u00fcckruf?\",\"field_key\":\"wuenschen_sie_einen_rueckruf_1695817015407\",\"id\":27,\"beforeField\":\"\",\"afterField\":\"\",\"parentType\":\"textarea\",\"element_templates\":[\"textarea\",\"input\"],\"old_classname\":\"\",\"wrap_template\":\"wrap\"},{\"objectType\":\"Field\",\"objectDomain\":\"fields\",\"editActive\":false,\"order\":6,\"idAttribute\":\"id\",\"type\":\"textarea\",\"label\":\"Mitteilung\",\"key\":\"mitteilung_1695817027830\",\"label_pos\":\"above\",\"required\":1,\"default\":\"\",\"placeholder\":\"\",\"container_class\":\"\",\"element_class\":\"\",\"input_limit\":\"\",\"input_limit_type\":\"characters\",\"input_limit_msg\":\"verbleibende(s) Zeichen\",\"manual_key\":\"\",\"admin_label\":\"\",\"help_text\":\"\",\"textarea_rte\":\"\",\"disable_rte_mobile\":\"\",\"textarea_media\":\"\",\"drawerDisabled\":\"\",\"value\":\"\",\"field_label\":\"Mitteilung\",\"field_key\":\"mitteilung_1695817027830\",\"id\":28,\"beforeField\":\"\",\"afterField\":\"\",\"parentType\":\"textarea\",\"element_templates\":[\"textarea\",\"input\"],\"old_classname\":\"\",\"wrap_template\":\"wrap\"},{\"objectType\":\"Field\",\"objectDomain\":\"fields\",\"editActive\":false,\"order\":7,\"idAttribute\":\"id\",\"label\":\"8+3 ?\",\"type\":\"spam\",\"key\":\"spam_1776158944225\",\"label_pos\":\"above\",\"required\":1,\"default\":\"\",\"placeholder\":\"\",\"container_class\":\"\",\"element_class\":\"\",\"input_limit\":\"\",\"input_limit_type\":\"characters\",\"input_limit_msg\":\"Caract\\u00e8re(s) restant(s)\",\"manual_key\":true,\"admin_label\":\"\",\"help_text\":\"\",\"spam_answer\":11,\"value\":\"\",\"drawerDisabled\":false,\"id\":81,\"beforeField\":\"\",\"afterField\":\"\",\"parentType\":\"spam\",\"element_templates\":[\"textbox\",\"input\"],\"old_classname\":\"\",\"wrap_template\":\"wrap\"},{\"objectType\":\"Field\",\"objectDomain\":\"fields\",\"editActive\":false,\"order\":8,\"idAttribute\":\"id\",\"type\":\"file_upload\",\"label\":\"Foto hochladen\",\"key\":\"foto_hochladen_1695817042363\",\"label_pos\":\"above\",\"required\":\"\",\"container_class\":\"\",\"element_class\":\"\",\"manual_key\":\"\",\"help_text\":\"\",\"save_to_server\":1,\"upload_rename\":\"\",\"media_library\":\"false\",\"upload_multi_count\":5,\"max_file_size\":10485760,\"select_files_text\":\"Foto ausw\\u00e4hlen une hochladen\",\"upload_types\":\".jpg,.gif,.png,.pdf,.jpeg\",\"drawerDisabled\":\"\",\"min_file_size\":0,\"cancel_upload_text\":\"Bitte warten, die Datei wird geladen\",\"desc_text\":\"<div style=\\\"text-align: center;\\\"><span data-metadata=\\\"<!--(figmeta)eyJmaWxlS2V5IjoiN2ZwVWY4V2hUUE1XZWtlRXJKNHo1diIsInBhc3RlSUQiOjExNjgxOTM1MjcsImRhdGFUeXBlIjoic2NlbmUifQo=(\\\/figmeta)-->\\\"><\\\/span><span style=\\\"color: rgb(7, 7, 7); font-family: BellefontaineSansRegular, sans-serif;\\\">W\\u00e4hlen Sie Fotos aus und laden Sie sie hoch.<\\\/span><br style=\\\"color: rgb(7, 7, 7); font-family: BellefontaineSansRegular, sans-serif;\\\"><span style=\\\"color: rgb(7, 7, 7); font-family: BellefontaineSansRegular, sans-serif;\\\">Akzeptierte Dateitypen: jpg, gif, png, pdf Maximale Dateigr\\u00f6\\u00dfe 10MB<\\\/span><br><\\\/div>\",\"field_label\":\"Foto hochladen\",\"field_key\":\"foto_hochladen_1695817042363\",\"id\":29,\"beforeField\":\"\",\"afterField\":\"\",\"value\":\"\",\"parentType\":\"textbox\",\"element_templates\":[\"file_upload\",\"input\"],\"old_classname\":\"\",\"wrap_template\":\"wrap\",\"max_chunk_size\":283115520,\"max_file_size_mb\":10,\"min_file_size_mb\":0,\"uploadNonce\":\"52666f31c6\",\"uploadNonceExpiry\":1776274766},{\"objectType\":\"Field\",\"objectDomain\":\"fields\",\"editActive\":false,\"order\":9,\"idAttribute\":\"id\",\"type\":\"checkbox\",\"label\":\"Ich bin damit einverstanden, dass die Website diese Informationen verwendet, um meine Anfrage zu beantworten\",\"key\":\"ich_bin_damit_einverstanden_dass_die_website_diese_informationen_verwendet_um_meine_anfrage_zu_beantworten_1695817251503\",\"label_pos\":\"right\",\"required\":1,\"container_class\":\"contact-acceptance\",\"element_class\":\"\",\"manual_key\":\"\",\"admin_label\":\"\",\"help_text\":\"\",\"default_value\":\"unchecked\",\"checked_value\":\"Coch\\u00e9\",\"unchecked_value\":\"D\\u00e9coch\\u00e9\",\"checked_calc_value\":\"\",\"unchecked_calc_value\":\"\",\"drawerDisabled\":\"\",\"default\":\"unchecked\",\"field_label\":\"Ich bin damit einverstanden, dass die Website diese Informationen verwendet, um meine Anfrage zu beantworten\",\"field_key\":\"ich_bin_damit_einverstanden_dass_die_website_diese_informationen_verwendet_um_meine_anfrage_zu_beantworten_1695817251503\",\"value\":\"unchecked\",\"id\":30,\"beforeField\":\"\",\"afterField\":\"\",\"parentType\":\"checkbox\",\"element_templates\":[\"checkbox\",\"input\"],\"old_classname\":\"\",\"wrap_template\":\"wrap\"},{\"objectType\":\"Field\",\"objectDomain\":\"fields\",\"editActive\":false,\"order\":10,\"idAttribute\":\"id\",\"processing_label\":\"En cours de traitement\",\"container_class\":\"\",\"element_class\":\"\",\"label\":\"Formular absenden\",\"key\":\"formular_absenden_1695817278471\",\"type\":\"submit\",\"created_at\":\"2018-10-29 10:50:01\",\"drawerDisabled\":\"\",\"field_label\":\"Formular absenden\",\"field_key\":\"formular_absenden_1695817278471\",\"admin_label\":\"\",\"id\":31,\"beforeField\":\"\",\"afterField\":\"\",\"value\":\"\",\"label_pos\":\"above\",\"parentType\":\"textbox\",\"element_templates\":[\"submit\",\"button\",\"input\"],\"old_classname\":\"\",\"wrap_template\":\"wrap-no-label\"},{\"objectType\":\"Field\",\"objectDomain\":\"fields\",\"editActive\":false,\"order\":11,\"idAttribute\":\"id\",\"type\":\"hidden\",\"label\":\"Type_formulaire\",\"key\":\"type_formulaire_1763633003891\",\"default\":\"Belle-fontaine.ch\",\"admin_label\":\"\",\"drawerDisabled\":false,\"id\":36,\"beforeField\":\"\",\"afterField\":\"\",\"value\":\"Belle-fontaine.ch\",\"label_pos\":\"above\",\"parentType\":\"hidden\",\"element_templates\":[\"hidden\",\"input\"],\"old_classname\":\"\",\"wrap_template\":\"wrap-no-label\"},{\"objectType\":\"Field\",\"objectDomain\":\"fields\",\"editActive\":false,\"order\":12,\"idAttribute\":\"id\",\"type\":\"hidden\",\"label\":\"gclid\",\"key\":\"gclid_1763631547474\",\"default\":\"{querystring:gclid}\",\"admin_label\":\"\",\"drawerDisabled\":false,\"id\":33,\"beforeField\":\"\",\"afterField\":\"\",\"value\":\"\",\"label_pos\":\"above\",\"parentType\":\"hidden\",\"element_templates\":[\"hidden\",\"input\"],\"old_classname\":\"\",\"wrap_template\":\"wrap-no-label\"},{\"objectType\":\"Field\",\"objectDomain\":\"fields\",\"editActive\":false,\"order\":13,\"idAttribute\":\"id\",\"type\":\"hidden\",\"label\":\"URL_Site\",\"key\":\"url_site_1769695902767\",\"default\":\"{wp:site_url}\",\"admin_label\":\"\",\"drawerDisabled\":false,\"id\":39,\"beforeField\":\"\",\"afterField\":\"\",\"value\":\"https:\\\/\\\/www.belle-fontaine.ch\\\/de\\\/\",\"label_pos\":\"above\",\"parentType\":\"hidden\",\"element_templates\":[\"hidden\",\"input\"],\"old_classname\":\"\",\"wrap_template\":\"wrap-no-label\"}];nfForms.push(form);<\/script>\n        \n","protected":false},"excerpt":{"rendered":"","protected":false},"author":3,"featured_media":0,"parent":0,"menu_order":0,"comment_status":"open","ping_status":"closed","template":"template-contact.php","meta":{"_acf_changed":false,"footnotes":""},"class_list":["post-2839","page","type-page","status-publish","hentry"],"acf":[],"yoast_head":"<!-- This site is optimized with the Yoast SEO plugin v27.4 - https:\/\/yoast.com\/product\/yoast-seo-wordpress\/ -->\n<title>Kontakt - Clinique Bellefontaine<\/title>\n<meta name=\"description\" content=\"Das Team von Dr. Favre steht Ihnen f\u00fcr alle Fragen und Anliegen bez\u00fcglich der Sch\u00f6nheitsbehandlungen oder chirurgischen Eingriffe f\u00fcr Gesicht und K\u00f6rper, die in der Klinik Bellefontaine in Lausanne durchgef\u00fchrt werden, zur Verf\u00fcgung.\" \/>\n<meta name=\"robots\" content=\"index, follow, max-snippet:-1, max-image-preview:large, max-video-preview:-1\" \/>\n<link rel=\"canonical\" href=\"https:\/\/www.belle-fontaine.ch\/de\/kontakt\/\" \/>\n<meta property=\"og:locale\" content=\"de_DE\" \/>\n<meta property=\"og:type\" content=\"article\" \/>\n<meta property=\"og:title\" content=\"Kontakt - Clinique Bellefontaine\" \/>\n<meta property=\"og:description\" content=\"Das Team von Dr. Favre steht Ihnen f\u00fcr alle Fragen und Anliegen bez\u00fcglich der Sch\u00f6nheitsbehandlungen oder chirurgischen Eingriffe f\u00fcr Gesicht und K\u00f6rper, die in der Klinik Bellefontaine in Lausanne durchgef\u00fchrt werden, zur Verf\u00fcgung.\" \/>\n<meta property=\"og:url\" content=\"https:\/\/www.belle-fontaine.ch\/de\/kontakt\/\" \/>\n<meta property=\"og:site_name\" content=\"Clinique Bellefontaine\" \/>\n<meta property=\"article:modified_time\" content=\"2026-03-09T15:10:46+00:00\" \/>\n<meta name=\"twitter:card\" content=\"summary_large_image\" \/>\n<meta name=\"twitter:label1\" content=\"Gesch\u00e4tzte Lesezeit\" \/>\n\t<meta name=\"twitter:data1\" content=\"1\u00a0Minute\" \/>\n<script type=\"application\/ld+json\" class=\"yoast-schema-graph\">{\"@context\":\"https:\\\/\\\/schema.org\",\"@graph\":[{\"@type\":\"WebPage\",\"@id\":\"https:\\\/\\\/www.belle-fontaine.ch\\\/de\\\/kontakt\\\/\",\"url\":\"https:\\\/\\\/www.belle-fontaine.ch\\\/de\\\/kontakt\\\/\",\"name\":\"Kontakt - Clinique Bellefontaine\",\"isPartOf\":{\"@id\":\"https:\\\/\\\/www.belle-fontaine.ch\\\/fr\\\/#website\"},\"datePublished\":\"2025-01-28T11:25:11+00:00\",\"dateModified\":\"2026-03-09T15:10:46+00:00\",\"description\":\"Das Team von Dr. Favre steht Ihnen f\u00fcr alle Fragen und Anliegen bez\u00fcglich der Sch\u00f6nheitsbehandlungen oder chirurgischen Eingriffe f\u00fcr Gesicht und K\u00f6rper, die in der Klinik Bellefontaine in Lausanne durchgef\u00fchrt werden, zur Verf\u00fcgung.\",\"breadcrumb\":{\"@id\":\"https:\\\/\\\/www.belle-fontaine.ch\\\/de\\\/kontakt\\\/#breadcrumb\"},\"inLanguage\":\"de\",\"potentialAction\":[{\"@type\":\"ReadAction\",\"target\":[\"https:\\\/\\\/www.belle-fontaine.ch\\\/de\\\/kontakt\\\/\"]}]},{\"@type\":\"BreadcrumbList\",\"@id\":\"https:\\\/\\\/www.belle-fontaine.ch\\\/de\\\/kontakt\\\/#breadcrumb\",\"itemListElement\":[{\"@type\":\"ListItem\",\"position\":1,\"name\":\"Home\",\"item\":\"https:\\\/\\\/www.belle-fontaine.ch\\\/de\\\/\"},{\"@type\":\"ListItem\",\"position\":2,\"name\":\"Kontakt\"}]},{\"@type\":\"WebSite\",\"@id\":\"https:\\\/\\\/www.belle-fontaine.ch\\\/fr\\\/#website\",\"url\":\"https:\\\/\\\/www.belle-fontaine.ch\\\/fr\\\/\",\"name\":\"BelleFontaine\",\"description\":\"\",\"potentialAction\":[{\"@type\":\"SearchAction\",\"target\":{\"@type\":\"EntryPoint\",\"urlTemplate\":\"https:\\\/\\\/www.belle-fontaine.ch\\\/fr\\\/?s={search_term_string}\"},\"query-input\":{\"@type\":\"PropertyValueSpecification\",\"valueRequired\":true,\"valueName\":\"search_term_string\"}}],\"inLanguage\":\"de\"}]}<\/script>\n<!-- \/ Yoast SEO plugin. -->","yoast_head_json":{"title":"Kontakt - Clinique Bellefontaine","description":"Das Team von Dr. Favre steht Ihnen f\u00fcr alle Fragen und Anliegen bez\u00fcglich der Sch\u00f6nheitsbehandlungen oder chirurgischen Eingriffe f\u00fcr Gesicht und K\u00f6rper, die in der Klinik Bellefontaine in Lausanne durchgef\u00fchrt werden, zur Verf\u00fcgung.","robots":{"index":"index","follow":"follow","max-snippet":"max-snippet:-1","max-image-preview":"max-image-preview:large","max-video-preview":"max-video-preview:-1"},"canonical":"https:\/\/www.belle-fontaine.ch\/de\/kontakt\/","og_locale":"de_DE","og_type":"article","og_title":"Kontakt - Clinique Bellefontaine","og_description":"Das Team von Dr. Favre steht Ihnen f\u00fcr alle Fragen und Anliegen bez\u00fcglich der Sch\u00f6nheitsbehandlungen oder chirurgischen Eingriffe f\u00fcr Gesicht und K\u00f6rper, die in der Klinik Bellefontaine in Lausanne durchgef\u00fchrt werden, zur Verf\u00fcgung.","og_url":"https:\/\/www.belle-fontaine.ch\/de\/kontakt\/","og_site_name":"Clinique Bellefontaine","article_modified_time":"2026-03-09T15:10:46+00:00","twitter_card":"summary_large_image","twitter_misc":{"Gesch\u00e4tzte Lesezeit":"1\u00a0Minute"},"schema":{"@context":"https:\/\/schema.org","@graph":[{"@type":"WebPage","@id":"https:\/\/www.belle-fontaine.ch\/de\/kontakt\/","url":"https:\/\/www.belle-fontaine.ch\/de\/kontakt\/","name":"Kontakt - Clinique Bellefontaine","isPartOf":{"@id":"https:\/\/www.belle-fontaine.ch\/fr\/#website"},"datePublished":"2025-01-28T11:25:11+00:00","dateModified":"2026-03-09T15:10:46+00:00","description":"Das Team von Dr. Favre steht Ihnen f\u00fcr alle Fragen und Anliegen bez\u00fcglich der Sch\u00f6nheitsbehandlungen oder chirurgischen Eingriffe f\u00fcr Gesicht und K\u00f6rper, die in der Klinik Bellefontaine in Lausanne durchgef\u00fchrt werden, zur Verf\u00fcgung.","breadcrumb":{"@id":"https:\/\/www.belle-fontaine.ch\/de\/kontakt\/#breadcrumb"},"inLanguage":"de","potentialAction":[{"@type":"ReadAction","target":["https:\/\/www.belle-fontaine.ch\/de\/kontakt\/"]}]},{"@type":"BreadcrumbList","@id":"https:\/\/www.belle-fontaine.ch\/de\/kontakt\/#breadcrumb","itemListElement":[{"@type":"ListItem","position":1,"name":"Home","item":"https:\/\/www.belle-fontaine.ch\/de\/"},{"@type":"ListItem","position":2,"name":"Kontakt"}]},{"@type":"WebSite","@id":"https:\/\/www.belle-fontaine.ch\/fr\/#website","url":"https:\/\/www.belle-fontaine.ch\/fr\/","name":"BelleFontaine","description":"","potentialAction":[{"@type":"SearchAction","target":{"@type":"EntryPoint","urlTemplate":"https:\/\/www.belle-fontaine.ch\/fr\/?s={search_term_string}"},"query-input":{"@type":"PropertyValueSpecification","valueRequired":true,"valueName":"search_term_string"}}],"inLanguage":"de"}]}},"_links":{"self":[{"href":"https:\/\/www.belle-fontaine.ch\/de\/wp-json\/wp\/v2\/pages\/2839","targetHints":{"allow":["GET"]}}],"collection":[{"href":"https:\/\/www.belle-fontaine.ch\/de\/wp-json\/wp\/v2\/pages"}],"about":[{"href":"https:\/\/www.belle-fontaine.ch\/de\/wp-json\/wp\/v2\/types\/page"}],"author":[{"embeddable":true,"href":"https:\/\/www.belle-fontaine.ch\/de\/wp-json\/wp\/v2\/users\/3"}],"replies":[{"embeddable":true,"href":"https:\/\/www.belle-fontaine.ch\/de\/wp-json\/wp\/v2\/comments?post=2839"}],"version-history":[{"count":4,"href":"https:\/\/www.belle-fontaine.ch\/de\/wp-json\/wp\/v2\/pages\/2839\/revisions"}],"predecessor-version":[{"id":5197,"href":"https:\/\/www.belle-fontaine.ch\/de\/wp-json\/wp\/v2\/pages\/2839\/revisions\/5197"}],"wp:attachment":[{"href":"https:\/\/www.belle-fontaine.ch\/de\/wp-json\/wp\/v2\/media?parent=2839"}],"curies":[{"name":"wp","href":"https:\/\/api.w.org\/{rel}","templated":true}]}}