{"id":3260,"date":"2025-01-28T21:25:16","date_gmt":"2025-01-28T20:25:16","guid":{"rendered":"https:\/\/www.belle-fontaine.ch\/?page_id=3260"},"modified":"2026-03-09T16:10:39","modified_gmt":"2026-03-09T15:10:39","slug":"brazilian-butt-lift-po-lipofilling","status":"publish","type":"page","link":"https:\/\/www.belle-fontaine.ch\/de\/brazilian-butt-lift-po-lipofilling\/","title":{"rendered":"Brazilian Butt Lift \/ Po-Lipofilling"},"content":{"rendered":"","protected":false},"excerpt":{"rendered":"","protected":false},"author":3,"featured_media":0,"parent":0,"menu_order":0,"comment_status":"open","ping_status":"closed","template":"","meta":{"_acf_changed":false,"footnotes":""},"class_list":["post-3260","page","type-page","status-publish","hentry"],"acf":[],"yoast_head":"<!-- This site is optimized with the Yoast SEO plugin v27.4 - https:\/\/yoast.com\/product\/yoast-seo-wordpress\/ -->\n<title>Brazilian Butt Lift \/ Po-Lipofilling -<\/title>\n<meta name=\"description\" content=\"Verbessern Sie Ihre Kurven mit einem brasilianischen Po-Lifting in der Klinik Bellefontaine in Lausanne. Sichere und effektive Ges\u00e4\u00dfvergr\u00f6\u00dferung.\" \/>\n<meta name=\"robots\" content=\"index, follow, max-snippet:-1, max-image-preview:large, max-video-preview:-1\" \/>\n<link rel=\"canonical\" href=\"https:\/\/www.belle-fontaine.ch\/de\/brazilian-butt-lift-po-lipofilling\/\" \/>\n<meta property=\"og:locale\" content=\"de_DE\" \/>\n<meta property=\"og:type\" content=\"article\" \/>\n<meta property=\"og:title\" content=\"Brazilian Butt Lift \/ Po-Lipofilling -\" \/>\n<meta property=\"og:description\" content=\"Verbessern Sie Ihre Kurven mit einem brasilianischen Po-Lifting in der Klinik Bellefontaine in Lausanne. Sichere und effektive Ges\u00e4\u00dfvergr\u00f6\u00dferung.\" \/>\n<meta property=\"og:url\" content=\"https:\/\/www.belle-fontaine.ch\/de\/brazilian-butt-lift-po-lipofilling\/\" \/>\n<meta property=\"og:site_name\" content=\"Clinique Bellefontaine\" \/>\n<meta property=\"article:modified_time\" content=\"2026-03-09T15:10:39+00:00\" \/>\n<meta name=\"twitter:card\" content=\"summary_large_image\" \/>\n<script type=\"application\/ld+json\" class=\"yoast-schema-graph\">{\"@context\":\"https:\\\/\\\/schema.org\",\"@graph\":[{\"@type\":\"WebPage\",\"@id\":\"https:\\\/\\\/www.belle-fontaine.ch\\\/de\\\/brazilian-butt-lift-po-lipofilling\\\/\",\"url\":\"https:\\\/\\\/www.belle-fontaine.ch\\\/de\\\/brazilian-butt-lift-po-lipofilling\\\/\",\"name\":\"Brazilian Butt Lift \\\/ Po-Lipofilling -\",\"isPartOf\":{\"@id\":\"https:\\\/\\\/www.belle-fontaine.ch\\\/fr\\\/#website\"},\"datePublished\":\"2025-01-28T20:25:16+00:00\",\"dateModified\":\"2026-03-09T15:10:39+00:00\",\"description\":\"Verbessern Sie Ihre Kurven mit einem brasilianischen Po-Lifting in der Klinik Bellefontaine in Lausanne. Sichere und effektive Ges\u00e4\u00dfvergr\u00f6\u00dferung.\",\"breadcrumb\":{\"@id\":\"https:\\\/\\\/www.belle-fontaine.ch\\\/de\\\/brazilian-butt-lift-po-lipofilling\\\/#breadcrumb\"},\"inLanguage\":\"de\",\"potentialAction\":[{\"@type\":\"ReadAction\",\"target\":[\"https:\\\/\\\/www.belle-fontaine.ch\\\/de\\\/brazilian-butt-lift-po-lipofilling\\\/\"]}]},{\"@type\":\"BreadcrumbList\",\"@id\":\"https:\\\/\\\/www.belle-fontaine.ch\\\/de\\\/brazilian-butt-lift-po-lipofilling\\\/#breadcrumb\",\"itemListElement\":[{\"@type\":\"ListItem\",\"position\":1,\"name\":\"Home\",\"item\":\"https:\\\/\\\/www.belle-fontaine.ch\\\/de\\\/\"},{\"@type\":\"ListItem\",\"position\":2,\"name\":\"Brazilian Butt Lift \\\/ Po-Lipofilling\"}]},{\"@type\":\"WebSite\",\"@id\":\"https:\\\/\\\/www.belle-fontaine.ch\\\/fr\\\/#website\",\"url\":\"https:\\\/\\\/www.belle-fontaine.ch\\\/fr\\\/\",\"name\":\"BelleFontaine\",\"description\":\"\",\"potentialAction\":[{\"@type\":\"SearchAction\",\"target\":{\"@type\":\"EntryPoint\",\"urlTemplate\":\"https:\\\/\\\/www.belle-fontaine.ch\\\/fr\\\/?s={search_term_string}\"},\"query-input\":{\"@type\":\"PropertyValueSpecification\",\"valueRequired\":true,\"valueName\":\"search_term_string\"}}],\"inLanguage\":\"de\"}]}<\/script>\n<!-- \/ Yoast SEO plugin. -->","yoast_head_json":{"title":"Brazilian Butt Lift \/ Po-Lipofilling -","description":"Verbessern Sie Ihre Kurven mit einem brasilianischen Po-Lifting in der Klinik Bellefontaine in Lausanne. Sichere und effektive Ges\u00e4\u00dfvergr\u00f6\u00dferung.","robots":{"index":"index","follow":"follow","max-snippet":"max-snippet:-1","max-image-preview":"max-image-preview:large","max-video-preview":"max-video-preview:-1"},"canonical":"https:\/\/www.belle-fontaine.ch\/de\/brazilian-butt-lift-po-lipofilling\/","og_locale":"de_DE","og_type":"article","og_title":"Brazilian Butt Lift \/ Po-Lipofilling -","og_description":"Verbessern Sie Ihre Kurven mit einem brasilianischen Po-Lifting in der Klinik Bellefontaine in Lausanne. Sichere und effektive Ges\u00e4\u00dfvergr\u00f6\u00dferung.","og_url":"https:\/\/www.belle-fontaine.ch\/de\/brazilian-butt-lift-po-lipofilling\/","og_site_name":"Clinique Bellefontaine","article_modified_time":"2026-03-09T15:10:39+00:00","twitter_card":"summary_large_image","schema":{"@context":"https:\/\/schema.org","@graph":[{"@type":"WebPage","@id":"https:\/\/www.belle-fontaine.ch\/de\/brazilian-butt-lift-po-lipofilling\/","url":"https:\/\/www.belle-fontaine.ch\/de\/brazilian-butt-lift-po-lipofilling\/","name":"Brazilian Butt Lift \/ Po-Lipofilling -","isPartOf":{"@id":"https:\/\/www.belle-fontaine.ch\/fr\/#website"},"datePublished":"2025-01-28T20:25:16+00:00","dateModified":"2026-03-09T15:10:39+00:00","description":"Verbessern Sie Ihre Kurven mit einem brasilianischen Po-Lifting in der Klinik Bellefontaine in Lausanne. Sichere und effektive Ges\u00e4\u00dfvergr\u00f6\u00dferung.","breadcrumb":{"@id":"https:\/\/www.belle-fontaine.ch\/de\/brazilian-butt-lift-po-lipofilling\/#breadcrumb"},"inLanguage":"de","potentialAction":[{"@type":"ReadAction","target":["https:\/\/www.belle-fontaine.ch\/de\/brazilian-butt-lift-po-lipofilling\/"]}]},{"@type":"BreadcrumbList","@id":"https:\/\/www.belle-fontaine.ch\/de\/brazilian-butt-lift-po-lipofilling\/#breadcrumb","itemListElement":[{"@type":"ListItem","position":1,"name":"Home","item":"https:\/\/www.belle-fontaine.ch\/de\/"},{"@type":"ListItem","position":2,"name":"Brazilian Butt Lift \/ Po-Lipofilling"}]},{"@type":"WebSite","@id":"https:\/\/www.belle-fontaine.ch\/fr\/#website","url":"https:\/\/www.belle-fontaine.ch\/fr\/","name":"BelleFontaine","description":"","potentialAction":[{"@type":"SearchAction","target":{"@type":"EntryPoint","urlTemplate":"https:\/\/www.belle-fontaine.ch\/fr\/?s={search_term_string}"},"query-input":{"@type":"PropertyValueSpecification","valueRequired":true,"valueName":"search_term_string"}}],"inLanguage":"de"}]}},"_links":{"self":[{"href":"https:\/\/www.belle-fontaine.ch\/de\/wp-json\/wp\/v2\/pages\/3260","targetHints":{"allow":["GET"]}}],"collection":[{"href":"https:\/\/www.belle-fontaine.ch\/de\/wp-json\/wp\/v2\/pages"}],"about":[{"href":"https:\/\/www.belle-fontaine.ch\/de\/wp-json\/wp\/v2\/types\/page"}],"author":[{"embeddable":true,"href":"https:\/\/www.belle-fontaine.ch\/de\/wp-json\/wp\/v2\/users\/3"}],"replies":[{"embeddable":true,"href":"https:\/\/www.belle-fontaine.ch\/de\/wp-json\/wp\/v2\/comments?post=3260"}],"version-history":[{"count":3,"href":"https:\/\/www.belle-fontaine.ch\/de\/wp-json\/wp\/v2\/pages\/3260\/revisions"}],"predecessor-version":[{"id":5602,"href":"https:\/\/www.belle-fontaine.ch\/de\/wp-json\/wp\/v2\/pages\/3260\/revisions\/5602"}],"wp:attachment":[{"href":"https:\/\/www.belle-fontaine.ch\/de\/wp-json\/wp\/v2\/media?parent=3260"}],"curies":[{"name":"wp","href":"https:\/\/api.w.org\/{rel}","templated":true}]}}