{"id":3391,"date":"2025-01-20T15:31:45","date_gmt":"2025-01-20T14:31:45","guid":{"rendered":"https:\/\/www.belle-fontaine.ch\/?page_id=3391"},"modified":"2026-03-09T16:10:41","modified_gmt":"2026-03-09T15:10:41","slug":"fettabsaugung","status":"publish","type":"page","link":"https:\/\/www.belle-fontaine.ch\/de\/fettabsaugung\/","title":{"rendered":"Fettabsaugung"},"content":{"rendered":"","protected":false},"excerpt":{"rendered":"","protected":false},"author":3,"featured_media":0,"parent":0,"menu_order":0,"comment_status":"open","ping_status":"closed","template":"","meta":{"_acf_changed":false,"footnotes":""},"class_list":["post-3391","page","type-page","status-publish","hentry"],"acf":[],"yoast_head":"<!-- This site is optimized with the Yoast SEO plugin v27.4 - https:\/\/yoast.com\/product\/yoast-seo-wordpress\/ -->\n<title>Fettabsaugung - Clinique Bellefontaine<\/title>\n<meta name=\"description\" content=\"M\u00f6chten Sie Ihre Silhouette neu modellieren? Manchmal reichen eine ausgewogene Ern\u00e4hrung oder k\u00f6rperliche Aktivit\u00e4t nicht aus Mit einer Fettabsaugung k\u00f6nnen lokale Fettansammlungen korrigiert werden Erfahren Sie mehr \u00fcber die Kosten einer Fettabsaugung in Lausanne, Waadt\" \/>\n<meta name=\"robots\" content=\"index, follow, max-snippet:-1, max-image-preview:large, max-video-preview:-1\" \/>\n<link rel=\"canonical\" href=\"https:\/\/www.belle-fontaine.ch\/de\/fettabsaugung\/\" \/>\n<meta property=\"og:locale\" content=\"de_DE\" \/>\n<meta property=\"og:type\" content=\"article\" \/>\n<meta property=\"og:title\" content=\"Fettabsaugung - Clinique Bellefontaine\" \/>\n<meta property=\"og:description\" content=\"M\u00f6chten Sie Ihre Silhouette neu modellieren? Manchmal reichen eine ausgewogene Ern\u00e4hrung oder k\u00f6rperliche Aktivit\u00e4t nicht aus Mit einer Fettabsaugung k\u00f6nnen lokale Fettansammlungen korrigiert werden Erfahren Sie mehr \u00fcber die Kosten einer Fettabsaugung in Lausanne, Waadt\" \/>\n<meta property=\"og:url\" content=\"https:\/\/www.belle-fontaine.ch\/de\/fettabsaugung\/\" \/>\n<meta property=\"og:site_name\" content=\"Clinique Bellefontaine\" \/>\n<meta property=\"article:modified_time\" content=\"2026-03-09T15:10:41+00:00\" \/>\n<meta name=\"twitter:card\" content=\"summary_large_image\" \/>\n<script type=\"application\/ld+json\" class=\"yoast-schema-graph\">{\"@context\":\"https:\\\/\\\/schema.org\",\"@graph\":[{\"@type\":\"WebPage\",\"@id\":\"https:\\\/\\\/www.belle-fontaine.ch\\\/de\\\/fettabsaugung\\\/\",\"url\":\"https:\\\/\\\/www.belle-fontaine.ch\\\/de\\\/fettabsaugung\\\/\",\"name\":\"Fettabsaugung - Clinique Bellefontaine\",\"isPartOf\":{\"@id\":\"https:\\\/\\\/www.belle-fontaine.ch\\\/fr\\\/#website\"},\"datePublished\":\"2025-01-20T14:31:45+00:00\",\"dateModified\":\"2026-03-09T15:10:41+00:00\",\"description\":\"M\u00f6chten Sie Ihre Silhouette neu modellieren? Manchmal reichen eine ausgewogene Ern\u00e4hrung oder k\u00f6rperliche Aktivit\u00e4t nicht aus Mit einer Fettabsaugung k\u00f6nnen lokale Fettansammlungen korrigiert werden Erfahren Sie mehr \u00fcber die Kosten einer Fettabsaugung in Lausanne, Waadt\",\"breadcrumb\":{\"@id\":\"https:\\\/\\\/www.belle-fontaine.ch\\\/de\\\/fettabsaugung\\\/#breadcrumb\"},\"inLanguage\":\"de\",\"potentialAction\":[{\"@type\":\"ReadAction\",\"target\":[\"https:\\\/\\\/www.belle-fontaine.ch\\\/de\\\/fettabsaugung\\\/\"]}]},{\"@type\":\"BreadcrumbList\",\"@id\":\"https:\\\/\\\/www.belle-fontaine.ch\\\/de\\\/fettabsaugung\\\/#breadcrumb\",\"itemListElement\":[{\"@type\":\"ListItem\",\"position\":1,\"name\":\"Home\",\"item\":\"https:\\\/\\\/www.belle-fontaine.ch\\\/de\\\/\"},{\"@type\":\"ListItem\",\"position\":2,\"name\":\"Fettabsaugung\"}]},{\"@type\":\"WebSite\",\"@id\":\"https:\\\/\\\/www.belle-fontaine.ch\\\/fr\\\/#website\",\"url\":\"https:\\\/\\\/www.belle-fontaine.ch\\\/fr\\\/\",\"name\":\"BelleFontaine\",\"description\":\"\",\"potentialAction\":[{\"@type\":\"SearchAction\",\"target\":{\"@type\":\"EntryPoint\",\"urlTemplate\":\"https:\\\/\\\/www.belle-fontaine.ch\\\/fr\\\/?s={search_term_string}\"},\"query-input\":{\"@type\":\"PropertyValueSpecification\",\"valueRequired\":true,\"valueName\":\"search_term_string\"}}],\"inLanguage\":\"de\"}]}<\/script>\n<!-- \/ Yoast SEO plugin. -->","yoast_head_json":{"title":"Fettabsaugung - Clinique Bellefontaine","description":"M\u00f6chten Sie Ihre Silhouette neu modellieren? Manchmal reichen eine ausgewogene Ern\u00e4hrung oder k\u00f6rperliche Aktivit\u00e4t nicht aus Mit einer Fettabsaugung k\u00f6nnen lokale Fettansammlungen korrigiert werden Erfahren Sie mehr \u00fcber die Kosten einer Fettabsaugung in Lausanne, Waadt","robots":{"index":"index","follow":"follow","max-snippet":"max-snippet:-1","max-image-preview":"max-image-preview:large","max-video-preview":"max-video-preview:-1"},"canonical":"https:\/\/www.belle-fontaine.ch\/de\/fettabsaugung\/","og_locale":"de_DE","og_type":"article","og_title":"Fettabsaugung - Clinique Bellefontaine","og_description":"M\u00f6chten Sie Ihre Silhouette neu modellieren? Manchmal reichen eine ausgewogene Ern\u00e4hrung oder k\u00f6rperliche Aktivit\u00e4t nicht aus Mit einer Fettabsaugung k\u00f6nnen lokale Fettansammlungen korrigiert werden Erfahren Sie mehr \u00fcber die Kosten einer Fettabsaugung in Lausanne, Waadt","og_url":"https:\/\/www.belle-fontaine.ch\/de\/fettabsaugung\/","og_site_name":"Clinique Bellefontaine","article_modified_time":"2026-03-09T15:10:41+00:00","twitter_card":"summary_large_image","schema":{"@context":"https:\/\/schema.org","@graph":[{"@type":"WebPage","@id":"https:\/\/www.belle-fontaine.ch\/de\/fettabsaugung\/","url":"https:\/\/www.belle-fontaine.ch\/de\/fettabsaugung\/","name":"Fettabsaugung - Clinique Bellefontaine","isPartOf":{"@id":"https:\/\/www.belle-fontaine.ch\/fr\/#website"},"datePublished":"2025-01-20T14:31:45+00:00","dateModified":"2026-03-09T15:10:41+00:00","description":"M\u00f6chten Sie Ihre Silhouette neu modellieren? Manchmal reichen eine ausgewogene Ern\u00e4hrung oder k\u00f6rperliche Aktivit\u00e4t nicht aus Mit einer Fettabsaugung k\u00f6nnen lokale Fettansammlungen korrigiert werden Erfahren Sie mehr \u00fcber die Kosten einer Fettabsaugung in Lausanne, Waadt","breadcrumb":{"@id":"https:\/\/www.belle-fontaine.ch\/de\/fettabsaugung\/#breadcrumb"},"inLanguage":"de","potentialAction":[{"@type":"ReadAction","target":["https:\/\/www.belle-fontaine.ch\/de\/fettabsaugung\/"]}]},{"@type":"BreadcrumbList","@id":"https:\/\/www.belle-fontaine.ch\/de\/fettabsaugung\/#breadcrumb","itemListElement":[{"@type":"ListItem","position":1,"name":"Home","item":"https:\/\/www.belle-fontaine.ch\/de\/"},{"@type":"ListItem","position":2,"name":"Fettabsaugung"}]},{"@type":"WebSite","@id":"https:\/\/www.belle-fontaine.ch\/fr\/#website","url":"https:\/\/www.belle-fontaine.ch\/fr\/","name":"BelleFontaine","description":"","potentialAction":[{"@type":"SearchAction","target":{"@type":"EntryPoint","urlTemplate":"https:\/\/www.belle-fontaine.ch\/fr\/?s={search_term_string}"},"query-input":{"@type":"PropertyValueSpecification","valueRequired":true,"valueName":"search_term_string"}}],"inLanguage":"de"}]}},"_links":{"self":[{"href":"https:\/\/www.belle-fontaine.ch\/de\/wp-json\/wp\/v2\/pages\/3391","targetHints":{"allow":["GET"]}}],"collection":[{"href":"https:\/\/www.belle-fontaine.ch\/de\/wp-json\/wp\/v2\/pages"}],"about":[{"href":"https:\/\/www.belle-fontaine.ch\/de\/wp-json\/wp\/v2\/types\/page"}],"author":[{"embeddable":true,"href":"https:\/\/www.belle-fontaine.ch\/de\/wp-json\/wp\/v2\/users\/3"}],"replies":[{"embeddable":true,"href":"https:\/\/www.belle-fontaine.ch\/de\/wp-json\/wp\/v2\/comments?post=3391"}],"version-history":[{"count":5,"href":"https:\/\/www.belle-fontaine.ch\/de\/wp-json\/wp\/v2\/pages\/3391\/revisions"}],"predecessor-version":[{"id":5607,"href":"https:\/\/www.belle-fontaine.ch\/de\/wp-json\/wp\/v2\/pages\/3391\/revisions\/5607"}],"wp:attachment":[{"href":"https:\/\/www.belle-fontaine.ch\/de\/wp-json\/wp\/v2\/media?parent=3391"}],"curies":[{"name":"wp","href":"https:\/\/api.w.org\/{rel}","templated":true}]}}