{"id":5019,"date":"2025-01-28T21:25:22","date_gmt":"2025-01-28T20:25:22","guid":{"rendered":"https:\/\/www.belle-fontaine.ch\/?page_id=5019"},"modified":"2026-03-09T16:10:43","modified_gmt":"2026-03-09T15:10:43","slug":"gesaessinjektionen","status":"publish","type":"page","link":"https:\/\/www.belle-fontaine.ch\/de\/gesaessinjektionen\/","title":{"rendered":"Ges\u00e4\u00dfinjektionen"},"content":{"rendered":"","protected":false},"excerpt":{"rendered":"","protected":false},"author":3,"featured_media":0,"parent":0,"menu_order":0,"comment_status":"open","ping_status":"closed","template":"","meta":{"_acf_changed":false,"footnotes":""},"class_list":["post-5019","page","type-page","status-publish","hentry"],"acf":[],"yoast_head":"<!-- This site is optimized with the Yoast SEO plugin v27.4 - https:\/\/yoast.com\/product\/yoast-seo-wordpress\/ -->\n<title>Ges\u00e4\u00dfinjektionen - Clinique Bellefontaine<\/title>\n<meta name=\"description\" content=\"Wie bekommt man ein straffes, wohlgeformtes Ges\u00e4\u00df? Die L\u00f6sung ist einfach und hei\u00dft Po-Lipofilling!\" \/>\n<meta name=\"robots\" content=\"index, follow, max-snippet:-1, max-image-preview:large, max-video-preview:-1\" \/>\n<link rel=\"canonical\" href=\"https:\/\/www.belle-fontaine.ch\/de\/gesaessinjektionen\/\" \/>\n<meta property=\"og:locale\" content=\"de_DE\" \/>\n<meta property=\"og:type\" content=\"article\" \/>\n<meta property=\"og:title\" content=\"Ges\u00e4\u00dfinjektionen - Clinique Bellefontaine\" \/>\n<meta property=\"og:description\" content=\"Wie bekommt man ein straffes, wohlgeformtes Ges\u00e4\u00df? Die L\u00f6sung ist einfach und hei\u00dft Po-Lipofilling!\" \/>\n<meta property=\"og:url\" content=\"https:\/\/www.belle-fontaine.ch\/de\/gesaessinjektionen\/\" \/>\n<meta property=\"og:site_name\" content=\"Clinique Bellefontaine\" \/>\n<meta property=\"article:modified_time\" content=\"2026-03-09T15:10:43+00:00\" \/>\n<meta name=\"twitter:card\" content=\"summary_large_image\" \/>\n<script type=\"application\/ld+json\" class=\"yoast-schema-graph\">{\"@context\":\"https:\\\/\\\/schema.org\",\"@graph\":[{\"@type\":\"WebPage\",\"@id\":\"https:\\\/\\\/www.belle-fontaine.ch\\\/de\\\/gesaessinjektionen\\\/\",\"url\":\"https:\\\/\\\/www.belle-fontaine.ch\\\/de\\\/gesaessinjektionen\\\/\",\"name\":\"Ges\u00e4\u00dfinjektionen - Clinique Bellefontaine\",\"isPartOf\":{\"@id\":\"https:\\\/\\\/www.belle-fontaine.ch\\\/fr\\\/#website\"},\"datePublished\":\"2025-01-28T20:25:22+00:00\",\"dateModified\":\"2026-03-09T15:10:43+00:00\",\"description\":\"Wie bekommt man ein straffes, wohlgeformtes Ges\u00e4\u00df? Die L\u00f6sung ist einfach und hei\u00dft Po-Lipofilling!\",\"breadcrumb\":{\"@id\":\"https:\\\/\\\/www.belle-fontaine.ch\\\/de\\\/gesaessinjektionen\\\/#breadcrumb\"},\"inLanguage\":\"de\",\"potentialAction\":[{\"@type\":\"ReadAction\",\"target\":[\"https:\\\/\\\/www.belle-fontaine.ch\\\/de\\\/gesaessinjektionen\\\/\"]}]},{\"@type\":\"BreadcrumbList\",\"@id\":\"https:\\\/\\\/www.belle-fontaine.ch\\\/de\\\/gesaessinjektionen\\\/#breadcrumb\",\"itemListElement\":[{\"@type\":\"ListItem\",\"position\":1,\"name\":\"Home\",\"item\":\"https:\\\/\\\/www.belle-fontaine.ch\\\/de\\\/\"},{\"@type\":\"ListItem\",\"position\":2,\"name\":\"Ges\u00e4\u00dfinjektionen\"}]},{\"@type\":\"WebSite\",\"@id\":\"https:\\\/\\\/www.belle-fontaine.ch\\\/fr\\\/#website\",\"url\":\"https:\\\/\\\/www.belle-fontaine.ch\\\/fr\\\/\",\"name\":\"BelleFontaine\",\"description\":\"\",\"potentialAction\":[{\"@type\":\"SearchAction\",\"target\":{\"@type\":\"EntryPoint\",\"urlTemplate\":\"https:\\\/\\\/www.belle-fontaine.ch\\\/fr\\\/?s={search_term_string}\"},\"query-input\":{\"@type\":\"PropertyValueSpecification\",\"valueRequired\":true,\"valueName\":\"search_term_string\"}}],\"inLanguage\":\"de\"}]}<\/script>\n<!-- \/ Yoast SEO plugin. -->","yoast_head_json":{"title":"Ges\u00e4\u00dfinjektionen - Clinique Bellefontaine","description":"Wie bekommt man ein straffes, wohlgeformtes Ges\u00e4\u00df? Die L\u00f6sung ist einfach und hei\u00dft Po-Lipofilling!","robots":{"index":"index","follow":"follow","max-snippet":"max-snippet:-1","max-image-preview":"max-image-preview:large","max-video-preview":"max-video-preview:-1"},"canonical":"https:\/\/www.belle-fontaine.ch\/de\/gesaessinjektionen\/","og_locale":"de_DE","og_type":"article","og_title":"Ges\u00e4\u00dfinjektionen - Clinique Bellefontaine","og_description":"Wie bekommt man ein straffes, wohlgeformtes Ges\u00e4\u00df? Die L\u00f6sung ist einfach und hei\u00dft Po-Lipofilling!","og_url":"https:\/\/www.belle-fontaine.ch\/de\/gesaessinjektionen\/","og_site_name":"Clinique Bellefontaine","article_modified_time":"2026-03-09T15:10:43+00:00","twitter_card":"summary_large_image","schema":{"@context":"https:\/\/schema.org","@graph":[{"@type":"WebPage","@id":"https:\/\/www.belle-fontaine.ch\/de\/gesaessinjektionen\/","url":"https:\/\/www.belle-fontaine.ch\/de\/gesaessinjektionen\/","name":"Ges\u00e4\u00dfinjektionen - Clinique Bellefontaine","isPartOf":{"@id":"https:\/\/www.belle-fontaine.ch\/fr\/#website"},"datePublished":"2025-01-28T20:25:22+00:00","dateModified":"2026-03-09T15:10:43+00:00","description":"Wie bekommt man ein straffes, wohlgeformtes Ges\u00e4\u00df? Die L\u00f6sung ist einfach und hei\u00dft Po-Lipofilling!","breadcrumb":{"@id":"https:\/\/www.belle-fontaine.ch\/de\/gesaessinjektionen\/#breadcrumb"},"inLanguage":"de","potentialAction":[{"@type":"ReadAction","target":["https:\/\/www.belle-fontaine.ch\/de\/gesaessinjektionen\/"]}]},{"@type":"BreadcrumbList","@id":"https:\/\/www.belle-fontaine.ch\/de\/gesaessinjektionen\/#breadcrumb","itemListElement":[{"@type":"ListItem","position":1,"name":"Home","item":"https:\/\/www.belle-fontaine.ch\/de\/"},{"@type":"ListItem","position":2,"name":"Ges\u00e4\u00dfinjektionen"}]},{"@type":"WebSite","@id":"https:\/\/www.belle-fontaine.ch\/fr\/#website","url":"https:\/\/www.belle-fontaine.ch\/fr\/","name":"BelleFontaine","description":"","potentialAction":[{"@type":"SearchAction","target":{"@type":"EntryPoint","urlTemplate":"https:\/\/www.belle-fontaine.ch\/fr\/?s={search_term_string}"},"query-input":{"@type":"PropertyValueSpecification","valueRequired":true,"valueName":"search_term_string"}}],"inLanguage":"de"}]}},"_links":{"self":[{"href":"https:\/\/www.belle-fontaine.ch\/de\/wp-json\/wp\/v2\/pages\/5019","targetHints":{"allow":["GET"]}}],"collection":[{"href":"https:\/\/www.belle-fontaine.ch\/de\/wp-json\/wp\/v2\/pages"}],"about":[{"href":"https:\/\/www.belle-fontaine.ch\/de\/wp-json\/wp\/v2\/types\/page"}],"author":[{"embeddable":true,"href":"https:\/\/www.belle-fontaine.ch\/de\/wp-json\/wp\/v2\/users\/3"}],"replies":[{"embeddable":true,"href":"https:\/\/www.belle-fontaine.ch\/de\/wp-json\/wp\/v2\/comments?post=5019"}],"version-history":[{"count":3,"href":"https:\/\/www.belle-fontaine.ch\/de\/wp-json\/wp\/v2\/pages\/5019\/revisions"}],"predecessor-version":[{"id":5755,"href":"https:\/\/www.belle-fontaine.ch\/de\/wp-json\/wp\/v2\/pages\/5019\/revisions\/5755"}],"wp:attachment":[{"href":"https:\/\/www.belle-fontaine.ch\/de\/wp-json\/wp\/v2\/media?parent=5019"}],"curies":[{"name":"wp","href":"https:\/\/api.w.org\/{rel}","templated":true}]}}