{"id":5026,"date":"2025-03-24T20:22:07","date_gmt":"2025-03-24T19:22:07","guid":{"rendered":"https:\/\/www.belle-fontaine.ch\/?page_id=5026"},"modified":"2026-03-09T16:10:47","modified_gmt":"2026-03-09T15:10:47","slug":"lipofilling-hip-dips","status":"publish","type":"page","link":"https:\/\/www.belle-fontaine.ch\/de\/lipofilling-hip-dips\/","title":{"rendered":"Lipofilling hip dips"},"content":{"rendered":"","protected":false},"excerpt":{"rendered":"","protected":false},"author":3,"featured_media":0,"parent":0,"menu_order":0,"comment_status":"open","ping_status":"closed","template":"","meta":{"_acf_changed":false,"footnotes":""},"class_list":["post-5026","page","type-page","status-publish","hentry"],"acf":[],"yoast_head":"<!-- This site is optimized with the Yoast SEO plugin v27.4 - https:\/\/yoast.com\/product\/yoast-seo-wordpress\/ -->\n<title>Lipofilling hip dips - Clinique Bellefontaine<\/title>\n<meta name=\"description\" content=\"Wenn wir eine Fettabsaugung an der H\u00fcfte oder den \u00e4u\u00dferen Oberschenkeln vornehmen, f\u00fchren wir regelm\u00e4\u00dfig ein Lipofilling des Hip Dips durch, falls dieser vorhanden ist. Dies hat den Vorteil, dass als Kontrast eine schlankere H\u00fcfte oder ein schlankerer Oberschenkel nach der Fettabsaugung entsteht.\" \/>\n<meta name=\"robots\" content=\"index, follow, max-snippet:-1, max-image-preview:large, max-video-preview:-1\" \/>\n<link rel=\"canonical\" href=\"https:\/\/www.belle-fontaine.ch\/de\/lipofilling-hip-dips\/\" \/>\n<meta property=\"og:locale\" content=\"de_DE\" \/>\n<meta property=\"og:type\" content=\"article\" \/>\n<meta property=\"og:title\" content=\"Lipofilling hip dips - Clinique Bellefontaine\" \/>\n<meta property=\"og:description\" content=\"Wenn wir eine Fettabsaugung an der H\u00fcfte oder den \u00e4u\u00dferen Oberschenkeln vornehmen, f\u00fchren wir regelm\u00e4\u00dfig ein Lipofilling des Hip Dips durch, falls dieser vorhanden ist. Dies hat den Vorteil, dass als Kontrast eine schlankere H\u00fcfte oder ein schlankerer Oberschenkel nach der Fettabsaugung entsteht.\" \/>\n<meta property=\"og:url\" content=\"https:\/\/www.belle-fontaine.ch\/de\/lipofilling-hip-dips\/\" \/>\n<meta property=\"og:site_name\" content=\"Clinique Bellefontaine\" \/>\n<meta property=\"article:modified_time\" content=\"2026-03-09T15:10:47+00:00\" \/>\n<meta name=\"twitter:card\" content=\"summary_large_image\" \/>\n<script type=\"application\/ld+json\" class=\"yoast-schema-graph\">{\"@context\":\"https:\\\/\\\/schema.org\",\"@graph\":[{\"@type\":\"WebPage\",\"@id\":\"https:\\\/\\\/www.belle-fontaine.ch\\\/de\\\/lipofilling-hip-dips\\\/\",\"url\":\"https:\\\/\\\/www.belle-fontaine.ch\\\/de\\\/lipofilling-hip-dips\\\/\",\"name\":\"Lipofilling hip dips - Clinique Bellefontaine\",\"isPartOf\":{\"@id\":\"https:\\\/\\\/www.belle-fontaine.ch\\\/fr\\\/#website\"},\"datePublished\":\"2025-03-24T19:22:07+00:00\",\"dateModified\":\"2026-03-09T15:10:47+00:00\",\"description\":\"Wenn wir eine Fettabsaugung an der H\u00fcfte oder den \u00e4u\u00dferen Oberschenkeln vornehmen, f\u00fchren wir regelm\u00e4\u00dfig ein Lipofilling des Hip Dips durch, falls dieser vorhanden ist. Dies hat den Vorteil, dass als Kontrast eine schlankere H\u00fcfte oder ein schlankerer Oberschenkel nach der Fettabsaugung entsteht.\",\"breadcrumb\":{\"@id\":\"https:\\\/\\\/www.belle-fontaine.ch\\\/de\\\/lipofilling-hip-dips\\\/#breadcrumb\"},\"inLanguage\":\"de\",\"potentialAction\":[{\"@type\":\"ReadAction\",\"target\":[\"https:\\\/\\\/www.belle-fontaine.ch\\\/de\\\/lipofilling-hip-dips\\\/\"]}]},{\"@type\":\"BreadcrumbList\",\"@id\":\"https:\\\/\\\/www.belle-fontaine.ch\\\/de\\\/lipofilling-hip-dips\\\/#breadcrumb\",\"itemListElement\":[{\"@type\":\"ListItem\",\"position\":1,\"name\":\"Home\",\"item\":\"https:\\\/\\\/www.belle-fontaine.ch\\\/de\\\/\"},{\"@type\":\"ListItem\",\"position\":2,\"name\":\"Lipofilling hip dips\"}]},{\"@type\":\"WebSite\",\"@id\":\"https:\\\/\\\/www.belle-fontaine.ch\\\/fr\\\/#website\",\"url\":\"https:\\\/\\\/www.belle-fontaine.ch\\\/fr\\\/\",\"name\":\"BelleFontaine\",\"description\":\"\",\"potentialAction\":[{\"@type\":\"SearchAction\",\"target\":{\"@type\":\"EntryPoint\",\"urlTemplate\":\"https:\\\/\\\/www.belle-fontaine.ch\\\/fr\\\/?s={search_term_string}\"},\"query-input\":{\"@type\":\"PropertyValueSpecification\",\"valueRequired\":true,\"valueName\":\"search_term_string\"}}],\"inLanguage\":\"de\"}]}<\/script>\n<!-- \/ Yoast SEO plugin. -->","yoast_head_json":{"title":"Lipofilling hip dips - Clinique Bellefontaine","description":"Wenn wir eine Fettabsaugung an der H\u00fcfte oder den \u00e4u\u00dferen Oberschenkeln vornehmen, f\u00fchren wir regelm\u00e4\u00dfig ein Lipofilling des Hip Dips durch, falls dieser vorhanden ist. Dies hat den Vorteil, dass als Kontrast eine schlankere H\u00fcfte oder ein schlankerer Oberschenkel nach der Fettabsaugung entsteht.","robots":{"index":"index","follow":"follow","max-snippet":"max-snippet:-1","max-image-preview":"max-image-preview:large","max-video-preview":"max-video-preview:-1"},"canonical":"https:\/\/www.belle-fontaine.ch\/de\/lipofilling-hip-dips\/","og_locale":"de_DE","og_type":"article","og_title":"Lipofilling hip dips - Clinique Bellefontaine","og_description":"Wenn wir eine Fettabsaugung an der H\u00fcfte oder den \u00e4u\u00dferen Oberschenkeln vornehmen, f\u00fchren wir regelm\u00e4\u00dfig ein Lipofilling des Hip Dips durch, falls dieser vorhanden ist. Dies hat den Vorteil, dass als Kontrast eine schlankere H\u00fcfte oder ein schlankerer Oberschenkel nach der Fettabsaugung entsteht.","og_url":"https:\/\/www.belle-fontaine.ch\/de\/lipofilling-hip-dips\/","og_site_name":"Clinique Bellefontaine","article_modified_time":"2026-03-09T15:10:47+00:00","twitter_card":"summary_large_image","schema":{"@context":"https:\/\/schema.org","@graph":[{"@type":"WebPage","@id":"https:\/\/www.belle-fontaine.ch\/de\/lipofilling-hip-dips\/","url":"https:\/\/www.belle-fontaine.ch\/de\/lipofilling-hip-dips\/","name":"Lipofilling hip dips - Clinique Bellefontaine","isPartOf":{"@id":"https:\/\/www.belle-fontaine.ch\/fr\/#website"},"datePublished":"2025-03-24T19:22:07+00:00","dateModified":"2026-03-09T15:10:47+00:00","description":"Wenn wir eine Fettabsaugung an der H\u00fcfte oder den \u00e4u\u00dferen Oberschenkeln vornehmen, f\u00fchren wir regelm\u00e4\u00dfig ein Lipofilling des Hip Dips durch, falls dieser vorhanden ist. Dies hat den Vorteil, dass als Kontrast eine schlankere H\u00fcfte oder ein schlankerer Oberschenkel nach der Fettabsaugung entsteht.","breadcrumb":{"@id":"https:\/\/www.belle-fontaine.ch\/de\/lipofilling-hip-dips\/#breadcrumb"},"inLanguage":"de","potentialAction":[{"@type":"ReadAction","target":["https:\/\/www.belle-fontaine.ch\/de\/lipofilling-hip-dips\/"]}]},{"@type":"BreadcrumbList","@id":"https:\/\/www.belle-fontaine.ch\/de\/lipofilling-hip-dips\/#breadcrumb","itemListElement":[{"@type":"ListItem","position":1,"name":"Home","item":"https:\/\/www.belle-fontaine.ch\/de\/"},{"@type":"ListItem","position":2,"name":"Lipofilling hip dips"}]},{"@type":"WebSite","@id":"https:\/\/www.belle-fontaine.ch\/fr\/#website","url":"https:\/\/www.belle-fontaine.ch\/fr\/","name":"BelleFontaine","description":"","potentialAction":[{"@type":"SearchAction","target":{"@type":"EntryPoint","urlTemplate":"https:\/\/www.belle-fontaine.ch\/fr\/?s={search_term_string}"},"query-input":{"@type":"PropertyValueSpecification","valueRequired":true,"valueName":"search_term_string"}}],"inLanguage":"de"}]}},"_links":{"self":[{"href":"https:\/\/www.belle-fontaine.ch\/de\/wp-json\/wp\/v2\/pages\/5026","targetHints":{"allow":["GET"]}}],"collection":[{"href":"https:\/\/www.belle-fontaine.ch\/de\/wp-json\/wp\/v2\/pages"}],"about":[{"href":"https:\/\/www.belle-fontaine.ch\/de\/wp-json\/wp\/v2\/types\/page"}],"author":[{"embeddable":true,"href":"https:\/\/www.belle-fontaine.ch\/de\/wp-json\/wp\/v2\/users\/3"}],"replies":[{"embeddable":true,"href":"https:\/\/www.belle-fontaine.ch\/de\/wp-json\/wp\/v2\/comments?post=5026"}],"version-history":[{"count":2,"href":"https:\/\/www.belle-fontaine.ch\/de\/wp-json\/wp\/v2\/pages\/5026\/revisions"}],"predecessor-version":[{"id":5553,"href":"https:\/\/www.belle-fontaine.ch\/de\/wp-json\/wp\/v2\/pages\/5026\/revisions\/5553"}],"wp:attachment":[{"href":"https:\/\/www.belle-fontaine.ch\/de\/wp-json\/wp\/v2\/media?parent=5026"}],"curies":[{"name":"wp","href":"https:\/\/api.w.org\/{rel}","templated":true}]}}