{"id":5053,"date":"2025-01-28T20:46:57","date_gmt":"2025-01-28T19:46:57","guid":{"rendered":"https:\/\/www.belle-fontaine.ch\/?page_id=5053"},"modified":"2026-03-09T16:10:42","modified_gmt":"2026-03-09T15:10:42","slug":"fettabsaugung-am-ruecken","status":"publish","type":"page","link":"https:\/\/www.belle-fontaine.ch\/de\/fettabsaugung-am-ruecken\/","title":{"rendered":"Fettabsaugung am r\u00fccken"},"content":{"rendered":"","protected":false},"excerpt":{"rendered":"","protected":false},"author":3,"featured_media":0,"parent":0,"menu_order":0,"comment_status":"open","ping_status":"closed","template":"","meta":{"_acf_changed":false,"footnotes":""},"class_list":["post-5053","page","type-page","status-publish","hentry"],"acf":[],"yoast_head":"<!-- This site is optimized with the Yoast SEO plugin v27.4 - https:\/\/yoast.com\/product\/yoast-seo-wordpress\/ -->\n<title>Fettabsaugung am r\u00fccken - Clinique Bellefontaine<\/title>\n<meta name=\"description\" content=\"Die Fettabsaugung am R\u00fccken ist ein h\u00e4ufig durchgef\u00fchrter Eingriff zur Entfernung oder Verringerung von Fettp\u00f6lsterchen am R\u00fccken, die auch als \u201eAngel Wings\u201c oder Engelsfl\u00fcgel bezeichnet werden.\" \/>\n<meta name=\"robots\" content=\"index, follow, max-snippet:-1, max-image-preview:large, max-video-preview:-1\" \/>\n<link rel=\"canonical\" href=\"https:\/\/www.belle-fontaine.ch\/de\/fettabsaugung-am-ruecken\/\" \/>\n<meta property=\"og:locale\" content=\"de_DE\" \/>\n<meta property=\"og:type\" content=\"article\" \/>\n<meta property=\"og:title\" content=\"Fettabsaugung am r\u00fccken - Clinique Bellefontaine\" \/>\n<meta property=\"og:description\" content=\"Die Fettabsaugung am R\u00fccken ist ein h\u00e4ufig durchgef\u00fchrter Eingriff zur Entfernung oder Verringerung von Fettp\u00f6lsterchen am R\u00fccken, die auch als \u201eAngel Wings\u201c oder Engelsfl\u00fcgel bezeichnet werden.\" \/>\n<meta property=\"og:url\" content=\"https:\/\/www.belle-fontaine.ch\/de\/fettabsaugung-am-ruecken\/\" \/>\n<meta property=\"og:site_name\" content=\"Clinique Bellefontaine\" \/>\n<meta property=\"article:modified_time\" content=\"2026-03-09T15:10:42+00:00\" \/>\n<meta name=\"twitter:card\" content=\"summary_large_image\" \/>\n<script type=\"application\/ld+json\" class=\"yoast-schema-graph\">{\"@context\":\"https:\\\/\\\/schema.org\",\"@graph\":[{\"@type\":\"WebPage\",\"@id\":\"https:\\\/\\\/www.belle-fontaine.ch\\\/de\\\/fettabsaugung-am-ruecken\\\/\",\"url\":\"https:\\\/\\\/www.belle-fontaine.ch\\\/de\\\/fettabsaugung-am-ruecken\\\/\",\"name\":\"Fettabsaugung am r\u00fccken - Clinique Bellefontaine\",\"isPartOf\":{\"@id\":\"https:\\\/\\\/www.belle-fontaine.ch\\\/fr\\\/#website\"},\"datePublished\":\"2025-01-28T19:46:57+00:00\",\"dateModified\":\"2026-03-09T15:10:42+00:00\",\"description\":\"Die Fettabsaugung am R\u00fccken ist ein h\u00e4ufig durchgef\u00fchrter Eingriff zur Entfernung oder Verringerung von Fettp\u00f6lsterchen am R\u00fccken, die auch als \u201eAngel Wings\u201c oder Engelsfl\u00fcgel bezeichnet werden.\",\"breadcrumb\":{\"@id\":\"https:\\\/\\\/www.belle-fontaine.ch\\\/de\\\/fettabsaugung-am-ruecken\\\/#breadcrumb\"},\"inLanguage\":\"de\",\"potentialAction\":[{\"@type\":\"ReadAction\",\"target\":[\"https:\\\/\\\/www.belle-fontaine.ch\\\/de\\\/fettabsaugung-am-ruecken\\\/\"]}]},{\"@type\":\"BreadcrumbList\",\"@id\":\"https:\\\/\\\/www.belle-fontaine.ch\\\/de\\\/fettabsaugung-am-ruecken\\\/#breadcrumb\",\"itemListElement\":[{\"@type\":\"ListItem\",\"position\":1,\"name\":\"Home\",\"item\":\"https:\\\/\\\/www.belle-fontaine.ch\\\/de\\\/\"},{\"@type\":\"ListItem\",\"position\":2,\"name\":\"Fettabsaugung am r\u00fccken\"}]},{\"@type\":\"WebSite\",\"@id\":\"https:\\\/\\\/www.belle-fontaine.ch\\\/fr\\\/#website\",\"url\":\"https:\\\/\\\/www.belle-fontaine.ch\\\/fr\\\/\",\"name\":\"BelleFontaine\",\"description\":\"\",\"potentialAction\":[{\"@type\":\"SearchAction\",\"target\":{\"@type\":\"EntryPoint\",\"urlTemplate\":\"https:\\\/\\\/www.belle-fontaine.ch\\\/fr\\\/?s={search_term_string}\"},\"query-input\":{\"@type\":\"PropertyValueSpecification\",\"valueRequired\":true,\"valueName\":\"search_term_string\"}}],\"inLanguage\":\"de\"}]}<\/script>\n<!-- \/ Yoast SEO plugin. -->","yoast_head_json":{"title":"Fettabsaugung am r\u00fccken - Clinique Bellefontaine","description":"Die Fettabsaugung am R\u00fccken ist ein h\u00e4ufig durchgef\u00fchrter Eingriff zur Entfernung oder Verringerung von Fettp\u00f6lsterchen am R\u00fccken, die auch als \u201eAngel Wings\u201c oder Engelsfl\u00fcgel bezeichnet werden.","robots":{"index":"index","follow":"follow","max-snippet":"max-snippet:-1","max-image-preview":"max-image-preview:large","max-video-preview":"max-video-preview:-1"},"canonical":"https:\/\/www.belle-fontaine.ch\/de\/fettabsaugung-am-ruecken\/","og_locale":"de_DE","og_type":"article","og_title":"Fettabsaugung am r\u00fccken - Clinique Bellefontaine","og_description":"Die Fettabsaugung am R\u00fccken ist ein h\u00e4ufig durchgef\u00fchrter Eingriff zur Entfernung oder Verringerung von Fettp\u00f6lsterchen am R\u00fccken, die auch als \u201eAngel Wings\u201c oder Engelsfl\u00fcgel bezeichnet werden.","og_url":"https:\/\/www.belle-fontaine.ch\/de\/fettabsaugung-am-ruecken\/","og_site_name":"Clinique Bellefontaine","article_modified_time":"2026-03-09T15:10:42+00:00","twitter_card":"summary_large_image","schema":{"@context":"https:\/\/schema.org","@graph":[{"@type":"WebPage","@id":"https:\/\/www.belle-fontaine.ch\/de\/fettabsaugung-am-ruecken\/","url":"https:\/\/www.belle-fontaine.ch\/de\/fettabsaugung-am-ruecken\/","name":"Fettabsaugung am r\u00fccken - Clinique Bellefontaine","isPartOf":{"@id":"https:\/\/www.belle-fontaine.ch\/fr\/#website"},"datePublished":"2025-01-28T19:46:57+00:00","dateModified":"2026-03-09T15:10:42+00:00","description":"Die Fettabsaugung am R\u00fccken ist ein h\u00e4ufig durchgef\u00fchrter Eingriff zur Entfernung oder Verringerung von Fettp\u00f6lsterchen am R\u00fccken, die auch als \u201eAngel Wings\u201c oder Engelsfl\u00fcgel bezeichnet werden.","breadcrumb":{"@id":"https:\/\/www.belle-fontaine.ch\/de\/fettabsaugung-am-ruecken\/#breadcrumb"},"inLanguage":"de","potentialAction":[{"@type":"ReadAction","target":["https:\/\/www.belle-fontaine.ch\/de\/fettabsaugung-am-ruecken\/"]}]},{"@type":"BreadcrumbList","@id":"https:\/\/www.belle-fontaine.ch\/de\/fettabsaugung-am-ruecken\/#breadcrumb","itemListElement":[{"@type":"ListItem","position":1,"name":"Home","item":"https:\/\/www.belle-fontaine.ch\/de\/"},{"@type":"ListItem","position":2,"name":"Fettabsaugung am r\u00fccken"}]},{"@type":"WebSite","@id":"https:\/\/www.belle-fontaine.ch\/fr\/#website","url":"https:\/\/www.belle-fontaine.ch\/fr\/","name":"BelleFontaine","description":"","potentialAction":[{"@type":"SearchAction","target":{"@type":"EntryPoint","urlTemplate":"https:\/\/www.belle-fontaine.ch\/fr\/?s={search_term_string}"},"query-input":{"@type":"PropertyValueSpecification","valueRequired":true,"valueName":"search_term_string"}}],"inLanguage":"de"}]}},"_links":{"self":[{"href":"https:\/\/www.belle-fontaine.ch\/de\/wp-json\/wp\/v2\/pages\/5053","targetHints":{"allow":["GET"]}}],"collection":[{"href":"https:\/\/www.belle-fontaine.ch\/de\/wp-json\/wp\/v2\/pages"}],"about":[{"href":"https:\/\/www.belle-fontaine.ch\/de\/wp-json\/wp\/v2\/types\/page"}],"author":[{"embeddable":true,"href":"https:\/\/www.belle-fontaine.ch\/de\/wp-json\/wp\/v2\/users\/3"}],"replies":[{"embeddable":true,"href":"https:\/\/www.belle-fontaine.ch\/de\/wp-json\/wp\/v2\/comments?post=5053"}],"version-history":[{"count":4,"href":"https:\/\/www.belle-fontaine.ch\/de\/wp-json\/wp\/v2\/pages\/5053\/revisions"}],"predecessor-version":[{"id":5596,"href":"https:\/\/www.belle-fontaine.ch\/de\/wp-json\/wp\/v2\/pages\/5053\/revisions\/5596"}],"wp:attachment":[{"href":"https:\/\/www.belle-fontaine.ch\/de\/wp-json\/wp\/v2\/media?parent=5053"}],"curies":[{"name":"wp","href":"https:\/\/api.w.org\/{rel}","templated":true}]}}