{"id":5070,"date":"2025-01-30T17:13:32","date_gmt":"2025-01-30T16:13:32","guid":{"rendered":"https:\/\/www.belle-fontaine.ch\/?page_id=5070"},"modified":"2026-03-09T16:10:40","modified_gmt":"2026-03-09T15:10:40","slug":"cookie-richtlinie-eu","status":"publish","type":"page","link":"https:\/\/www.belle-fontaine.ch\/de\/cookie-richtlinie-eu\/","title":{"rendered":"COOKIE-RICHTLINIE (EU)"},"content":{"rendered":"","protected":false},"excerpt":{"rendered":"","protected":false},"author":3,"featured_media":0,"parent":0,"menu_order":0,"comment_status":"closed","ping_status":"closed","template":"","meta":{"_acf_changed":false,"footnotes":""},"class_list":["post-5070","page","type-page","status-publish","hentry"],"acf":[],"yoast_head":"<!-- This site is optimized with the Yoast SEO plugin v27.4 - https:\/\/yoast.com\/product\/yoast-seo-wordpress\/ -->\n<title>COOKIE-RICHTLINIE (EU) - Clinique Bellefontaine<\/title>\n<meta name=\"description\" content=\"Diese Cookie-Richtlinie wurde zuletzt am 11. M\u00e4rz 2024 aktualisiert und gilt f\u00fcr B\u00fcrger und Personen mit rechtm\u00e4\u00dfigem Wohnsitz im Europ\u00e4ischen Wirtschaftsraum und in der Schweiz.\" \/>\n<meta name=\"robots\" content=\"index, follow, max-snippet:-1, max-image-preview:large, max-video-preview:-1\" \/>\n<link rel=\"canonical\" href=\"https:\/\/www.belle-fontaine.ch\/de\/cookie-richtlinie-eu\/\" \/>\n<meta property=\"og:locale\" content=\"de_DE\" \/>\n<meta property=\"og:type\" content=\"article\" \/>\n<meta property=\"og:title\" content=\"COOKIE-RICHTLINIE (EU) - Clinique Bellefontaine\" \/>\n<meta property=\"og:description\" content=\"Diese Cookie-Richtlinie wurde zuletzt am 11. M\u00e4rz 2024 aktualisiert und gilt f\u00fcr B\u00fcrger und Personen mit rechtm\u00e4\u00dfigem Wohnsitz im Europ\u00e4ischen Wirtschaftsraum und in der Schweiz.\" \/>\n<meta property=\"og:url\" content=\"https:\/\/www.belle-fontaine.ch\/de\/cookie-richtlinie-eu\/\" \/>\n<meta property=\"og:site_name\" content=\"Clinique Bellefontaine\" \/>\n<meta property=\"article:modified_time\" content=\"2026-03-09T15:10:40+00:00\" \/>\n<meta name=\"twitter:card\" content=\"summary_large_image\" \/>\n<script type=\"application\/ld+json\" class=\"yoast-schema-graph\">{\"@context\":\"https:\\\/\\\/schema.org\",\"@graph\":[{\"@type\":\"WebPage\",\"@id\":\"https:\\\/\\\/www.belle-fontaine.ch\\\/de\\\/cookie-richtlinie-eu\\\/\",\"url\":\"https:\\\/\\\/www.belle-fontaine.ch\\\/de\\\/cookie-richtlinie-eu\\\/\",\"name\":\"COOKIE-RICHTLINIE (EU) - Clinique Bellefontaine\",\"isPartOf\":{\"@id\":\"https:\\\/\\\/www.belle-fontaine.ch\\\/fr\\\/#website\"},\"datePublished\":\"2025-01-30T16:13:32+00:00\",\"dateModified\":\"2026-03-09T15:10:40+00:00\",\"description\":\"Diese Cookie-Richtlinie wurde zuletzt am 11. M\u00e4rz 2024 aktualisiert und gilt f\u00fcr B\u00fcrger und Personen mit rechtm\u00e4\u00dfigem Wohnsitz im Europ\u00e4ischen Wirtschaftsraum und in der Schweiz.\",\"breadcrumb\":{\"@id\":\"https:\\\/\\\/www.belle-fontaine.ch\\\/de\\\/cookie-richtlinie-eu\\\/#breadcrumb\"},\"inLanguage\":\"de\",\"potentialAction\":[{\"@type\":\"ReadAction\",\"target\":[\"https:\\\/\\\/www.belle-fontaine.ch\\\/de\\\/cookie-richtlinie-eu\\\/\"]}]},{\"@type\":\"BreadcrumbList\",\"@id\":\"https:\\\/\\\/www.belle-fontaine.ch\\\/de\\\/cookie-richtlinie-eu\\\/#breadcrumb\",\"itemListElement\":[{\"@type\":\"ListItem\",\"position\":1,\"name\":\"Home\",\"item\":\"https:\\\/\\\/www.belle-fontaine.ch\\\/de\\\/\"},{\"@type\":\"ListItem\",\"position\":2,\"name\":\"COOKIE-RICHTLINIE (EU)\"}]},{\"@type\":\"WebSite\",\"@id\":\"https:\\\/\\\/www.belle-fontaine.ch\\\/fr\\\/#website\",\"url\":\"https:\\\/\\\/www.belle-fontaine.ch\\\/fr\\\/\",\"name\":\"BelleFontaine\",\"description\":\"\",\"potentialAction\":[{\"@type\":\"SearchAction\",\"target\":{\"@type\":\"EntryPoint\",\"urlTemplate\":\"https:\\\/\\\/www.belle-fontaine.ch\\\/fr\\\/?s={search_term_string}\"},\"query-input\":{\"@type\":\"PropertyValueSpecification\",\"valueRequired\":true,\"valueName\":\"search_term_string\"}}],\"inLanguage\":\"de\"}]}<\/script>\n<!-- \/ Yoast SEO plugin. -->","yoast_head_json":{"title":"COOKIE-RICHTLINIE (EU) - Clinique Bellefontaine","description":"Diese Cookie-Richtlinie wurde zuletzt am 11. M\u00e4rz 2024 aktualisiert und gilt f\u00fcr B\u00fcrger und Personen mit rechtm\u00e4\u00dfigem Wohnsitz im Europ\u00e4ischen Wirtschaftsraum und in der Schweiz.","robots":{"index":"index","follow":"follow","max-snippet":"max-snippet:-1","max-image-preview":"max-image-preview:large","max-video-preview":"max-video-preview:-1"},"canonical":"https:\/\/www.belle-fontaine.ch\/de\/cookie-richtlinie-eu\/","og_locale":"de_DE","og_type":"article","og_title":"COOKIE-RICHTLINIE (EU) - Clinique Bellefontaine","og_description":"Diese Cookie-Richtlinie wurde zuletzt am 11. M\u00e4rz 2024 aktualisiert und gilt f\u00fcr B\u00fcrger und Personen mit rechtm\u00e4\u00dfigem Wohnsitz im Europ\u00e4ischen Wirtschaftsraum und in der Schweiz.","og_url":"https:\/\/www.belle-fontaine.ch\/de\/cookie-richtlinie-eu\/","og_site_name":"Clinique Bellefontaine","article_modified_time":"2026-03-09T15:10:40+00:00","twitter_card":"summary_large_image","schema":{"@context":"https:\/\/schema.org","@graph":[{"@type":"WebPage","@id":"https:\/\/www.belle-fontaine.ch\/de\/cookie-richtlinie-eu\/","url":"https:\/\/www.belle-fontaine.ch\/de\/cookie-richtlinie-eu\/","name":"COOKIE-RICHTLINIE (EU) - Clinique Bellefontaine","isPartOf":{"@id":"https:\/\/www.belle-fontaine.ch\/fr\/#website"},"datePublished":"2025-01-30T16:13:32+00:00","dateModified":"2026-03-09T15:10:40+00:00","description":"Diese Cookie-Richtlinie wurde zuletzt am 11. M\u00e4rz 2024 aktualisiert und gilt f\u00fcr B\u00fcrger und Personen mit rechtm\u00e4\u00dfigem Wohnsitz im Europ\u00e4ischen Wirtschaftsraum und in der Schweiz.","breadcrumb":{"@id":"https:\/\/www.belle-fontaine.ch\/de\/cookie-richtlinie-eu\/#breadcrumb"},"inLanguage":"de","potentialAction":[{"@type":"ReadAction","target":["https:\/\/www.belle-fontaine.ch\/de\/cookie-richtlinie-eu\/"]}]},{"@type":"BreadcrumbList","@id":"https:\/\/www.belle-fontaine.ch\/de\/cookie-richtlinie-eu\/#breadcrumb","itemListElement":[{"@type":"ListItem","position":1,"name":"Home","item":"https:\/\/www.belle-fontaine.ch\/de\/"},{"@type":"ListItem","position":2,"name":"COOKIE-RICHTLINIE (EU)"}]},{"@type":"WebSite","@id":"https:\/\/www.belle-fontaine.ch\/fr\/#website","url":"https:\/\/www.belle-fontaine.ch\/fr\/","name":"BelleFontaine","description":"","potentialAction":[{"@type":"SearchAction","target":{"@type":"EntryPoint","urlTemplate":"https:\/\/www.belle-fontaine.ch\/fr\/?s={search_term_string}"},"query-input":{"@type":"PropertyValueSpecification","valueRequired":true,"valueName":"search_term_string"}}],"inLanguage":"de"}]}},"_links":{"self":[{"href":"https:\/\/www.belle-fontaine.ch\/de\/wp-json\/wp\/v2\/pages\/5070","targetHints":{"allow":["GET"]}}],"collection":[{"href":"https:\/\/www.belle-fontaine.ch\/de\/wp-json\/wp\/v2\/pages"}],"about":[{"href":"https:\/\/www.belle-fontaine.ch\/de\/wp-json\/wp\/v2\/types\/page"}],"author":[{"embeddable":true,"href":"https:\/\/www.belle-fontaine.ch\/de\/wp-json\/wp\/v2\/users\/3"}],"replies":[{"embeddable":true,"href":"https:\/\/www.belle-fontaine.ch\/de\/wp-json\/wp\/v2\/comments?post=5070"}],"version-history":[{"count":2,"href":"https:\/\/www.belle-fontaine.ch\/de\/wp-json\/wp\/v2\/pages\/5070\/revisions"}],"predecessor-version":[{"id":5254,"href":"https:\/\/www.belle-fontaine.ch\/de\/wp-json\/wp\/v2\/pages\/5070\/revisions\/5254"}],"wp:attachment":[{"href":"https:\/\/www.belle-fontaine.ch\/de\/wp-json\/wp\/v2\/media?parent=5070"}],"curies":[{"name":"wp","href":"https:\/\/api.w.org\/{rel}","templated":true}]}}