{"id":18,"date":"2024-12-16T10:10:09","date_gmt":"2024-12-16T09:10:09","guid":{"rendered":"http:\/\/bellefontaine.test\/?page_id=18"},"modified":"2026-03-09T16:09:20","modified_gmt":"2026-03-09T15:09:20","slug":"accueil","status":"publish","type":"page","link":"https:\/\/www.belle-fontaine.ch\/fr\/","title":{"rendered":"Accueil"},"content":{"rendered":"","protected":false},"excerpt":{"rendered":"","protected":false},"author":3,"featured_media":0,"parent":0,"menu_order":0,"comment_status":"open","ping_status":"closed","template":"","meta":{"_acf_changed":false,"footnotes":""},"class_list":["post-18","page","type-page","status-publish","hentry"],"acf":[],"yoast_head":"<!-- This site is optimized with the Yoast SEO plugin v27.5 - https:\/\/yoast.com\/product\/yoast-seo-wordpress\/ -->\n<title>Clinique Bellefontaine | M\u00e9decine et chirurgie esth\u00e9tique | Lausanne<\/title>\n<meta name=\"description\" content=\"Le Docteur Yann Favre vous re\u00e7oit au sein d&#039;un \u00e9tablissement offrant des services \u00e0 la pointe de la technologie dans le domaine de la chirurgie plastique et de la m\u00e9decine esth\u00e9tique. D\u00e9couvrez la clinique Bellefontaine de Lausanne.\" \/>\n<meta name=\"robots\" content=\"index, follow, max-snippet:-1, max-image-preview:large, max-video-preview:-1\" \/>\n<link rel=\"canonical\" href=\"https:\/\/www.belle-fontaine.ch\/fr\/\" \/>\n<meta property=\"og:locale\" content=\"fr_FR\" \/>\n<meta property=\"og:type\" content=\"article\" \/>\n<meta property=\"og:title\" content=\"Clinique Bellefontaine | M\u00e9decine et chirurgie esth\u00e9tique | Lausanne\" \/>\n<meta property=\"og:description\" content=\"Le Docteur Yann Favre vous re\u00e7oit au sein d&#039;un \u00e9tablissement offrant des services \u00e0 la pointe de la technologie dans le domaine de la chirurgie plastique et de la m\u00e9decine esth\u00e9tique. D\u00e9couvrez la clinique Bellefontaine de Lausanne.\" \/>\n<meta property=\"og:url\" content=\"https:\/\/www.belle-fontaine.ch\/fr\/\" \/>\n<meta property=\"og:site_name\" content=\"Clinique Bellefontaine\" \/>\n<meta property=\"article:modified_time\" content=\"2026-03-09T15:09:20+00:00\" \/>\n<meta name=\"twitter:card\" content=\"summary_large_image\" \/>\n<script type=\"application\/ld+json\" class=\"yoast-schema-graph\">{\"@context\":\"https:\\\/\\\/schema.org\",\"@graph\":[{\"@type\":\"WebPage\",\"@id\":\"https:\\\/\\\/www.belle-fontaine.ch\\\/fr\\\/\",\"url\":\"https:\\\/\\\/www.belle-fontaine.ch\\\/fr\\\/\",\"name\":\"Clinique Bellefontaine | M\u00e9decine et chirurgie esth\u00e9tique | Lausanne\",\"isPartOf\":{\"@id\":\"https:\\\/\\\/www.belle-fontaine.ch\\\/fr\\\/#website\"},\"datePublished\":\"2024-12-16T09:10:09+00:00\",\"dateModified\":\"2026-03-09T15:09:20+00:00\",\"description\":\"Le Docteur Yann Favre vous re\u00e7oit au sein d'un \u00e9tablissement offrant des services \u00e0 la pointe de la technologie dans le domaine de la chirurgie plastique et de la m\u00e9decine esth\u00e9tique. D\u00e9couvrez la clinique Bellefontaine de Lausanne.\",\"breadcrumb\":{\"@id\":\"https:\\\/\\\/www.belle-fontaine.ch\\\/fr\\\/#breadcrumb\"},\"inLanguage\":\"fr-FR\",\"potentialAction\":[{\"@type\":\"ReadAction\",\"target\":[\"https:\\\/\\\/www.belle-fontaine.ch\\\/fr\\\/\"]}]},{\"@type\":\"BreadcrumbList\",\"@id\":\"https:\\\/\\\/www.belle-fontaine.ch\\\/fr\\\/#breadcrumb\",\"itemListElement\":[{\"@type\":\"ListItem\",\"position\":1,\"name\":\"Home\",\"item\":\"https:\\\/\\\/www.belle-fontaine.ch\\\/fr\\\/\"},{\"@type\":\"ListItem\",\"position\":2,\"name\":\"Accueil\"}]},{\"@type\":\"WebSite\",\"@id\":\"https:\\\/\\\/www.belle-fontaine.ch\\\/fr\\\/#website\",\"url\":\"https:\\\/\\\/www.belle-fontaine.ch\\\/fr\\\/\",\"name\":\"BelleFontaine\",\"description\":\"\",\"potentialAction\":[{\"@type\":\"SearchAction\",\"target\":{\"@type\":\"EntryPoint\",\"urlTemplate\":\"https:\\\/\\\/www.belle-fontaine.ch\\\/fr\\\/?s={search_term_string}\"},\"query-input\":{\"@type\":\"PropertyValueSpecification\",\"valueRequired\":true,\"valueName\":\"search_term_string\"}}],\"inLanguage\":\"fr-FR\"}]}<\/script>\n<!-- \/ Yoast SEO plugin. -->","yoast_head_json":{"title":"Clinique Bellefontaine | M\u00e9decine et chirurgie esth\u00e9tique | Lausanne","description":"Le Docteur Yann Favre vous re\u00e7oit au sein d'un \u00e9tablissement offrant des services \u00e0 la pointe de la technologie dans le domaine de la chirurgie plastique et de la m\u00e9decine esth\u00e9tique. D\u00e9couvrez la clinique Bellefontaine de Lausanne.","robots":{"index":"index","follow":"follow","max-snippet":"max-snippet:-1","max-image-preview":"max-image-preview:large","max-video-preview":"max-video-preview:-1"},"canonical":"https:\/\/www.belle-fontaine.ch\/fr\/","og_locale":"fr_FR","og_type":"article","og_title":"Clinique Bellefontaine | M\u00e9decine et chirurgie esth\u00e9tique | Lausanne","og_description":"Le Docteur Yann Favre vous re\u00e7oit au sein d'un \u00e9tablissement offrant des services \u00e0 la pointe de la technologie dans le domaine de la chirurgie plastique et de la m\u00e9decine esth\u00e9tique. D\u00e9couvrez la clinique Bellefontaine de Lausanne.","og_url":"https:\/\/www.belle-fontaine.ch\/fr\/","og_site_name":"Clinique Bellefontaine","article_modified_time":"2026-03-09T15:09:20+00:00","twitter_card":"summary_large_image","schema":{"@context":"https:\/\/schema.org","@graph":[{"@type":"WebPage","@id":"https:\/\/www.belle-fontaine.ch\/fr\/","url":"https:\/\/www.belle-fontaine.ch\/fr\/","name":"Clinique Bellefontaine | M\u00e9decine et chirurgie esth\u00e9tique | Lausanne","isPartOf":{"@id":"https:\/\/www.belle-fontaine.ch\/fr\/#website"},"datePublished":"2024-12-16T09:10:09+00:00","dateModified":"2026-03-09T15:09:20+00:00","description":"Le Docteur Yann Favre vous re\u00e7oit au sein d'un \u00e9tablissement offrant des services \u00e0 la pointe de la technologie dans le domaine de la chirurgie plastique et de la m\u00e9decine esth\u00e9tique. D\u00e9couvrez la clinique Bellefontaine de Lausanne.","breadcrumb":{"@id":"https:\/\/www.belle-fontaine.ch\/fr\/#breadcrumb"},"inLanguage":"fr-FR","potentialAction":[{"@type":"ReadAction","target":["https:\/\/www.belle-fontaine.ch\/fr\/"]}]},{"@type":"BreadcrumbList","@id":"https:\/\/www.belle-fontaine.ch\/fr\/#breadcrumb","itemListElement":[{"@type":"ListItem","position":1,"name":"Home","item":"https:\/\/www.belle-fontaine.ch\/fr\/"},{"@type":"ListItem","position":2,"name":"Accueil"}]},{"@type":"WebSite","@id":"https:\/\/www.belle-fontaine.ch\/fr\/#website","url":"https:\/\/www.belle-fontaine.ch\/fr\/","name":"BelleFontaine","description":"","potentialAction":[{"@type":"SearchAction","target":{"@type":"EntryPoint","urlTemplate":"https:\/\/www.belle-fontaine.ch\/fr\/?s={search_term_string}"},"query-input":{"@type":"PropertyValueSpecification","valueRequired":true,"valueName":"search_term_string"}}],"inLanguage":"fr-FR"}]}},"_links":{"self":[{"href":"https:\/\/www.belle-fontaine.ch\/fr\/wp-json\/wp\/v2\/pages\/18","targetHints":{"allow":["GET"]}}],"collection":[{"href":"https:\/\/www.belle-fontaine.ch\/fr\/wp-json\/wp\/v2\/pages"}],"about":[{"href":"https:\/\/www.belle-fontaine.ch\/fr\/wp-json\/wp\/v2\/types\/page"}],"author":[{"embeddable":true,"href":"https:\/\/www.belle-fontaine.ch\/fr\/wp-json\/wp\/v2\/users\/3"}],"replies":[{"embeddable":true,"href":"https:\/\/www.belle-fontaine.ch\/fr\/wp-json\/wp\/v2\/comments?post=18"}],"version-history":[{"count":2,"href":"https:\/\/www.belle-fontaine.ch\/fr\/wp-json\/wp\/v2\/pages\/18\/revisions"}],"predecessor-version":[{"id":5937,"href":"https:\/\/www.belle-fontaine.ch\/fr\/wp-json\/wp\/v2\/pages\/18\/revisions\/5937"}],"wp:attachment":[{"href":"https:\/\/www.belle-fontaine.ch\/fr\/wp-json\/wp\/v2\/media?parent=18"}],"curies":[{"name":"wp","href":"https:\/\/api.w.org\/{rel}","templated":true}]}}