{"id":239,"date":"2025-01-23T17:48:50","date_gmt":"2025-01-23T16:48:50","guid":{"rendered":"https:\/\/www.belle-fontaine.ch\/?page_id=239"},"modified":"2026-03-09T16:09:26","modified_gmt":"2026-03-09T15:09:26","slug":"impressum","status":"publish","type":"page","link":"https:\/\/www.belle-fontaine.ch\/fr\/impressum\/","title":{"rendered":"Impressum"},"content":{"rendered":"","protected":false},"excerpt":{"rendered":"","protected":false},"author":3,"featured_media":0,"parent":0,"menu_order":0,"comment_status":"closed","ping_status":"closed","template":"","meta":{"_acf_changed":false,"footnotes":""},"class_list":["post-239","page","type-page","status-publish","hentry"],"acf":[],"yoast_head":"<!-- This site is optimized with the Yoast SEO plugin v27.5 - https:\/\/yoast.com\/product\/yoast-seo-wordpress\/ -->\n<title>Impressum | Chirurgie esth\u00e9tique | Clinique Bellefontaine | Dr Favre<\/title>\n<meta name=\"description\" content=\"Consultez les mentions l\u00e9gales et prenez connaissance des donn\u00e9es que nous collectons via le site internet de la clinique Bellefontaine de Lausanne, Vaud, \u00e9tablissement sp\u00e9cialis\u00e9 en m\u00e9decine esth\u00e9tique et chirurgie esth\u00e9tique\" \/>\n<meta name=\"robots\" content=\"index, follow, max-snippet:-1, max-image-preview:large, max-video-preview:-1\" \/>\n<link rel=\"canonical\" href=\"https:\/\/www.belle-fontaine.ch\/fr\/impressum\/\" \/>\n<meta property=\"og:locale\" content=\"fr_FR\" \/>\n<meta property=\"og:type\" content=\"article\" \/>\n<meta property=\"og:title\" content=\"Impressum | Chirurgie esth\u00e9tique | Clinique Bellefontaine | Dr Favre\" \/>\n<meta property=\"og:description\" content=\"Consultez les mentions l\u00e9gales et prenez connaissance des donn\u00e9es que nous collectons via le site internet de la clinique Bellefontaine de Lausanne, Vaud, \u00e9tablissement sp\u00e9cialis\u00e9 en m\u00e9decine esth\u00e9tique et chirurgie esth\u00e9tique\" \/>\n<meta property=\"og:url\" content=\"https:\/\/www.belle-fontaine.ch\/fr\/impressum\/\" \/>\n<meta property=\"og:site_name\" content=\"Clinique Bellefontaine\" \/>\n<meta property=\"article:modified_time\" content=\"2026-03-09T15:09:26+00:00\" \/>\n<meta name=\"twitter:card\" content=\"summary_large_image\" \/>\n<script type=\"application\/ld+json\" class=\"yoast-schema-graph\">{\"@context\":\"https:\\\/\\\/schema.org\",\"@graph\":[{\"@type\":\"WebPage\",\"@id\":\"https:\\\/\\\/www.belle-fontaine.ch\\\/fr\\\/impressum\\\/\",\"url\":\"https:\\\/\\\/www.belle-fontaine.ch\\\/fr\\\/impressum\\\/\",\"name\":\"Impressum | Chirurgie esth\u00e9tique | Clinique Bellefontaine | Dr Favre\",\"isPartOf\":{\"@id\":\"https:\\\/\\\/www.belle-fontaine.ch\\\/fr\\\/#website\"},\"datePublished\":\"2025-01-23T16:48:50+00:00\",\"dateModified\":\"2026-03-09T15:09:26+00:00\",\"description\":\"Consultez les mentions l\u00e9gales et prenez connaissance des donn\u00e9es que nous collectons via le site internet de la clinique Bellefontaine de Lausanne, Vaud, \u00e9tablissement sp\u00e9cialis\u00e9 en m\u00e9decine esth\u00e9tique et chirurgie esth\u00e9tique\",\"breadcrumb\":{\"@id\":\"https:\\\/\\\/www.belle-fontaine.ch\\\/fr\\\/impressum\\\/#breadcrumb\"},\"inLanguage\":\"fr-FR\",\"potentialAction\":[{\"@type\":\"ReadAction\",\"target\":[\"https:\\\/\\\/www.belle-fontaine.ch\\\/fr\\\/impressum\\\/\"]}]},{\"@type\":\"BreadcrumbList\",\"@id\":\"https:\\\/\\\/www.belle-fontaine.ch\\\/fr\\\/impressum\\\/#breadcrumb\",\"itemListElement\":[{\"@type\":\"ListItem\",\"position\":1,\"name\":\"Home\",\"item\":\"https:\\\/\\\/www.belle-fontaine.ch\\\/fr\\\/\"},{\"@type\":\"ListItem\",\"position\":2,\"name\":\"Impressum\"}]},{\"@type\":\"WebSite\",\"@id\":\"https:\\\/\\\/www.belle-fontaine.ch\\\/fr\\\/#website\",\"url\":\"https:\\\/\\\/www.belle-fontaine.ch\\\/fr\\\/\",\"name\":\"BelleFontaine\",\"description\":\"\",\"potentialAction\":[{\"@type\":\"SearchAction\",\"target\":{\"@type\":\"EntryPoint\",\"urlTemplate\":\"https:\\\/\\\/www.belle-fontaine.ch\\\/fr\\\/?s={search_term_string}\"},\"query-input\":{\"@type\":\"PropertyValueSpecification\",\"valueRequired\":true,\"valueName\":\"search_term_string\"}}],\"inLanguage\":\"fr-FR\"}]}<\/script>\n<!-- \/ Yoast SEO plugin. -->","yoast_head_json":{"title":"Impressum | Chirurgie esth\u00e9tique | Clinique Bellefontaine | Dr Favre","description":"Consultez les mentions l\u00e9gales et prenez connaissance des donn\u00e9es que nous collectons via le site internet de la clinique Bellefontaine de Lausanne, Vaud, \u00e9tablissement sp\u00e9cialis\u00e9 en m\u00e9decine esth\u00e9tique et chirurgie esth\u00e9tique","robots":{"index":"index","follow":"follow","max-snippet":"max-snippet:-1","max-image-preview":"max-image-preview:large","max-video-preview":"max-video-preview:-1"},"canonical":"https:\/\/www.belle-fontaine.ch\/fr\/impressum\/","og_locale":"fr_FR","og_type":"article","og_title":"Impressum | Chirurgie esth\u00e9tique | Clinique Bellefontaine | Dr Favre","og_description":"Consultez les mentions l\u00e9gales et prenez connaissance des donn\u00e9es que nous collectons via le site internet de la clinique Bellefontaine de Lausanne, Vaud, \u00e9tablissement sp\u00e9cialis\u00e9 en m\u00e9decine esth\u00e9tique et chirurgie esth\u00e9tique","og_url":"https:\/\/www.belle-fontaine.ch\/fr\/impressum\/","og_site_name":"Clinique Bellefontaine","article_modified_time":"2026-03-09T15:09:26+00:00","twitter_card":"summary_large_image","schema":{"@context":"https:\/\/schema.org","@graph":[{"@type":"WebPage","@id":"https:\/\/www.belle-fontaine.ch\/fr\/impressum\/","url":"https:\/\/www.belle-fontaine.ch\/fr\/impressum\/","name":"Impressum | Chirurgie esth\u00e9tique | Clinique Bellefontaine | Dr Favre","isPartOf":{"@id":"https:\/\/www.belle-fontaine.ch\/fr\/#website"},"datePublished":"2025-01-23T16:48:50+00:00","dateModified":"2026-03-09T15:09:26+00:00","description":"Consultez les mentions l\u00e9gales et prenez connaissance des donn\u00e9es que nous collectons via le site internet de la clinique Bellefontaine de Lausanne, Vaud, \u00e9tablissement sp\u00e9cialis\u00e9 en m\u00e9decine esth\u00e9tique et chirurgie esth\u00e9tique","breadcrumb":{"@id":"https:\/\/www.belle-fontaine.ch\/fr\/impressum\/#breadcrumb"},"inLanguage":"fr-FR","potentialAction":[{"@type":"ReadAction","target":["https:\/\/www.belle-fontaine.ch\/fr\/impressum\/"]}]},{"@type":"BreadcrumbList","@id":"https:\/\/www.belle-fontaine.ch\/fr\/impressum\/#breadcrumb","itemListElement":[{"@type":"ListItem","position":1,"name":"Home","item":"https:\/\/www.belle-fontaine.ch\/fr\/"},{"@type":"ListItem","position":2,"name":"Impressum"}]},{"@type":"WebSite","@id":"https:\/\/www.belle-fontaine.ch\/fr\/#website","url":"https:\/\/www.belle-fontaine.ch\/fr\/","name":"BelleFontaine","description":"","potentialAction":[{"@type":"SearchAction","target":{"@type":"EntryPoint","urlTemplate":"https:\/\/www.belle-fontaine.ch\/fr\/?s={search_term_string}"},"query-input":{"@type":"PropertyValueSpecification","valueRequired":true,"valueName":"search_term_string"}}],"inLanguage":"fr-FR"}]}},"_links":{"self":[{"href":"https:\/\/www.belle-fontaine.ch\/fr\/wp-json\/wp\/v2\/pages\/239","targetHints":{"allow":["GET"]}}],"collection":[{"href":"https:\/\/www.belle-fontaine.ch\/fr\/wp-json\/wp\/v2\/pages"}],"about":[{"href":"https:\/\/www.belle-fontaine.ch\/fr\/wp-json\/wp\/v2\/types\/page"}],"author":[{"embeddable":true,"href":"https:\/\/www.belle-fontaine.ch\/fr\/wp-json\/wp\/v2\/users\/3"}],"replies":[{"embeddable":true,"href":"https:\/\/www.belle-fontaine.ch\/fr\/wp-json\/wp\/v2\/comments?post=239"}],"version-history":[{"count":3,"href":"https:\/\/www.belle-fontaine.ch\/fr\/wp-json\/wp\/v2\/pages\/239\/revisions"}],"predecessor-version":[{"id":5029,"href":"https:\/\/www.belle-fontaine.ch\/fr\/wp-json\/wp\/v2\/pages\/239\/revisions\/5029"}],"wp:attachment":[{"href":"https:\/\/www.belle-fontaine.ch\/fr\/wp-json\/wp\/v2\/media?parent=239"}],"curies":[{"name":"wp","href":"https:\/\/api.w.org\/{rel}","templated":true}]}}