{"id":3685,"date":"2025-02-27T18:29:27","date_gmt":"2025-02-27T17:29:27","guid":{"rendered":"https:\/\/www.belle-fontaine.ch\/?page_id=3685"},"modified":"2026-03-09T16:09:25","modified_gmt":"2026-03-09T15:09:25","slug":"transpiration-excessive","status":"publish","type":"page","link":"https:\/\/www.belle-fontaine.ch\/fr\/transpiration-excessive\/","title":{"rendered":"Hyperhidrose"},"content":{"rendered":"","protected":false},"excerpt":{"rendered":"","protected":false},"author":3,"featured_media":0,"parent":0,"menu_order":0,"comment_status":"closed","ping_status":"closed","template":"","meta":{"_acf_changed":false,"footnotes":""},"class_list":["post-3685","page","type-page","status-publish","hentry"],"acf":[],"yoast_head":"<!-- This site is optimized with the Yoast SEO plugin v27.4 - https:\/\/yoast.com\/product\/yoast-seo-wordpress\/ -->\n<title>Traitement de l&#039;hyperhidrose ou transpiration excessive \u00e0 Lausanne<\/title>\n<meta name=\"description\" content=\"L&#039;hyperhidrose entra\u00eene une g\u00eane majeure dans la vie quotidienne Traiter la transpiration excessive sans chirurgie, c&#039;est possible D\u00e9couvrez les tarifs de l&#039;injection toxine botulique contre l&#039;hyperhidrose \u00e0 la clinique Bellefontaine de Lausanne, Vaud\" \/>\n<meta name=\"robots\" content=\"index, follow, max-snippet:-1, max-image-preview:large, max-video-preview:-1\" \/>\n<link rel=\"canonical\" href=\"https:\/\/www.belle-fontaine.ch\/fr\/transpiration-excessive\/\" \/>\n<meta property=\"og:locale\" content=\"fr_FR\" \/>\n<meta property=\"og:type\" content=\"article\" \/>\n<meta property=\"og:title\" content=\"Traitement de l&#039;hyperhidrose ou transpiration excessive \u00e0 Lausanne\" \/>\n<meta property=\"og:description\" content=\"L&#039;hyperhidrose entra\u00eene une g\u00eane majeure dans la vie quotidienne Traiter la transpiration excessive sans chirurgie, c&#039;est possible D\u00e9couvrez les tarifs de l&#039;injection toxine botulique contre l&#039;hyperhidrose \u00e0 la clinique Bellefontaine de Lausanne, Vaud\" \/>\n<meta property=\"og:url\" content=\"https:\/\/www.belle-fontaine.ch\/fr\/transpiration-excessive\/\" \/>\n<meta property=\"og:site_name\" content=\"Clinique Bellefontaine\" \/>\n<meta property=\"article:modified_time\" content=\"2026-03-09T15:09:25+00:00\" \/>\n<meta name=\"twitter:card\" content=\"summary_large_image\" \/>\n<script type=\"application\/ld+json\" class=\"yoast-schema-graph\">{\"@context\":\"https:\\\/\\\/schema.org\",\"@graph\":[{\"@type\":\"WebPage\",\"@id\":\"https:\\\/\\\/www.belle-fontaine.ch\\\/fr\\\/transpiration-excessive\\\/\",\"url\":\"https:\\\/\\\/www.belle-fontaine.ch\\\/fr\\\/transpiration-excessive\\\/\",\"name\":\"Traitement de l'hyperhidrose ou transpiration excessive \u00e0 Lausanne\",\"isPartOf\":{\"@id\":\"https:\\\/\\\/www.belle-fontaine.ch\\\/fr\\\/#website\"},\"datePublished\":\"2025-02-27T17:29:27+00:00\",\"dateModified\":\"2026-03-09T15:09:25+00:00\",\"description\":\"L'hyperhidrose entra\u00eene une g\u00eane majeure dans la vie quotidienne Traiter la transpiration excessive sans chirurgie, c'est possible D\u00e9couvrez les tarifs de l'injection toxine botulique contre l'hyperhidrose \u00e0 la clinique Bellefontaine de Lausanne, Vaud\",\"breadcrumb\":{\"@id\":\"https:\\\/\\\/www.belle-fontaine.ch\\\/fr\\\/transpiration-excessive\\\/#breadcrumb\"},\"inLanguage\":\"fr-FR\",\"potentialAction\":[{\"@type\":\"ReadAction\",\"target\":[\"https:\\\/\\\/www.belle-fontaine.ch\\\/fr\\\/transpiration-excessive\\\/\"]}]},{\"@type\":\"BreadcrumbList\",\"@id\":\"https:\\\/\\\/www.belle-fontaine.ch\\\/fr\\\/transpiration-excessive\\\/#breadcrumb\",\"itemListElement\":[{\"@type\":\"ListItem\",\"position\":1,\"name\":\"Home\",\"item\":\"https:\\\/\\\/www.belle-fontaine.ch\\\/fr\\\/\"},{\"@type\":\"ListItem\",\"position\":2,\"name\":\"Hyperhidrose\"}]},{\"@type\":\"WebSite\",\"@id\":\"https:\\\/\\\/www.belle-fontaine.ch\\\/fr\\\/#website\",\"url\":\"https:\\\/\\\/www.belle-fontaine.ch\\\/fr\\\/\",\"name\":\"BelleFontaine\",\"description\":\"\",\"potentialAction\":[{\"@type\":\"SearchAction\",\"target\":{\"@type\":\"EntryPoint\",\"urlTemplate\":\"https:\\\/\\\/www.belle-fontaine.ch\\\/fr\\\/?s={search_term_string}\"},\"query-input\":{\"@type\":\"PropertyValueSpecification\",\"valueRequired\":true,\"valueName\":\"search_term_string\"}}],\"inLanguage\":\"fr-FR\"}]}<\/script>\n<!-- \/ Yoast SEO plugin. -->","yoast_head_json":{"title":"Traitement de l'hyperhidrose ou transpiration excessive \u00e0 Lausanne","description":"L'hyperhidrose entra\u00eene une g\u00eane majeure dans la vie quotidienne Traiter la transpiration excessive sans chirurgie, c'est possible D\u00e9couvrez les tarifs de l'injection toxine botulique contre l'hyperhidrose \u00e0 la clinique Bellefontaine de Lausanne, Vaud","robots":{"index":"index","follow":"follow","max-snippet":"max-snippet:-1","max-image-preview":"max-image-preview:large","max-video-preview":"max-video-preview:-1"},"canonical":"https:\/\/www.belle-fontaine.ch\/fr\/transpiration-excessive\/","og_locale":"fr_FR","og_type":"article","og_title":"Traitement de l'hyperhidrose ou transpiration excessive \u00e0 Lausanne","og_description":"L'hyperhidrose entra\u00eene une g\u00eane majeure dans la vie quotidienne Traiter la transpiration excessive sans chirurgie, c'est possible D\u00e9couvrez les tarifs de l'injection toxine botulique contre l'hyperhidrose \u00e0 la clinique Bellefontaine de Lausanne, Vaud","og_url":"https:\/\/www.belle-fontaine.ch\/fr\/transpiration-excessive\/","og_site_name":"Clinique Bellefontaine","article_modified_time":"2026-03-09T15:09:25+00:00","twitter_card":"summary_large_image","schema":{"@context":"https:\/\/schema.org","@graph":[{"@type":"WebPage","@id":"https:\/\/www.belle-fontaine.ch\/fr\/transpiration-excessive\/","url":"https:\/\/www.belle-fontaine.ch\/fr\/transpiration-excessive\/","name":"Traitement de l'hyperhidrose ou transpiration excessive \u00e0 Lausanne","isPartOf":{"@id":"https:\/\/www.belle-fontaine.ch\/fr\/#website"},"datePublished":"2025-02-27T17:29:27+00:00","dateModified":"2026-03-09T15:09:25+00:00","description":"L'hyperhidrose entra\u00eene une g\u00eane majeure dans la vie quotidienne Traiter la transpiration excessive sans chirurgie, c'est possible D\u00e9couvrez les tarifs de l'injection toxine botulique contre l'hyperhidrose \u00e0 la clinique Bellefontaine de Lausanne, Vaud","breadcrumb":{"@id":"https:\/\/www.belle-fontaine.ch\/fr\/transpiration-excessive\/#breadcrumb"},"inLanguage":"fr-FR","potentialAction":[{"@type":"ReadAction","target":["https:\/\/www.belle-fontaine.ch\/fr\/transpiration-excessive\/"]}]},{"@type":"BreadcrumbList","@id":"https:\/\/www.belle-fontaine.ch\/fr\/transpiration-excessive\/#breadcrumb","itemListElement":[{"@type":"ListItem","position":1,"name":"Home","item":"https:\/\/www.belle-fontaine.ch\/fr\/"},{"@type":"ListItem","position":2,"name":"Hyperhidrose"}]},{"@type":"WebSite","@id":"https:\/\/www.belle-fontaine.ch\/fr\/#website","url":"https:\/\/www.belle-fontaine.ch\/fr\/","name":"BelleFontaine","description":"","potentialAction":[{"@type":"SearchAction","target":{"@type":"EntryPoint","urlTemplate":"https:\/\/www.belle-fontaine.ch\/fr\/?s={search_term_string}"},"query-input":{"@type":"PropertyValueSpecification","valueRequired":true,"valueName":"search_term_string"}}],"inLanguage":"fr-FR"}]}},"_links":{"self":[{"href":"https:\/\/www.belle-fontaine.ch\/fr\/wp-json\/wp\/v2\/pages\/3685","targetHints":{"allow":["GET"]}}],"collection":[{"href":"https:\/\/www.belle-fontaine.ch\/fr\/wp-json\/wp\/v2\/pages"}],"about":[{"href":"https:\/\/www.belle-fontaine.ch\/fr\/wp-json\/wp\/v2\/types\/page"}],"author":[{"embeddable":true,"href":"https:\/\/www.belle-fontaine.ch\/fr\/wp-json\/wp\/v2\/users\/3"}],"replies":[{"embeddable":true,"href":"https:\/\/www.belle-fontaine.ch\/fr\/wp-json\/wp\/v2\/comments?post=3685"}],"version-history":[{"count":4,"href":"https:\/\/www.belle-fontaine.ch\/fr\/wp-json\/wp\/v2\/pages\/3685\/revisions"}],"predecessor-version":[{"id":5121,"href":"https:\/\/www.belle-fontaine.ch\/fr\/wp-json\/wp\/v2\/pages\/3685\/revisions\/5121"}],"wp:attachment":[{"href":"https:\/\/www.belle-fontaine.ch\/fr\/wp-json\/wp\/v2\/media?parent=3685"}],"curies":[{"name":"wp","href":"https:\/\/api.w.org\/{rel}","templated":true}]}}