{"id":541,"date":"2025-01-28T12:22:21","date_gmt":"2025-01-28T11:22:21","guid":{"rendered":"https:\/\/www.belle-fontaine.ch\/?page_id=541"},"modified":"2026-03-20T17:12:03","modified_gmt":"2026-03-20T16:12:03","slug":"renuvion","status":"publish","type":"page","link":"https:\/\/www.belle-fontaine.ch\/fr\/renuvion\/","title":{"rendered":"Renuvion"},"content":{"rendered":"","protected":false},"excerpt":{"rendered":"","protected":false},"author":3,"featured_media":0,"parent":0,"menu_order":0,"comment_status":"open","ping_status":"closed","template":"","meta":{"_acf_changed":false,"footnotes":""},"class_list":["post-541","page","type-page","status-publish","hentry"],"acf":[],"yoast_head":"<!-- This site is optimized with the Yoast SEO plugin v27.4 - https:\/\/yoast.com\/product\/yoast-seo-wordpress\/ -->\n<title>J-Plasma Renuvion : lifting sans cicatrice \u00e0 Lausanne | Clinique Bellefontaine<\/title>\n<meta name=\"description\" content=\"Avec l\u2019\u00e2ge, notre peau perd de son \u00e9lasticit\u00e9. Apr\u00e8s des grossesses ou apr\u00e8s de fortes variations de poids et parfois m\u00eame apr\u00e8s avoir eu recours \u00e0 une liposuccion, la peau peut commencer \u00e0 se rel\u00e2cher.\" \/>\n<meta name=\"robots\" content=\"index, follow, max-snippet:-1, max-image-preview:large, max-video-preview:-1\" \/>\n<link rel=\"canonical\" href=\"https:\/\/www.belle-fontaine.ch\/fr\/renuvion\/\" \/>\n<meta property=\"og:locale\" content=\"fr_FR\" \/>\n<meta property=\"og:type\" content=\"article\" \/>\n<meta property=\"og:title\" content=\"J-Plasma Renuvion : lifting sans cicatrice \u00e0 Lausanne | Clinique Bellefontaine\" \/>\n<meta property=\"og:description\" content=\"Avec l\u2019\u00e2ge, notre peau perd de son \u00e9lasticit\u00e9. Apr\u00e8s des grossesses ou apr\u00e8s de fortes variations de poids et parfois m\u00eame apr\u00e8s avoir eu recours \u00e0 une liposuccion, la peau peut commencer \u00e0 se rel\u00e2cher.\" \/>\n<meta property=\"og:url\" content=\"https:\/\/www.belle-fontaine.ch\/fr\/renuvion\/\" \/>\n<meta property=\"og:site_name\" content=\"Clinique Bellefontaine\" \/>\n<meta property=\"article:modified_time\" content=\"2026-03-20T16:12:03+00:00\" \/>\n<meta name=\"twitter:card\" content=\"summary_large_image\" \/>\n<script type=\"application\/ld+json\" class=\"yoast-schema-graph\">{\"@context\":\"https:\\\/\\\/schema.org\",\"@graph\":[{\"@type\":\"WebPage\",\"@id\":\"https:\\\/\\\/www.belle-fontaine.ch\\\/fr\\\/renuvion\\\/\",\"url\":\"https:\\\/\\\/www.belle-fontaine.ch\\\/fr\\\/renuvion\\\/\",\"name\":\"J-Plasma Renuvion : lifting sans cicatrice \u00e0 Lausanne | Clinique Bellefontaine\",\"isPartOf\":{\"@id\":\"https:\\\/\\\/www.belle-fontaine.ch\\\/fr\\\/#website\"},\"datePublished\":\"2025-01-28T11:22:21+00:00\",\"dateModified\":\"2026-03-20T16:12:03+00:00\",\"description\":\"Avec l\u2019\u00e2ge, notre peau perd de son \u00e9lasticit\u00e9. Apr\u00e8s des grossesses ou apr\u00e8s de fortes variations de poids et parfois m\u00eame apr\u00e8s avoir eu recours \u00e0 une liposuccion, la peau peut commencer \u00e0 se rel\u00e2cher.\",\"breadcrumb\":{\"@id\":\"https:\\\/\\\/www.belle-fontaine.ch\\\/fr\\\/renuvion\\\/#breadcrumb\"},\"inLanguage\":\"fr-FR\",\"potentialAction\":[{\"@type\":\"ReadAction\",\"target\":[\"https:\\\/\\\/www.belle-fontaine.ch\\\/fr\\\/renuvion\\\/\"]}]},{\"@type\":\"BreadcrumbList\",\"@id\":\"https:\\\/\\\/www.belle-fontaine.ch\\\/fr\\\/renuvion\\\/#breadcrumb\",\"itemListElement\":[{\"@type\":\"ListItem\",\"position\":1,\"name\":\"Home\",\"item\":\"https:\\\/\\\/www.belle-fontaine.ch\\\/fr\\\/\"},{\"@type\":\"ListItem\",\"position\":2,\"name\":\"Renuvion\"}]},{\"@type\":\"WebSite\",\"@id\":\"https:\\\/\\\/www.belle-fontaine.ch\\\/fr\\\/#website\",\"url\":\"https:\\\/\\\/www.belle-fontaine.ch\\\/fr\\\/\",\"name\":\"BelleFontaine\",\"description\":\"\",\"potentialAction\":[{\"@type\":\"SearchAction\",\"target\":{\"@type\":\"EntryPoint\",\"urlTemplate\":\"https:\\\/\\\/www.belle-fontaine.ch\\\/fr\\\/?s={search_term_string}\"},\"query-input\":{\"@type\":\"PropertyValueSpecification\",\"valueRequired\":true,\"valueName\":\"search_term_string\"}}],\"inLanguage\":\"fr-FR\"}]}<\/script>\n<!-- \/ Yoast SEO plugin. -->","yoast_head_json":{"title":"J-Plasma Renuvion : lifting sans cicatrice \u00e0 Lausanne | Clinique Bellefontaine","description":"Avec l\u2019\u00e2ge, notre peau perd de son \u00e9lasticit\u00e9. Apr\u00e8s des grossesses ou apr\u00e8s de fortes variations de poids et parfois m\u00eame apr\u00e8s avoir eu recours \u00e0 une liposuccion, la peau peut commencer \u00e0 se rel\u00e2cher.","robots":{"index":"index","follow":"follow","max-snippet":"max-snippet:-1","max-image-preview":"max-image-preview:large","max-video-preview":"max-video-preview:-1"},"canonical":"https:\/\/www.belle-fontaine.ch\/fr\/renuvion\/","og_locale":"fr_FR","og_type":"article","og_title":"J-Plasma Renuvion : lifting sans cicatrice \u00e0 Lausanne | Clinique Bellefontaine","og_description":"Avec l\u2019\u00e2ge, notre peau perd de son \u00e9lasticit\u00e9. Apr\u00e8s des grossesses ou apr\u00e8s de fortes variations de poids et parfois m\u00eame apr\u00e8s avoir eu recours \u00e0 une liposuccion, la peau peut commencer \u00e0 se rel\u00e2cher.","og_url":"https:\/\/www.belle-fontaine.ch\/fr\/renuvion\/","og_site_name":"Clinique Bellefontaine","article_modified_time":"2026-03-20T16:12:03+00:00","twitter_card":"summary_large_image","schema":{"@context":"https:\/\/schema.org","@graph":[{"@type":"WebPage","@id":"https:\/\/www.belle-fontaine.ch\/fr\/renuvion\/","url":"https:\/\/www.belle-fontaine.ch\/fr\/renuvion\/","name":"J-Plasma Renuvion : lifting sans cicatrice \u00e0 Lausanne | Clinique Bellefontaine","isPartOf":{"@id":"https:\/\/www.belle-fontaine.ch\/fr\/#website"},"datePublished":"2025-01-28T11:22:21+00:00","dateModified":"2026-03-20T16:12:03+00:00","description":"Avec l\u2019\u00e2ge, notre peau perd de son \u00e9lasticit\u00e9. Apr\u00e8s des grossesses ou apr\u00e8s de fortes variations de poids et parfois m\u00eame apr\u00e8s avoir eu recours \u00e0 une liposuccion, la peau peut commencer \u00e0 se rel\u00e2cher.","breadcrumb":{"@id":"https:\/\/www.belle-fontaine.ch\/fr\/renuvion\/#breadcrumb"},"inLanguage":"fr-FR","potentialAction":[{"@type":"ReadAction","target":["https:\/\/www.belle-fontaine.ch\/fr\/renuvion\/"]}]},{"@type":"BreadcrumbList","@id":"https:\/\/www.belle-fontaine.ch\/fr\/renuvion\/#breadcrumb","itemListElement":[{"@type":"ListItem","position":1,"name":"Home","item":"https:\/\/www.belle-fontaine.ch\/fr\/"},{"@type":"ListItem","position":2,"name":"Renuvion"}]},{"@type":"WebSite","@id":"https:\/\/www.belle-fontaine.ch\/fr\/#website","url":"https:\/\/www.belle-fontaine.ch\/fr\/","name":"BelleFontaine","description":"","potentialAction":[{"@type":"SearchAction","target":{"@type":"EntryPoint","urlTemplate":"https:\/\/www.belle-fontaine.ch\/fr\/?s={search_term_string}"},"query-input":{"@type":"PropertyValueSpecification","valueRequired":true,"valueName":"search_term_string"}}],"inLanguage":"fr-FR"}]}},"_links":{"self":[{"href":"https:\/\/www.belle-fontaine.ch\/fr\/wp-json\/wp\/v2\/pages\/541","targetHints":{"allow":["GET"]}}],"collection":[{"href":"https:\/\/www.belle-fontaine.ch\/fr\/wp-json\/wp\/v2\/pages"}],"about":[{"href":"https:\/\/www.belle-fontaine.ch\/fr\/wp-json\/wp\/v2\/types\/page"}],"author":[{"embeddable":true,"href":"https:\/\/www.belle-fontaine.ch\/fr\/wp-json\/wp\/v2\/users\/3"}],"replies":[{"embeddable":true,"href":"https:\/\/www.belle-fontaine.ch\/fr\/wp-json\/wp\/v2\/comments?post=541"}],"version-history":[{"count":4,"href":"https:\/\/www.belle-fontaine.ch\/fr\/wp-json\/wp\/v2\/pages\/541\/revisions"}],"predecessor-version":[{"id":6839,"href":"https:\/\/www.belle-fontaine.ch\/fr\/wp-json\/wp\/v2\/pages\/541\/revisions\/6839"}],"wp:attachment":[{"href":"https:\/\/www.belle-fontaine.ch\/fr\/wp-json\/wp\/v2\/media?parent=541"}],"curies":[{"name":"wp","href":"https:\/\/api.w.org\/{rel}","templated":true}]}}