{"id":551,"date":"2025-01-28T12:25:11","date_gmt":"2025-01-28T11:25:11","guid":{"rendered":"https:\/\/www.belle-fontaine.ch\/?page_id=551"},"modified":"2026-03-09T16:09:23","modified_gmt":"2026-03-09T15:09:23","slug":"contact","status":"publish","type":"page","link":"https:\/\/www.belle-fontaine.ch\/fr\/contact\/","title":{"rendered":"Contact"},"content":{"rendered":"<noscript class=\"ninja-forms-noscript-message\">\n\tRemarque\u00a0: JavaScript est requis pour ce contenu.<\/noscript>\n<div id=\"nf-form-2-cont\" class=\"nf-form-cont\" aria-live=\"polite\" aria-labelledby=\"nf-form-title-2\" aria-describedby=\"nf-form-errors-2\" role=\"form\">\n\n    <div class=\"nf-loading-spinner\"><\/div>\n\n<\/div>\n        <!-- That data is being printed as a workaround to page builders reordering the order of the scripts loaded-->\n        <script>var formDisplay=1;var nfForms=nfForms||[];var form=[];form.id='2';form.settings={\"objectType\":\"Form Setting\",\"editActive\":true,\"title\":\"Contact - FR\",\"created_at\":\"2018-12-13 18:15:45\",\"form_title\":\"Contact - FR\",\"default_label_pos\":\"above\",\"show_title\":\"0\",\"clear_complete\":\"1\",\"hide_complete\":\"0\",\"logged_in\":\"0\",\"key\":\"contact-form-en\",\"currency\":\"usd\",\"wrapper_class\":\"\",\"element_class\":\"\",\"add_submit\":\"0\",\"not_logged_in_msg\":\"\",\"sub_limit_number\":\"\",\"sub_limit_msg\":\"\",\"fieldContentsData\":\"\",\"unique_field_error\":\"Un formulaire avec cette valeur a d\\u00e9j\\u00e0 \\u00e9t\\u00e9 soumis.\",\"calculations\":[],\"formContentData\":[\"prenom_1703287707919\",\"nom_de_famille_1703287719606\",\"courriel_1703287727657\",\"telephone_1703287738038\",\"a_quelle_heure_etes-vous_joignable_1703287749619\",\"message_1703287762129\",\"spam_1776158289916\",\"selectionner_et_telecharger_les_photos_1703287771265\",\"j_accepte_que_le_site_utilise_ces_informations_pour_repondre_a_ma_demande_1703287813844\",\"envoyer_1704273192848\",\"type_formulaire_1763632694988\",\"gclid_1763631335785\",\"url_site_1769695761761\"],\"changeEmailErrorMsg\":\"Veuillez saisir une adresse \\u00e9lectronique valide ! \",\"changeDateErrorMsg\":\"Veuillez saisir une date valide ! \",\"confirmFieldErrorMsg\":\"Ces champs doivent correspondre ! \",\"fieldNumberNumMinError\":\"Nombre Min Erreur\",\"fieldNumberNumMaxError\":\"Nombre Max Erreur\",\"fieldNumberIncrementBy\":\"S&#039;il vous pla\\u00eet, incr\\u00e9mentez par\",\"formErrorsCorrectErrors\":\"Veuillez corriger les erreurs avant de soumettre ce formulaire.\",\"validateRequiredField\":\"Ceci est un champ obligatoire.\",\"honeypotHoneypotError\":\"Erreur Honeypot\",\"fieldsMarkedRequired\":\"Les champs marqu\\u00e9s d&#039;un * sont obligatoires\",\"drawerDisabled\":false,\"conditions\":[],\"form_title_heading_level\":\"3\",\"manual_key\":\"1\",\"allow_public_link\":0,\"embed_form\":\"\",\"objectDomain\":\"display\",\"ninjaForms\":\"Ninja Forms\",\"fieldTextareaRTEInsertLink\":\"Ins\\u00e9rer un lien\",\"fieldTextareaRTEInsertMedia\":\"Ins\\u00e9rer un m\\u00e9dia\",\"fieldTextareaRTESelectAFile\":\"S\\u00e9lectionnez un fichier\",\"tableInsertRowAbove\":\"Insert Row Above\",\"tableInsertRowBelow\":\"Insert Row Below\",\"tableInsertColumnLeft\":\"Insert Column Left\",\"tableInsertColumnRight\":\"Insert Column Right\",\"tableDeleteRow\":\"Delete Row\",\"tableDeleteColumn\":\"Delete Column\",\"tableDeleteTable\":\"Delete Table\",\"tableLegacyNotice\":\"This content has tables in the old editor format. Custom styles are preserved until converted. Editing will update to the new format.\",\"tableLegacyConvert\":\"Convert Now\",\"tableInsertTable\":\"Insert Table\",\"dismiss\":\"Ignorer\",\"insertLink\":\"Ins\\u00e9rer un lien\",\"formHoneypot\":\"Si vous \\u00eates un \\u00eatre humain et que vous voyez ce champ, veuillez le laisser vide.\",\"fileUploadOldCodeFileUploadInProgress\":\"T\\u00e9l\\u00e9versement du fichier en cours.\",\"fileUploadOldCodeFileUpload\":\"T\\u00c9L\\u00c9VERSEMENT DE FICHIER\",\"currencySymbol\":\"&#36;\",\"thousands_sep\":\"\\u00a0\",\"decimal_point\":\",\",\"siteLocale\":\"fr_FR\",\"dateFormat\":\"m\\\/d\\\/Y\",\"startOfWeek\":\"1\",\"of\":\"sur\",\"previousMonth\":\"Mois pr\\u00e9c\\u00e9dent\",\"nextMonth\":\"Mois suivant\",\"months\":[\"Janvier\",\"F\\u00e9vrier\",\"Mars\",\"Avril\",\"Mai\",\"Juin\",\"Juillet\",\"Ao\\u00fbt\",\"Septembre\",\"Octobre\",\"Novembre\",\"D\\u00e9cembre\"],\"monthsShort\":[\"Jan\",\"F\\u00e9v\",\"Mar\",\"Avr\",\"Mai\",\"Juin\",\"Juil\",\"Ao\\u00fb\",\"Sep\",\"Oct\",\"Nov\",\"D\\u00e9c\"],\"weekdays\":[\"Dimanche\",\"Lundi\",\"Mardi\",\"Mercredi\",\"Jeudi\",\"Vendredi\",\"Samedi\"],\"weekdaysShort\":[\"Dim\",\"Lun\",\"Mar\",\"Mer\",\"Jeu\",\"Ven\",\"Sam\"],\"weekdaysMin\":[\"Di\",\"Lu\",\"Ma\",\"Me\",\"Je\",\"Ve\",\"Sa\"],\"recaptchaConsentMissing\":\"reCaptcha validation couldn&#039;t load.\",\"recaptchaMissingCookie\":\"reCaptcha v3 validation couldn&#039;t load the cookie needed to submit the form.\",\"recaptchaConsentEvent\":\"Accept reCaptcha cookies before sending the form.\",\"currency_symbol\":\"\",\"beforeForm\":\"\",\"beforeFields\":\"\",\"afterFields\":\"\",\"afterForm\":\"\"};form.fields=[{\"objectType\":\"Field\",\"objectDomain\":\"fields\",\"editActive\":false,\"order\":1,\"idAttribute\":\"id\",\"label_pos\":\"above\",\"required\":1,\"default\":\"\",\"placeholder\":\"\",\"container_class\":\"one-half first\",\"element_class\":\"\",\"admin_label\":\"\",\"help_text\":\"\",\"desc_text\":\"\",\"desc_pos\":\"\",\"label\":\"Pr\\u00e9nom\",\"key\":\"prenom_1703287707919\",\"type\":\"firstname\",\"created_at\":\"2018-10-29 10:50:01\",\"custom_name_attribute\":\"fname\",\"personally_identifiable\":1,\"value\":\"\",\"field_label\":\"Pr\\u00e9nom\",\"field_key\":\"prenom_1703287707919\",\"drawerDisabled\":\"\",\"id\":5,\"beforeField\":\"\",\"afterField\":\"\",\"parentType\":\"firstname\",\"element_templates\":[\"firstname\",\"input\"],\"old_classname\":\"\",\"wrap_template\":\"wrap\"},{\"objectType\":\"Field\",\"objectDomain\":\"fields\",\"editActive\":false,\"order\":2,\"idAttribute\":\"id\",\"label_pos\":\"above\",\"required\":1,\"default\":\"\",\"placeholder\":\"\",\"container_class\":\"one-half\",\"element_class\":\"\",\"admin_label\":\"\",\"help_text\":\"\",\"desc_text\":\"\",\"desc_pos\":\"\",\"label\":\"Nom de famille\",\"key\":\"nom_de_famille_1703287719606\",\"type\":\"lastname\",\"created_at\":\"2018-10-29 10:50:01\",\"custom_name_attribute\":\"lname\",\"personally_identifiable\":1,\"value\":\"\",\"field_label\":\"Nom de famille\",\"field_key\":\"nom_de_famille_1703287719606\",\"drawerDisabled\":\"\",\"id\":6,\"beforeField\":\"\",\"afterField\":\"\",\"parentType\":\"lastname\",\"element_templates\":[\"lastname\",\"input\"],\"old_classname\":\"\",\"wrap_template\":\"wrap\"},{\"objectType\":\"Field\",\"objectDomain\":\"fields\",\"editActive\":false,\"order\":3,\"idAttribute\":\"id\",\"label_pos\":\"above\",\"required\":1,\"default\":\"\",\"placeholder\":\"\",\"container_class\":\"one-half first\",\"element_class\":\"\",\"admin_label\":\"\",\"help_text\":\"\",\"desc_text\":\"\",\"desc_pos\":\"\",\"label\":\"Courriel\",\"key\":\"courriel_1703287727657\",\"type\":\"email\",\"created_at\":\"2018-10-29 10:50:01\",\"custom_name_attribute\":\"email\",\"personally_identifiable\":1,\"drawerDisabled\":\"\",\"value\":\"\",\"field_label\":\"Courriel\",\"field_key\":\"courriel_1703287727657\",\"id\":7,\"beforeField\":\"\",\"afterField\":\"\",\"parentType\":\"email\",\"element_templates\":[\"email\",\"input\"],\"old_classname\":\"\",\"wrap_template\":\"wrap\"},{\"objectType\":\"Field\",\"objectDomain\":\"fields\",\"editActive\":false,\"order\":4,\"idAttribute\":\"id\",\"label_pos\":\"above\",\"required\":1,\"placeholder\":\"\",\"default\":\"\",\"container_class\":\"one-half\",\"element_class\":\"\",\"input_limit\":\"\",\"input_limit_type\":\"characters\",\"input_limit_message\":\"Character(s) left\",\"manual_key\":\"\",\"disable_input\":\"\",\"admin_label\":\"\",\"help_text\":\"\",\"desc_text\":\"\",\"desc_pos\":\"\",\"disable_browser_autocomplete\":\"\",\"mask\":\"\",\"custom_mask\":\"\",\"label\":\"T\\u00e9l\\u00e9phone\",\"key\":\"telephone_1703287738038\",\"type\":\"textbox\",\"created_at\":\"2018-10-29 10:50:01\",\"input_limit_msg\":\"verbleibende(s) Zeichen\",\"custom_name_attribute\":\"\",\"personally_identifiable\":\"\",\"drawerDisabled\":\"\",\"value\":\"\",\"field_label\":\"T\\u00e9l\\u00e9phone\",\"field_key\":\"telephone_1703287738038\",\"id\":8,\"beforeField\":\"\",\"afterField\":\"\",\"parentType\":\"textbox\",\"element_templates\":[\"textbox\",\"input\"],\"old_classname\":\"\",\"wrap_template\":\"wrap\"},{\"objectType\":\"Field\",\"objectDomain\":\"fields\",\"editActive\":false,\"order\":5,\"idAttribute\":\"id\",\"type\":\"textarea\",\"label\":\"A quelle heure \\u00eates-vous joignable?\",\"key\":\"a_quelle_heure_etes-vous_joignable_1703287749619\",\"label_pos\":\"above\",\"required\":1,\"default\":\"\",\"placeholder\":\"\",\"container_class\":\"\",\"element_class\":\"\",\"input_limit\":\"\",\"input_limit_type\":\"characters\",\"input_limit_msg\":\"Zeichen \\u00fcbrig\",\"manual_key\":\"\",\"admin_label\":\"\",\"help_text\":\"\",\"textarea_rte\":\"\",\"disable_rte_mobile\":\"\",\"textarea_media\":\"\",\"drawerDisabled\":\"\",\"value\":\"\",\"field_label\":\"A quelle heure \\u00eates-vous joignable?\",\"field_key\":\"a_quelle_heure_etes-vous_joignable_1703287749619\",\"id\":9,\"beforeField\":\"\",\"afterField\":\"\",\"parentType\":\"textarea\",\"element_templates\":[\"textarea\",\"input\"],\"old_classname\":\"\",\"wrap_template\":\"wrap\"},{\"objectType\":\"Field\",\"objectDomain\":\"fields\",\"editActive\":false,\"order\":6,\"idAttribute\":\"id\",\"type\":\"textarea\",\"label\":\"Message\",\"key\":\"message_1703287762129\",\"label_pos\":\"above\",\"required\":1,\"default\":\"\",\"placeholder\":\"\",\"container_class\":\"\",\"element_class\":\"\",\"input_limit\":\"\",\"input_limit_type\":\"characters\",\"input_limit_msg\":\"verbleibende(s) Zeichen\",\"manual_key\":\"\",\"admin_label\":\"\",\"help_text\":\"\",\"textarea_rte\":\"\",\"disable_rte_mobile\":\"\",\"textarea_media\":\"\",\"drawerDisabled\":\"\",\"value\":\"\",\"field_label\":\"Message\",\"field_key\":\"message_1703287762129\",\"id\":10,\"beforeField\":\"\",\"afterField\":\"\",\"parentType\":\"textarea\",\"element_templates\":[\"textarea\",\"input\"],\"old_classname\":\"\",\"wrap_template\":\"wrap\"},{\"objectType\":\"Field\",\"objectDomain\":\"fields\",\"editActive\":false,\"order\":7,\"idAttribute\":\"id\",\"label\":\"Question : 3+8 ?\",\"type\":\"spam\",\"key\":\"spam_1776158289916\",\"label_pos\":\"above\",\"required\":1,\"default\":\"\",\"placeholder\":\"\",\"container_class\":\"\",\"element_class\":\"\",\"input_limit\":\"\",\"input_limit_type\":\"characters\",\"input_limit_msg\":\"Caract\\u00e8re(s) restant(s)\",\"manual_key\":true,\"admin_label\":\"\",\"help_text\":\"\",\"spam_answer\":11,\"value\":\"\",\"drawerDisabled\":false,\"id\":79,\"beforeField\":\"\",\"afterField\":\"\",\"parentType\":\"spam\",\"element_templates\":[\"textbox\",\"input\"],\"old_classname\":\"\",\"wrap_template\":\"wrap\"},{\"objectType\":\"Field\",\"objectDomain\":\"fields\",\"editActive\":false,\"order\":8,\"idAttribute\":\"id\",\"type\":\"file_upload\",\"label\":\"S\\u00e9lectionner et t\\u00e9l\\u00e9charger les photos.\",\"key\":\"selectionner_et_telecharger_les_photos_1703287771265\",\"label_pos\":\"above\",\"required\":\"\",\"container_class\":\"\",\"element_class\":\"\",\"manual_key\":\"\",\"help_text\":\"<p><br><\\\/p>\",\"save_to_server\":1,\"upload_rename\":\"\",\"media_library\":\"false\",\"upload_multi_count\":5,\"max_file_size\":10485760,\"select_files_text\":\"S\\u00e9lectionnez des fichiers\",\"upload_types\":\".jpg,.gif,.png,.pdf,.jpeg\",\"drawerDisabled\":false,\"min_file_size\":0,\"cancel_upload_text\":\"Veuillez patienter, le dossier charge\",\"desc_text\":\"<div style=\\\"text-align:center\\\">  <div>S\\u00e9lectionner et t\\u00e9l\\u00e9charger les photos.<\\\/div>  <div style=\\\"font-size: 13px\\\">Types de fichiers accept\\u00e9s:<\\\/div>  <div style=\\\"font-size: 13px\\\">jpg, gif, png, pdf<\\\/div>  <div style=\\\"font-size: 13px\\\">Taille max. des fichiers 10MB<\\\/div><\\\/div>\",\"field_label\":\"S\\u00e9lectionner et t\\u00e9l\\u00e9charger les photos.\",\"field_key\":\"selectionner_et_telecharger_les_photos_1703287771265\",\"id\":11,\"beforeField\":\"\",\"afterField\":\"\",\"value\":\"\",\"parentType\":\"textbox\",\"element_templates\":[\"file_upload\",\"input\"],\"old_classname\":\"\",\"wrap_template\":\"wrap\",\"max_chunk_size\":283115520,\"max_file_size_mb\":10,\"min_file_size_mb\":0,\"uploadNonce\":\"5ed03279ed\",\"uploadNonceExpiry\":1778788091},{\"objectType\":\"Field\",\"objectDomain\":\"fields\",\"editActive\":false,\"order\":9,\"idAttribute\":\"id\",\"type\":\"checkbox\",\"label\":\"J'accepte que le site utilise ces informations pour r\\u00e9pondre \\u00e0 ma demande\",\"key\":\"j_accepte_que_le_site_utilise_ces_informations_pour_repondre_a_ma_demande_1703287813844\",\"label_pos\":\"right\",\"required\":1,\"container_class\":\"contact-acceptance\",\"element_class\":\"\",\"manual_key\":\"\",\"admin_label\":\"\",\"help_text\":\"\",\"default_value\":\"unchecked\",\"checked_value\":\"Coch\\u00e9\",\"unchecked_value\":\"D\\u00e9coch\\u00e9\",\"checked_calc_value\":\"\",\"unchecked_calc_value\":\"\",\"drawerDisabled\":\"\",\"default\":\"unchecked\",\"field_label\":\"J'accepte que le site utilise ces informations pour r\\u00e9pondre \\u00e0 ma demande\",\"field_key\":\"j_accepte_que_le_site_utilise_ces_informations_pour_repondre_a_ma_demande_1703287813844\",\"value\":\"unchecked\",\"id\":12,\"beforeField\":\"\",\"afterField\":\"\",\"parentType\":\"checkbox\",\"element_templates\":[\"checkbox\",\"input\"],\"old_classname\":\"\",\"wrap_template\":\"wrap\"},{\"objectType\":\"Field\",\"objectDomain\":\"fields\",\"editActive\":false,\"order\":10,\"idAttribute\":\"id\",\"processing_label\":\"En cours de traitement\",\"container_class\":\"\",\"element_class\":\"\",\"label\":\"Envoyer\",\"key\":\"envoyer_1704273192848\",\"type\":\"submit\",\"created_at\":\"2018-10-29 10:50:01\",\"drawerDisabled\":\"\",\"field_label\":\"Envoyer\",\"field_key\":\"envoyer_1704273192848\",\"admin_label\":\"\",\"id\":13,\"beforeField\":\"\",\"afterField\":\"\",\"value\":\"\",\"label_pos\":\"above\",\"parentType\":\"textbox\",\"element_templates\":[\"submit\",\"button\",\"input\"],\"old_classname\":\"\",\"wrap_template\":\"wrap-no-label\"},{\"objectType\":\"Field\",\"objectDomain\":\"fields\",\"editActive\":false,\"order\":11,\"idAttribute\":\"id\",\"type\":\"hidden\",\"label\":\"Type_formulaire\",\"key\":\"type_formulaire_1763632694988\",\"default\":\"Belle-fontaine.ch\",\"admin_label\":\"\",\"drawerDisabled\":false,\"id\":35,\"beforeField\":\"\",\"afterField\":\"\",\"value\":\"Belle-fontaine.ch\",\"label_pos\":\"above\",\"parentType\":\"hidden\",\"element_templates\":[\"hidden\",\"input\"],\"old_classname\":\"\",\"wrap_template\":\"wrap-no-label\"},{\"objectType\":\"Field\",\"objectDomain\":\"fields\",\"editActive\":false,\"order\":12,\"idAttribute\":\"id\",\"type\":\"hidden\",\"label\":\"gclid\",\"key\":\"gclid_1763631335785\",\"default\":\"{querystring:gclid}\",\"admin_label\":\"\",\"drawerDisabled\":false,\"id\":32,\"beforeField\":\"\",\"afterField\":\"\",\"value\":\"\",\"label_pos\":\"above\",\"parentType\":\"hidden\",\"element_templates\":[\"hidden\",\"input\"],\"old_classname\":\"\",\"wrap_template\":\"wrap-no-label\"},{\"objectType\":\"Field\",\"objectDomain\":\"fields\",\"editActive\":false,\"order\":13,\"idAttribute\":\"id\",\"type\":\"hidden\",\"label\":\"URL_Site\",\"key\":\"url_site_1769695761761\",\"default\":\"{wp:site_url}\",\"admin_label\":\"\",\"drawerDisabled\":false,\"id\":38,\"beforeField\":\"\",\"afterField\":\"\",\"value\":\"https:\\\/\\\/www.belle-fontaine.ch\\\/fr\\\/\",\"label_pos\":\"above\",\"parentType\":\"hidden\",\"element_templates\":[\"hidden\",\"input\"],\"old_classname\":\"\",\"wrap_template\":\"wrap-no-label\"}];nfForms.push(form);<\/script>\n        \n","protected":false},"excerpt":{"rendered":"","protected":false},"author":3,"featured_media":0,"parent":0,"menu_order":0,"comment_status":"open","ping_status":"closed","template":"template-contact.php","meta":{"_acf_changed":false,"footnotes":""},"class_list":["post-551","page","type-page","status-publish","hentry"],"acf":[],"yoast_head":"<!-- This site is optimized with the Yoast SEO plugin v27.5 - https:\/\/yoast.com\/product\/yoast-seo-wordpress\/ -->\n<title>Nous contacter | Clinique Bellefontaine | Dr Favre | Lausanne<\/title>\n<meta name=\"description\" content=\"L&#039;\u00e9quipe du Dr Favre est \u00e0 votre \u00e9coute pour toutes questions ou demandes de renseignements concernant les soins esth\u00e9tiques ou les actes de chirurgie pour visage et corps pratiqu\u00e9s au sein de la clinique Bellefontaine de Lausanne, VaudL&#039;\u00e9quipe du Dr Favre est \u00e0 votre \u00e9coute pour toutes questions ou demandes de renseignements concernant les soins esth\u00e9tiques ou les actes de chirurgie pour visage et corps pratiqu\u00e9s au sein de la clinique Bellefontaine de Lausanne, Vaud\" \/>\n<meta name=\"robots\" content=\"index, follow, max-snippet:-1, max-image-preview:large, max-video-preview:-1\" \/>\n<link rel=\"canonical\" href=\"https:\/\/www.belle-fontaine.ch\/fr\/contact\/\" \/>\n<meta property=\"og:locale\" content=\"fr_FR\" \/>\n<meta property=\"og:type\" content=\"article\" \/>\n<meta property=\"og:title\" content=\"Nous contacter | Clinique Bellefontaine | Dr Favre | Lausanne\" \/>\n<meta property=\"og:description\" content=\"L&#039;\u00e9quipe du Dr Favre est \u00e0 votre \u00e9coute pour toutes questions ou demandes de renseignements concernant les soins esth\u00e9tiques ou les actes de chirurgie pour visage et corps pratiqu\u00e9s au sein de la clinique Bellefontaine de Lausanne, VaudL&#039;\u00e9quipe du Dr Favre est \u00e0 votre \u00e9coute pour toutes questions ou demandes de renseignements concernant les soins esth\u00e9tiques ou les actes de chirurgie pour visage et corps pratiqu\u00e9s au sein de la clinique Bellefontaine de Lausanne, Vaud\" \/>\n<meta property=\"og:url\" content=\"https:\/\/www.belle-fontaine.ch\/fr\/contact\/\" \/>\n<meta property=\"og:site_name\" content=\"Clinique Bellefontaine\" \/>\n<meta property=\"article:modified_time\" content=\"2026-03-09T15:09:23+00:00\" \/>\n<meta name=\"twitter:card\" content=\"summary_large_image\" \/>\n<meta name=\"twitter:label1\" content=\"Dur\u00e9e de lecture estim\u00e9e\" \/>\n\t<meta name=\"twitter:data1\" content=\"1 minute\" \/>\n<script type=\"application\/ld+json\" class=\"yoast-schema-graph\">{\"@context\":\"https:\\\/\\\/schema.org\",\"@graph\":[{\"@type\":\"WebPage\",\"@id\":\"https:\\\/\\\/www.belle-fontaine.ch\\\/fr\\\/contact\\\/\",\"url\":\"https:\\\/\\\/www.belle-fontaine.ch\\\/fr\\\/contact\\\/\",\"name\":\"Nous contacter | Clinique Bellefontaine | Dr Favre | Lausanne\",\"isPartOf\":{\"@id\":\"https:\\\/\\\/www.belle-fontaine.ch\\\/fr\\\/#website\"},\"datePublished\":\"2025-01-28T11:25:11+00:00\",\"dateModified\":\"2026-03-09T15:09:23+00:00\",\"description\":\"L'\u00e9quipe du Dr Favre est \u00e0 votre \u00e9coute pour toutes questions ou demandes de renseignements concernant les soins esth\u00e9tiques ou les actes de chirurgie pour visage et corps pratiqu\u00e9s au sein de la clinique Bellefontaine de Lausanne, VaudL'\u00e9quipe du Dr Favre est \u00e0 votre \u00e9coute pour toutes questions ou demandes de renseignements concernant les soins esth\u00e9tiques ou les actes de chirurgie pour visage et corps pratiqu\u00e9s au sein de la clinique Bellefontaine de Lausanne, Vaud\",\"breadcrumb\":{\"@id\":\"https:\\\/\\\/www.belle-fontaine.ch\\\/fr\\\/contact\\\/#breadcrumb\"},\"inLanguage\":\"fr-FR\",\"potentialAction\":[{\"@type\":\"ReadAction\",\"target\":[\"https:\\\/\\\/www.belle-fontaine.ch\\\/fr\\\/contact\\\/\"]}]},{\"@type\":\"BreadcrumbList\",\"@id\":\"https:\\\/\\\/www.belle-fontaine.ch\\\/fr\\\/contact\\\/#breadcrumb\",\"itemListElement\":[{\"@type\":\"ListItem\",\"position\":1,\"name\":\"Home\",\"item\":\"https:\\\/\\\/www.belle-fontaine.ch\\\/fr\\\/\"},{\"@type\":\"ListItem\",\"position\":2,\"name\":\"Contact\"}]},{\"@type\":\"WebSite\",\"@id\":\"https:\\\/\\\/www.belle-fontaine.ch\\\/fr\\\/#website\",\"url\":\"https:\\\/\\\/www.belle-fontaine.ch\\\/fr\\\/\",\"name\":\"BelleFontaine\",\"description\":\"\",\"potentialAction\":[{\"@type\":\"SearchAction\",\"target\":{\"@type\":\"EntryPoint\",\"urlTemplate\":\"https:\\\/\\\/www.belle-fontaine.ch\\\/fr\\\/?s={search_term_string}\"},\"query-input\":{\"@type\":\"PropertyValueSpecification\",\"valueRequired\":true,\"valueName\":\"search_term_string\"}}],\"inLanguage\":\"fr-FR\"}]}<\/script>\n<!-- \/ Yoast SEO plugin. -->","yoast_head_json":{"title":"Nous contacter | Clinique Bellefontaine | Dr Favre | Lausanne","description":"L'\u00e9quipe du Dr Favre est \u00e0 votre \u00e9coute pour toutes questions ou demandes de renseignements concernant les soins esth\u00e9tiques ou les actes de chirurgie pour visage et corps pratiqu\u00e9s au sein de la clinique Bellefontaine de Lausanne, VaudL'\u00e9quipe du Dr Favre est \u00e0 votre \u00e9coute pour toutes questions ou demandes de renseignements concernant les soins esth\u00e9tiques ou les actes de chirurgie pour visage et corps pratiqu\u00e9s au sein de la clinique Bellefontaine de Lausanne, Vaud","robots":{"index":"index","follow":"follow","max-snippet":"max-snippet:-1","max-image-preview":"max-image-preview:large","max-video-preview":"max-video-preview:-1"},"canonical":"https:\/\/www.belle-fontaine.ch\/fr\/contact\/","og_locale":"fr_FR","og_type":"article","og_title":"Nous contacter | Clinique Bellefontaine | Dr Favre | Lausanne","og_description":"L'\u00e9quipe du Dr Favre est \u00e0 votre \u00e9coute pour toutes questions ou demandes de renseignements concernant les soins esth\u00e9tiques ou les actes de chirurgie pour visage et corps pratiqu\u00e9s au sein de la clinique Bellefontaine de Lausanne, VaudL'\u00e9quipe du Dr Favre est \u00e0 votre \u00e9coute pour toutes questions ou demandes de renseignements concernant les soins esth\u00e9tiques ou les actes de chirurgie pour visage et corps pratiqu\u00e9s au sein de la clinique Bellefontaine de Lausanne, Vaud","og_url":"https:\/\/www.belle-fontaine.ch\/fr\/contact\/","og_site_name":"Clinique Bellefontaine","article_modified_time":"2026-03-09T15:09:23+00:00","twitter_card":"summary_large_image","twitter_misc":{"Dur\u00e9e de lecture estim\u00e9e":"1 minute"},"schema":{"@context":"https:\/\/schema.org","@graph":[{"@type":"WebPage","@id":"https:\/\/www.belle-fontaine.ch\/fr\/contact\/","url":"https:\/\/www.belle-fontaine.ch\/fr\/contact\/","name":"Nous contacter | Clinique Bellefontaine | Dr Favre | Lausanne","isPartOf":{"@id":"https:\/\/www.belle-fontaine.ch\/fr\/#website"},"datePublished":"2025-01-28T11:25:11+00:00","dateModified":"2026-03-09T15:09:23+00:00","description":"L'\u00e9quipe du Dr Favre est \u00e0 votre \u00e9coute pour toutes questions ou demandes de renseignements concernant les soins esth\u00e9tiques ou les actes de chirurgie pour visage et corps pratiqu\u00e9s au sein de la clinique Bellefontaine de Lausanne, VaudL'\u00e9quipe du Dr Favre est \u00e0 votre \u00e9coute pour toutes questions ou demandes de renseignements concernant les soins esth\u00e9tiques ou les actes de chirurgie pour visage et corps pratiqu\u00e9s au sein de la clinique Bellefontaine de Lausanne, Vaud","breadcrumb":{"@id":"https:\/\/www.belle-fontaine.ch\/fr\/contact\/#breadcrumb"},"inLanguage":"fr-FR","potentialAction":[{"@type":"ReadAction","target":["https:\/\/www.belle-fontaine.ch\/fr\/contact\/"]}]},{"@type":"BreadcrumbList","@id":"https:\/\/www.belle-fontaine.ch\/fr\/contact\/#breadcrumb","itemListElement":[{"@type":"ListItem","position":1,"name":"Home","item":"https:\/\/www.belle-fontaine.ch\/fr\/"},{"@type":"ListItem","position":2,"name":"Contact"}]},{"@type":"WebSite","@id":"https:\/\/www.belle-fontaine.ch\/fr\/#website","url":"https:\/\/www.belle-fontaine.ch\/fr\/","name":"BelleFontaine","description":"","potentialAction":[{"@type":"SearchAction","target":{"@type":"EntryPoint","urlTemplate":"https:\/\/www.belle-fontaine.ch\/fr\/?s={search_term_string}"},"query-input":{"@type":"PropertyValueSpecification","valueRequired":true,"valueName":"search_term_string"}}],"inLanguage":"fr-FR"}]}},"_links":{"self":[{"href":"https:\/\/www.belle-fontaine.ch\/fr\/wp-json\/wp\/v2\/pages\/551","targetHints":{"allow":["GET"]}}],"collection":[{"href":"https:\/\/www.belle-fontaine.ch\/fr\/wp-json\/wp\/v2\/pages"}],"about":[{"href":"https:\/\/www.belle-fontaine.ch\/fr\/wp-json\/wp\/v2\/types\/page"}],"author":[{"embeddable":true,"href":"https:\/\/www.belle-fontaine.ch\/fr\/wp-json\/wp\/v2\/users\/3"}],"replies":[{"embeddable":true,"href":"https:\/\/www.belle-fontaine.ch\/fr\/wp-json\/wp\/v2\/comments?post=551"}],"version-history":[{"count":3,"href":"https:\/\/www.belle-fontaine.ch\/fr\/wp-json\/wp\/v2\/pages\/551\/revisions"}],"predecessor-version":[{"id":2270,"href":"https:\/\/www.belle-fontaine.ch\/fr\/wp-json\/wp\/v2\/pages\/551\/revisions\/2270"}],"wp:attachment":[{"href":"https:\/\/www.belle-fontaine.ch\/fr\/wp-json\/wp\/v2\/media?parent=551"}],"curies":[{"name":"wp","href":"https:\/\/api.w.org\/{rel}","templated":true}]}}