{"id":5952,"date":"2025-08-28T13:44:03","date_gmt":"2025-08-28T11:44:03","guid":{"rendered":"https:\/\/www.belle-fontaine.ch\/?page_id=5952"},"modified":"2026-03-09T16:09:32","modified_gmt":"2026-03-09T15:09:32","slug":"microfatgraft","status":"publish","type":"page","link":"https:\/\/www.belle-fontaine.ch\/fr\/microfatgraft\/","title":{"rendered":"Microfatgraft"},"content":{"rendered":"","protected":false},"excerpt":{"rendered":"","protected":false},"author":3,"featured_media":0,"parent":0,"menu_order":0,"comment_status":"open","ping_status":"closed","template":"","meta":{"_acf_changed":false,"footnotes":""},"class_list":["post-5952","page","type-page","status-publish","hentry"],"acf":[],"yoast_head":"<!-- This site is optimized with the Yoast SEO plugin v27.4 - https:\/\/yoast.com\/product\/yoast-seo-wordpress\/ -->\n<title>Microfatgraft \u00e0 Lausanne | Clinique Bellefontaine<\/title>\n<meta name=\"description\" content=\"Le microfatgraft est une technique de lipofilling qui consiste \u00e0 pr\u00e9lever de la graisse dans une zone du corps o\u00f9 elle est en exc\u00e8s, puis \u00e0 la r\u00e9injecter dans des r\u00e9gions ayant perdu du volume, comme le visage ou les zones intimes.\" \/>\n<meta name=\"robots\" content=\"index, follow, max-snippet:-1, max-image-preview:large, max-video-preview:-1\" \/>\n<link rel=\"canonical\" href=\"https:\/\/www.belle-fontaine.ch\/fr\/microfatgraft\/\" \/>\n<meta property=\"og:locale\" content=\"fr_FR\" \/>\n<meta property=\"og:type\" content=\"article\" \/>\n<meta property=\"og:title\" content=\"Microfatgraft \u00e0 Lausanne | Clinique Bellefontaine\" \/>\n<meta property=\"og:description\" content=\"Le microfatgraft est une technique de lipofilling qui consiste \u00e0 pr\u00e9lever de la graisse dans une zone du corps o\u00f9 elle est en exc\u00e8s, puis \u00e0 la r\u00e9injecter dans des r\u00e9gions ayant perdu du volume, comme le visage ou les zones intimes.\" \/>\n<meta property=\"og:url\" content=\"https:\/\/www.belle-fontaine.ch\/fr\/microfatgraft\/\" \/>\n<meta property=\"og:site_name\" content=\"Clinique Bellefontaine\" \/>\n<meta property=\"article:modified_time\" content=\"2026-03-09T15:09:32+00:00\" \/>\n<meta name=\"twitter:card\" content=\"summary_large_image\" \/>\n<script type=\"application\/ld+json\" class=\"yoast-schema-graph\">{\"@context\":\"https:\\\/\\\/schema.org\",\"@graph\":[{\"@type\":\"WebPage\",\"@id\":\"https:\\\/\\\/www.belle-fontaine.ch\\\/fr\\\/microfatgraft\\\/\",\"url\":\"https:\\\/\\\/www.belle-fontaine.ch\\\/fr\\\/microfatgraft\\\/\",\"name\":\"Microfatgraft \u00e0 Lausanne | Clinique Bellefontaine\",\"isPartOf\":{\"@id\":\"https:\\\/\\\/www.belle-fontaine.ch\\\/fr\\\/#website\"},\"datePublished\":\"2025-08-28T11:44:03+00:00\",\"dateModified\":\"2026-03-09T15:09:32+00:00\",\"description\":\"Le microfatgraft est une technique de lipofilling qui consiste \u00e0 pr\u00e9lever de la graisse dans une zone du corps o\u00f9 elle est en exc\u00e8s, puis \u00e0 la r\u00e9injecter dans des r\u00e9gions ayant perdu du volume, comme le visage ou les zones intimes.\",\"breadcrumb\":{\"@id\":\"https:\\\/\\\/www.belle-fontaine.ch\\\/fr\\\/microfatgraft\\\/#breadcrumb\"},\"inLanguage\":\"fr-FR\",\"potentialAction\":[{\"@type\":\"ReadAction\",\"target\":[\"https:\\\/\\\/www.belle-fontaine.ch\\\/fr\\\/microfatgraft\\\/\"]}]},{\"@type\":\"BreadcrumbList\",\"@id\":\"https:\\\/\\\/www.belle-fontaine.ch\\\/fr\\\/microfatgraft\\\/#breadcrumb\",\"itemListElement\":[{\"@type\":\"ListItem\",\"position\":1,\"name\":\"Home\",\"item\":\"https:\\\/\\\/www.belle-fontaine.ch\\\/fr\\\/\"},{\"@type\":\"ListItem\",\"position\":2,\"name\":\"Microfatgraft\"}]},{\"@type\":\"WebSite\",\"@id\":\"https:\\\/\\\/www.belle-fontaine.ch\\\/fr\\\/#website\",\"url\":\"https:\\\/\\\/www.belle-fontaine.ch\\\/fr\\\/\",\"name\":\"BelleFontaine\",\"description\":\"\",\"potentialAction\":[{\"@type\":\"SearchAction\",\"target\":{\"@type\":\"EntryPoint\",\"urlTemplate\":\"https:\\\/\\\/www.belle-fontaine.ch\\\/fr\\\/?s={search_term_string}\"},\"query-input\":{\"@type\":\"PropertyValueSpecification\",\"valueRequired\":true,\"valueName\":\"search_term_string\"}}],\"inLanguage\":\"fr-FR\"}]}<\/script>\n<!-- \/ Yoast SEO plugin. -->","yoast_head_json":{"title":"Microfatgraft \u00e0 Lausanne | Clinique Bellefontaine","description":"Le microfatgraft est une technique de lipofilling qui consiste \u00e0 pr\u00e9lever de la graisse dans une zone du corps o\u00f9 elle est en exc\u00e8s, puis \u00e0 la r\u00e9injecter dans des r\u00e9gions ayant perdu du volume, comme le visage ou les zones intimes.","robots":{"index":"index","follow":"follow","max-snippet":"max-snippet:-1","max-image-preview":"max-image-preview:large","max-video-preview":"max-video-preview:-1"},"canonical":"https:\/\/www.belle-fontaine.ch\/fr\/microfatgraft\/","og_locale":"fr_FR","og_type":"article","og_title":"Microfatgraft \u00e0 Lausanne | Clinique Bellefontaine","og_description":"Le microfatgraft est une technique de lipofilling qui consiste \u00e0 pr\u00e9lever de la graisse dans une zone du corps o\u00f9 elle est en exc\u00e8s, puis \u00e0 la r\u00e9injecter dans des r\u00e9gions ayant perdu du volume, comme le visage ou les zones intimes.","og_url":"https:\/\/www.belle-fontaine.ch\/fr\/microfatgraft\/","og_site_name":"Clinique Bellefontaine","article_modified_time":"2026-03-09T15:09:32+00:00","twitter_card":"summary_large_image","schema":{"@context":"https:\/\/schema.org","@graph":[{"@type":"WebPage","@id":"https:\/\/www.belle-fontaine.ch\/fr\/microfatgraft\/","url":"https:\/\/www.belle-fontaine.ch\/fr\/microfatgraft\/","name":"Microfatgraft \u00e0 Lausanne | Clinique Bellefontaine","isPartOf":{"@id":"https:\/\/www.belle-fontaine.ch\/fr\/#website"},"datePublished":"2025-08-28T11:44:03+00:00","dateModified":"2026-03-09T15:09:32+00:00","description":"Le microfatgraft est une technique de lipofilling qui consiste \u00e0 pr\u00e9lever de la graisse dans une zone du corps o\u00f9 elle est en exc\u00e8s, puis \u00e0 la r\u00e9injecter dans des r\u00e9gions ayant perdu du volume, comme le visage ou les zones intimes.","breadcrumb":{"@id":"https:\/\/www.belle-fontaine.ch\/fr\/microfatgraft\/#breadcrumb"},"inLanguage":"fr-FR","potentialAction":[{"@type":"ReadAction","target":["https:\/\/www.belle-fontaine.ch\/fr\/microfatgraft\/"]}]},{"@type":"BreadcrumbList","@id":"https:\/\/www.belle-fontaine.ch\/fr\/microfatgraft\/#breadcrumb","itemListElement":[{"@type":"ListItem","position":1,"name":"Home","item":"https:\/\/www.belle-fontaine.ch\/fr\/"},{"@type":"ListItem","position":2,"name":"Microfatgraft"}]},{"@type":"WebSite","@id":"https:\/\/www.belle-fontaine.ch\/fr\/#website","url":"https:\/\/www.belle-fontaine.ch\/fr\/","name":"BelleFontaine","description":"","potentialAction":[{"@type":"SearchAction","target":{"@type":"EntryPoint","urlTemplate":"https:\/\/www.belle-fontaine.ch\/fr\/?s={search_term_string}"},"query-input":{"@type":"PropertyValueSpecification","valueRequired":true,"valueName":"search_term_string"}}],"inLanguage":"fr-FR"}]}},"_links":{"self":[{"href":"https:\/\/www.belle-fontaine.ch\/fr\/wp-json\/wp\/v2\/pages\/5952","targetHints":{"allow":["GET"]}}],"collection":[{"href":"https:\/\/www.belle-fontaine.ch\/fr\/wp-json\/wp\/v2\/pages"}],"about":[{"href":"https:\/\/www.belle-fontaine.ch\/fr\/wp-json\/wp\/v2\/types\/page"}],"author":[{"embeddable":true,"href":"https:\/\/www.belle-fontaine.ch\/fr\/wp-json\/wp\/v2\/users\/3"}],"replies":[{"embeddable":true,"href":"https:\/\/www.belle-fontaine.ch\/fr\/wp-json\/wp\/v2\/comments?post=5952"}],"version-history":[{"count":3,"href":"https:\/\/www.belle-fontaine.ch\/fr\/wp-json\/wp\/v2\/pages\/5952\/revisions"}],"predecessor-version":[{"id":5967,"href":"https:\/\/www.belle-fontaine.ch\/fr\/wp-json\/wp\/v2\/pages\/5952\/revisions\/5967"}],"wp:attachment":[{"href":"https:\/\/www.belle-fontaine.ch\/fr\/wp-json\/wp\/v2\/media?parent=5952"}],"curies":[{"name":"wp","href":"https:\/\/api.w.org\/{rel}","templated":true}]}}