{"id":6048,"date":"2025-09-18T16:10:00","date_gmt":"2025-09-18T14:10:00","guid":{"rendered":"https:\/\/www.belle-fontaine.ch\/?page_id=6048"},"modified":"2026-03-09T16:09:35","modified_gmt":"2026-03-09T15:09:35","slug":"cicatrices-acne-laser-microneedling","status":"publish","type":"page","link":"https:\/\/www.belle-fontaine.ch\/fr\/cicatrices-acne-laser-microneedling\/","title":{"rendered":"Traitement de l\u2019acn\u00e9 : Laser Pico plus &#038; microneedling"},"content":{"rendered":"","protected":false},"excerpt":{"rendered":"","protected":false},"author":3,"featured_media":0,"parent":0,"menu_order":0,"comment_status":"open","ping_status":"closed","template":"","meta":{"_acf_changed":false,"footnotes":""},"class_list":["post-6048","page","type-page","status-publish","hentry"],"acf":[],"yoast_head":"<!-- This site is optimized with the Yoast SEO plugin v27.5 - https:\/\/yoast.com\/product\/yoast-seo-wordpress\/ -->\n<title>Traitement des cicatrices d\u2019acn\u00e9 \u00e0 Lausanne : Laser &amp; Microneedling<\/title>\n<meta name=\"description\" content=\"Le laser Pico plus permet de r\u00e9duire l\u2019apparence des cicatrices d\u2019acn\u00e9 en stimulant la production de collag\u00e8ne et le microneedling est tr\u00e8s efficace pour traiter les cicatrices en creux.\" \/>\n<meta name=\"robots\" content=\"index, follow, max-snippet:-1, max-image-preview:large, max-video-preview:-1\" \/>\n<link rel=\"canonical\" href=\"https:\/\/www.belle-fontaine.ch\/fr\/cicatrices-acne-laser-microneedling\/\" \/>\n<meta property=\"og:locale\" content=\"fr_FR\" \/>\n<meta property=\"og:type\" content=\"article\" \/>\n<meta property=\"og:title\" content=\"Traitement des cicatrices d\u2019acn\u00e9 \u00e0 Lausanne : Laser &amp; Microneedling\" \/>\n<meta property=\"og:description\" content=\"Le laser Pico plus permet de r\u00e9duire l\u2019apparence des cicatrices d\u2019acn\u00e9 en stimulant la production de collag\u00e8ne et le microneedling est tr\u00e8s efficace pour traiter les cicatrices en creux.\" \/>\n<meta property=\"og:url\" content=\"https:\/\/www.belle-fontaine.ch\/fr\/cicatrices-acne-laser-microneedling\/\" \/>\n<meta property=\"og:site_name\" content=\"Clinique Bellefontaine\" \/>\n<meta property=\"article:modified_time\" content=\"2026-03-09T15:09:35+00:00\" \/>\n<meta name=\"twitter:card\" content=\"summary_large_image\" \/>\n<script type=\"application\/ld+json\" class=\"yoast-schema-graph\">{\"@context\":\"https:\\\/\\\/schema.org\",\"@graph\":[{\"@type\":\"WebPage\",\"@id\":\"https:\\\/\\\/www.belle-fontaine.ch\\\/fr\\\/cicatrices-acne-laser-microneedling\\\/\",\"url\":\"https:\\\/\\\/www.belle-fontaine.ch\\\/fr\\\/cicatrices-acne-laser-microneedling\\\/\",\"name\":\"Traitement des cicatrices d\u2019acn\u00e9 \u00e0 Lausanne : Laser & Microneedling\",\"isPartOf\":{\"@id\":\"https:\\\/\\\/www.belle-fontaine.ch\\\/fr\\\/#website\"},\"datePublished\":\"2025-09-18T14:10:00+00:00\",\"dateModified\":\"2026-03-09T15:09:35+00:00\",\"description\":\"Le laser Pico plus permet de r\u00e9duire l\u2019apparence des cicatrices d\u2019acn\u00e9 en stimulant la production de collag\u00e8ne et le microneedling est tr\u00e8s efficace pour traiter les cicatrices en creux.\",\"breadcrumb\":{\"@id\":\"https:\\\/\\\/www.belle-fontaine.ch\\\/fr\\\/cicatrices-acne-laser-microneedling\\\/#breadcrumb\"},\"inLanguage\":\"fr-FR\",\"potentialAction\":[{\"@type\":\"ReadAction\",\"target\":[\"https:\\\/\\\/www.belle-fontaine.ch\\\/fr\\\/cicatrices-acne-laser-microneedling\\\/\"]}]},{\"@type\":\"BreadcrumbList\",\"@id\":\"https:\\\/\\\/www.belle-fontaine.ch\\\/fr\\\/cicatrices-acne-laser-microneedling\\\/#breadcrumb\",\"itemListElement\":[{\"@type\":\"ListItem\",\"position\":1,\"name\":\"Home\",\"item\":\"https:\\\/\\\/www.belle-fontaine.ch\\\/fr\\\/\"},{\"@type\":\"ListItem\",\"position\":2,\"name\":\"Traitement de l\u2019acn\u00e9 : Laser Pico plus &#038; microneedling\"}]},{\"@type\":\"WebSite\",\"@id\":\"https:\\\/\\\/www.belle-fontaine.ch\\\/fr\\\/#website\",\"url\":\"https:\\\/\\\/www.belle-fontaine.ch\\\/fr\\\/\",\"name\":\"BelleFontaine\",\"description\":\"\",\"potentialAction\":[{\"@type\":\"SearchAction\",\"target\":{\"@type\":\"EntryPoint\",\"urlTemplate\":\"https:\\\/\\\/www.belle-fontaine.ch\\\/fr\\\/?s={search_term_string}\"},\"query-input\":{\"@type\":\"PropertyValueSpecification\",\"valueRequired\":true,\"valueName\":\"search_term_string\"}}],\"inLanguage\":\"fr-FR\"}]}<\/script>\n<!-- \/ Yoast SEO plugin. -->","yoast_head_json":{"title":"Traitement des cicatrices d\u2019acn\u00e9 \u00e0 Lausanne : Laser & Microneedling","description":"Le laser Pico plus permet de r\u00e9duire l\u2019apparence des cicatrices d\u2019acn\u00e9 en stimulant la production de collag\u00e8ne et le microneedling est tr\u00e8s efficace pour traiter les cicatrices en creux.","robots":{"index":"index","follow":"follow","max-snippet":"max-snippet:-1","max-image-preview":"max-image-preview:large","max-video-preview":"max-video-preview:-1"},"canonical":"https:\/\/www.belle-fontaine.ch\/fr\/cicatrices-acne-laser-microneedling\/","og_locale":"fr_FR","og_type":"article","og_title":"Traitement des cicatrices d\u2019acn\u00e9 \u00e0 Lausanne : Laser & Microneedling","og_description":"Le laser Pico plus permet de r\u00e9duire l\u2019apparence des cicatrices d\u2019acn\u00e9 en stimulant la production de collag\u00e8ne et le microneedling est tr\u00e8s efficace pour traiter les cicatrices en creux.","og_url":"https:\/\/www.belle-fontaine.ch\/fr\/cicatrices-acne-laser-microneedling\/","og_site_name":"Clinique Bellefontaine","article_modified_time":"2026-03-09T15:09:35+00:00","twitter_card":"summary_large_image","schema":{"@context":"https:\/\/schema.org","@graph":[{"@type":"WebPage","@id":"https:\/\/www.belle-fontaine.ch\/fr\/cicatrices-acne-laser-microneedling\/","url":"https:\/\/www.belle-fontaine.ch\/fr\/cicatrices-acne-laser-microneedling\/","name":"Traitement des cicatrices d\u2019acn\u00e9 \u00e0 Lausanne : Laser & Microneedling","isPartOf":{"@id":"https:\/\/www.belle-fontaine.ch\/fr\/#website"},"datePublished":"2025-09-18T14:10:00+00:00","dateModified":"2026-03-09T15:09:35+00:00","description":"Le laser Pico plus permet de r\u00e9duire l\u2019apparence des cicatrices d\u2019acn\u00e9 en stimulant la production de collag\u00e8ne et le microneedling est tr\u00e8s efficace pour traiter les cicatrices en creux.","breadcrumb":{"@id":"https:\/\/www.belle-fontaine.ch\/fr\/cicatrices-acne-laser-microneedling\/#breadcrumb"},"inLanguage":"fr-FR","potentialAction":[{"@type":"ReadAction","target":["https:\/\/www.belle-fontaine.ch\/fr\/cicatrices-acne-laser-microneedling\/"]}]},{"@type":"BreadcrumbList","@id":"https:\/\/www.belle-fontaine.ch\/fr\/cicatrices-acne-laser-microneedling\/#breadcrumb","itemListElement":[{"@type":"ListItem","position":1,"name":"Home","item":"https:\/\/www.belle-fontaine.ch\/fr\/"},{"@type":"ListItem","position":2,"name":"Traitement de l\u2019acn\u00e9 : Laser Pico plus &#038; microneedling"}]},{"@type":"WebSite","@id":"https:\/\/www.belle-fontaine.ch\/fr\/#website","url":"https:\/\/www.belle-fontaine.ch\/fr\/","name":"BelleFontaine","description":"","potentialAction":[{"@type":"SearchAction","target":{"@type":"EntryPoint","urlTemplate":"https:\/\/www.belle-fontaine.ch\/fr\/?s={search_term_string}"},"query-input":{"@type":"PropertyValueSpecification","valueRequired":true,"valueName":"search_term_string"}}],"inLanguage":"fr-FR"}]}},"_links":{"self":[{"href":"https:\/\/www.belle-fontaine.ch\/fr\/wp-json\/wp\/v2\/pages\/6048","targetHints":{"allow":["GET"]}}],"collection":[{"href":"https:\/\/www.belle-fontaine.ch\/fr\/wp-json\/wp\/v2\/pages"}],"about":[{"href":"https:\/\/www.belle-fontaine.ch\/fr\/wp-json\/wp\/v2\/types\/page"}],"author":[{"embeddable":true,"href":"https:\/\/www.belle-fontaine.ch\/fr\/wp-json\/wp\/v2\/users\/3"}],"replies":[{"embeddable":true,"href":"https:\/\/www.belle-fontaine.ch\/fr\/wp-json\/wp\/v2\/comments?post=6048"}],"version-history":[{"count":4,"href":"https:\/\/www.belle-fontaine.ch\/fr\/wp-json\/wp\/v2\/pages\/6048\/revisions"}],"predecessor-version":[{"id":6176,"href":"https:\/\/www.belle-fontaine.ch\/fr\/wp-json\/wp\/v2\/pages\/6048\/revisions\/6176"}],"wp:attachment":[{"href":"https:\/\/www.belle-fontaine.ch\/fr\/wp-json\/wp\/v2\/media?parent=6048"}],"curies":[{"name":"wp","href":"https:\/\/api.w.org\/{rel}","templated":true}]}}