{"id":6986,"date":"2026-04-01T14:59:06","date_gmt":"2026-04-01T12:59:06","guid":{"rendered":"https:\/\/www.belle-fontaine.ch\/?page_id=6986"},"modified":"2026-04-01T14:59:06","modified_gmt":"2026-04-01T12:59:06","slug":"offres-emploi","status":"publish","type":"page","link":"https:\/\/www.belle-fontaine.ch\/fr\/offres-emploi\/","title":{"rendered":"Offres emploi"},"content":{"rendered":"<p><strong>Bienvenue \u00e0 la Clinique Bellefontaine<\/strong><\/p>\n<p>Si vous \u00eates en train de lire ces lignes, c\u2019est que vous envisagez peut-\u00eatre une nouvelle \u00e9tape professionnelle\u2026 ou votre premi\u00e8re exp\u00e9rience. Quelle que soit votre situation, nous sommes ravis de susciter votre int\u00e9r\u00eat.<\/p>\n<p>\u00c0 la Clinique Bellefontaine, nous avons \u00e0 c\u0153ur d\u2019\u00eatre \u00e0 la pointe de la technologie, tant sur le plan chirurgical que dans le domaine des lasers. Pionniers dans plusieurs techniques innovantes \u2014 notamment certaines formes avanc\u00e9es de liposuccion ou des technologies de d\u00e9tatouage de pr\u00e9cision \u2014 nous poursuivons chaque jour notre engagement vers l\u2019excellence et l\u2019innovation.<\/p>\n<p>Mais au-del\u00e0 de la technologie, ce sont les femmes et les hommes qui font notre force. Nous veillons \u00e0 cr\u00e9er un environnement de travail dans lequel chacun peut s\u2019\u00e9panouir pleinement. Le respect, la bienveillance, le sens du travail bien fait et le sourire sont les valeurs qui nous rassemblent et guident notre quotidien.<\/p>\n<p>Rejoindre notre \u00e9quipe, c\u2019est aussi b\u00e9n\u00e9ficier de conditions attractives :<\/p>\n<ul>\n<li>5 semaines de vacances annuelles<\/li>\n<li>Une r\u00e9mun\u00e9ration que nous souhaitons sup\u00e9rieure \u00e0 la moyenne du secteur<\/li>\n<li>Et surtout, un climat de travail positif, humain et stimulant<\/li>\n<\/ul>\n<p>Nous attachons une grande importance \u00e0 l\u2019esprit d\u2019\u00e9quipe. Ici, vous int\u00e9grerez une structure o\u00f9 les collaborateurs avancent ensemble, dans une ambiance professionnelle mais chaleureuse \u2014 souvent d\u00e9crite comme une v\u00e9ritable seconde famille.<\/p>\n<p>Dans le cadre de notre d\u00e9veloppement, nous cherchons \u00e0 nous entourer de personnes partageant nos valeurs, notre exigence et notre enthousiasme.<\/p>\n<p>Si vous vous reconnaissez dans cette vision et que vous souhaitez \u00e9voluer \u00e0 nos c\u00f4t\u00e9s, nous vous invitons \u00e0 d\u00e9couvrir nos opportunit\u00e9s et \u00e0 nous transmettre votre candidature. Nous nous r\u00e9jouissons de la lire et, peut-\u00eatre, de faire votre connaissance prochainement.<\/p>\n","protected":false},"excerpt":{"rendered":"<p>Bienvenue \u00e0 la Clinique Bellefontaine Si vous \u00eates en train de lire ces lignes, c\u2019est que vous envisagez peut-\u00eatre une nouvelle \u00e9tape professionnelle\u2026 ou votre premi\u00e8re exp\u00e9rience. Quelle que soit votre situation, nous sommes ravis de susciter votre int\u00e9r\u00eat. \u00c0 la Clinique Bellefontaine, nous avons \u00e0 c\u0153ur d\u2019\u00eatre \u00e0 la pointe de la technologie, tant [&hellip;]<\/p>\n","protected":false},"author":2,"featured_media":0,"parent":0,"menu_order":0,"comment_status":"closed","ping_status":"closed","template":"template-archive-job_offers.php","meta":{"_acf_changed":false,"footnotes":""},"class_list":["post-6986","page","type-page","status-publish","hentry"],"acf":[],"yoast_head":"<!-- This site is optimized with the Yoast SEO plugin v27.5 - https:\/\/yoast.com\/product\/yoast-seo-wordpress\/ -->\n<title>Offres emploi - Clinique Bellefontaine<\/title>\n<meta name=\"robots\" content=\"index, follow, max-snippet:-1, max-image-preview:large, max-video-preview:-1\" \/>\n<link rel=\"canonical\" href=\"https:\/\/www.belle-fontaine.ch\/fr\/offres-emploi\/\" \/>\n<meta property=\"og:locale\" content=\"fr_FR\" \/>\n<meta property=\"og:type\" content=\"article\" \/>\n<meta property=\"og:title\" content=\"Offres emploi - Clinique Bellefontaine\" \/>\n<meta property=\"og:description\" content=\"Bienvenue \u00e0 la Clinique Bellefontaine Si vous \u00eates en train de lire ces lignes, c\u2019est que vous envisagez peut-\u00eatre une nouvelle \u00e9tape professionnelle\u2026 ou votre premi\u00e8re exp\u00e9rience. Quelle que soit votre situation, nous sommes ravis de susciter votre int\u00e9r\u00eat. \u00c0 la Clinique Bellefontaine, nous avons \u00e0 c\u0153ur d\u2019\u00eatre \u00e0 la pointe de la technologie, tant [&hellip;]\" \/>\n<meta property=\"og:url\" content=\"https:\/\/www.belle-fontaine.ch\/fr\/offres-emploi\/\" \/>\n<meta property=\"og:site_name\" content=\"Clinique Bellefontaine\" \/>\n<meta name=\"twitter:card\" content=\"summary_large_image\" \/>\n<meta name=\"twitter:label1\" content=\"Dur\u00e9e de lecture estim\u00e9e\" \/>\n\t<meta name=\"twitter:data1\" content=\"2 minutes\" \/>\n<script type=\"application\/ld+json\" class=\"yoast-schema-graph\">{\"@context\":\"https:\\\/\\\/schema.org\",\"@graph\":[{\"@type\":\"WebPage\",\"@id\":\"https:\\\/\\\/www.belle-fontaine.ch\\\/fr\\\/offres-emploi\\\/\",\"url\":\"https:\\\/\\\/www.belle-fontaine.ch\\\/fr\\\/offres-emploi\\\/\",\"name\":\"Offres emploi - Clinique Bellefontaine\",\"isPartOf\":{\"@id\":\"https:\\\/\\\/www.belle-fontaine.ch\\\/fr\\\/#website\"},\"datePublished\":\"2026-04-01T12:59:06+00:00\",\"breadcrumb\":{\"@id\":\"https:\\\/\\\/www.belle-fontaine.ch\\\/fr\\\/offres-emploi\\\/#breadcrumb\"},\"inLanguage\":\"fr-FR\",\"potentialAction\":[{\"@type\":\"ReadAction\",\"target\":[\"https:\\\/\\\/www.belle-fontaine.ch\\\/fr\\\/offres-emploi\\\/\"]}]},{\"@type\":\"BreadcrumbList\",\"@id\":\"https:\\\/\\\/www.belle-fontaine.ch\\\/fr\\\/offres-emploi\\\/#breadcrumb\",\"itemListElement\":[{\"@type\":\"ListItem\",\"position\":1,\"name\":\"Home\",\"item\":\"https:\\\/\\\/www.belle-fontaine.ch\\\/fr\\\/\"},{\"@type\":\"ListItem\",\"position\":2,\"name\":\"Offres emploi\"}]},{\"@type\":\"WebSite\",\"@id\":\"https:\\\/\\\/www.belle-fontaine.ch\\\/fr\\\/#website\",\"url\":\"https:\\\/\\\/www.belle-fontaine.ch\\\/fr\\\/\",\"name\":\"BelleFontaine\",\"description\":\"\",\"potentialAction\":[{\"@type\":\"SearchAction\",\"target\":{\"@type\":\"EntryPoint\",\"urlTemplate\":\"https:\\\/\\\/www.belle-fontaine.ch\\\/fr\\\/?s={search_term_string}\"},\"query-input\":{\"@type\":\"PropertyValueSpecification\",\"valueRequired\":true,\"valueName\":\"search_term_string\"}}],\"inLanguage\":\"fr-FR\"}]}<\/script>\n<!-- \/ Yoast SEO plugin. -->","yoast_head_json":{"title":"Offres emploi - Clinique Bellefontaine","robots":{"index":"index","follow":"follow","max-snippet":"max-snippet:-1","max-image-preview":"max-image-preview:large","max-video-preview":"max-video-preview:-1"},"canonical":"https:\/\/www.belle-fontaine.ch\/fr\/offres-emploi\/","og_locale":"fr_FR","og_type":"article","og_title":"Offres emploi - Clinique Bellefontaine","og_description":"Bienvenue \u00e0 la Clinique Bellefontaine Si vous \u00eates en train de lire ces lignes, c\u2019est que vous envisagez peut-\u00eatre une nouvelle \u00e9tape professionnelle\u2026 ou votre premi\u00e8re exp\u00e9rience. Quelle que soit votre situation, nous sommes ravis de susciter votre int\u00e9r\u00eat. \u00c0 la Clinique Bellefontaine, nous avons \u00e0 c\u0153ur d\u2019\u00eatre \u00e0 la pointe de la technologie, tant [&hellip;]","og_url":"https:\/\/www.belle-fontaine.ch\/fr\/offres-emploi\/","og_site_name":"Clinique Bellefontaine","twitter_card":"summary_large_image","twitter_misc":{"Dur\u00e9e de lecture estim\u00e9e":"2 minutes"},"schema":{"@context":"https:\/\/schema.org","@graph":[{"@type":"WebPage","@id":"https:\/\/www.belle-fontaine.ch\/fr\/offres-emploi\/","url":"https:\/\/www.belle-fontaine.ch\/fr\/offres-emploi\/","name":"Offres emploi - Clinique Bellefontaine","isPartOf":{"@id":"https:\/\/www.belle-fontaine.ch\/fr\/#website"},"datePublished":"2026-04-01T12:59:06+00:00","breadcrumb":{"@id":"https:\/\/www.belle-fontaine.ch\/fr\/offres-emploi\/#breadcrumb"},"inLanguage":"fr-FR","potentialAction":[{"@type":"ReadAction","target":["https:\/\/www.belle-fontaine.ch\/fr\/offres-emploi\/"]}]},{"@type":"BreadcrumbList","@id":"https:\/\/www.belle-fontaine.ch\/fr\/offres-emploi\/#breadcrumb","itemListElement":[{"@type":"ListItem","position":1,"name":"Home","item":"https:\/\/www.belle-fontaine.ch\/fr\/"},{"@type":"ListItem","position":2,"name":"Offres emploi"}]},{"@type":"WebSite","@id":"https:\/\/www.belle-fontaine.ch\/fr\/#website","url":"https:\/\/www.belle-fontaine.ch\/fr\/","name":"BelleFontaine","description":"","potentialAction":[{"@type":"SearchAction","target":{"@type":"EntryPoint","urlTemplate":"https:\/\/www.belle-fontaine.ch\/fr\/?s={search_term_string}"},"query-input":{"@type":"PropertyValueSpecification","valueRequired":true,"valueName":"search_term_string"}}],"inLanguage":"fr-FR"}]}},"_links":{"self":[{"href":"https:\/\/www.belle-fontaine.ch\/fr\/wp-json\/wp\/v2\/pages\/6986","targetHints":{"allow":["GET"]}}],"collection":[{"href":"https:\/\/www.belle-fontaine.ch\/fr\/wp-json\/wp\/v2\/pages"}],"about":[{"href":"https:\/\/www.belle-fontaine.ch\/fr\/wp-json\/wp\/v2\/types\/page"}],"author":[{"embeddable":true,"href":"https:\/\/www.belle-fontaine.ch\/fr\/wp-json\/wp\/v2\/users\/2"}],"replies":[{"embeddable":true,"href":"https:\/\/www.belle-fontaine.ch\/fr\/wp-json\/wp\/v2\/comments?post=6986"}],"version-history":[{"count":2,"href":"https:\/\/www.belle-fontaine.ch\/fr\/wp-json\/wp\/v2\/pages\/6986\/revisions"}],"predecessor-version":[{"id":6988,"href":"https:\/\/www.belle-fontaine.ch\/fr\/wp-json\/wp\/v2\/pages\/6986\/revisions\/6988"}],"wp:attachment":[{"href":"https:\/\/www.belle-fontaine.ch\/fr\/wp-json\/wp\/v2\/media?parent=6986"}],"curies":[{"name":"wp","href":"https:\/\/api.w.org\/{rel}","templated":true}]}}