{"id":706,"date":"2025-01-28T20:45:58","date_gmt":"2025-01-28T19:45:58","guid":{"rendered":"https:\/\/www.belle-fontaine.ch\/?page_id=706"},"modified":"2026-03-09T16:09:30","modified_gmt":"2026-03-09T15:09:30","slug":"liposuccion-cuisses","status":"publish","type":"page","link":"https:\/\/www.belle-fontaine.ch\/fr\/liposuccion-cuisses\/","title":{"rendered":"Liposuccion cuisses"},"content":{"rendered":"","protected":false},"excerpt":{"rendered":"","protected":false},"author":3,"featured_media":0,"parent":0,"menu_order":0,"comment_status":"open","ping_status":"closed","template":"","meta":{"_acf_changed":false,"footnotes":""},"class_list":["post-706","page","type-page","status-publish","hentry"],"acf":[],"yoast_head":"<!-- This site is optimized with the Yoast SEO plugin v27.5 - https:\/\/yoast.com\/product\/yoast-seo-wordpress\/ -->\n<title>Liposuccion des cuisses \u00e0 Lausanne - d\u00e9roulement et prix\u00a0| Clinique Bellefontaine<\/title>\n<meta name=\"description\" content=\"Apr\u00e8s une liposuccion des cuisses, beaucoup de nos patients nous rapportent une nette am\u00e9lioration du confort au quotidien, notamment pour le choix des v\u00eatements et une sensation de jambes plus l\u00e9g\u00e8res.\" \/>\n<meta name=\"robots\" content=\"index, follow, max-snippet:-1, max-image-preview:large, max-video-preview:-1\" \/>\n<link rel=\"canonical\" href=\"https:\/\/www.belle-fontaine.ch\/fr\/liposuccion-cuisses\/\" \/>\n<meta property=\"og:locale\" content=\"fr_FR\" \/>\n<meta property=\"og:type\" content=\"article\" \/>\n<meta property=\"og:title\" content=\"Liposuccion des cuisses \u00e0 Lausanne - d\u00e9roulement et prix\u00a0| Clinique Bellefontaine\" \/>\n<meta property=\"og:description\" content=\"Apr\u00e8s une liposuccion des cuisses, beaucoup de nos patients nous rapportent une nette am\u00e9lioration du confort au quotidien, notamment pour le choix des v\u00eatements et une sensation de jambes plus l\u00e9g\u00e8res.\" \/>\n<meta property=\"og:url\" content=\"https:\/\/www.belle-fontaine.ch\/fr\/liposuccion-cuisses\/\" \/>\n<meta property=\"og:site_name\" content=\"Clinique Bellefontaine\" \/>\n<meta property=\"article:modified_time\" content=\"2026-03-09T15:09:30+00:00\" \/>\n<meta name=\"twitter:card\" content=\"summary_large_image\" \/>\n<script type=\"application\/ld+json\" class=\"yoast-schema-graph\">{\"@context\":\"https:\\\/\\\/schema.org\",\"@graph\":[{\"@type\":\"WebPage\",\"@id\":\"https:\\\/\\\/www.belle-fontaine.ch\\\/fr\\\/liposuccion-cuisses\\\/\",\"url\":\"https:\\\/\\\/www.belle-fontaine.ch\\\/fr\\\/liposuccion-cuisses\\\/\",\"name\":\"Liposuccion des cuisses \u00e0 Lausanne - d\u00e9roulement et prix\u00a0| Clinique Bellefontaine\",\"isPartOf\":{\"@id\":\"https:\\\/\\\/www.belle-fontaine.ch\\\/fr\\\/#website\"},\"datePublished\":\"2025-01-28T19:45:58+00:00\",\"dateModified\":\"2026-03-09T15:09:30+00:00\",\"description\":\"Apr\u00e8s une liposuccion des cuisses, beaucoup de nos patients nous rapportent une nette am\u00e9lioration du confort au quotidien, notamment pour le choix des v\u00eatements et une sensation de jambes plus l\u00e9g\u00e8res.\",\"breadcrumb\":{\"@id\":\"https:\\\/\\\/www.belle-fontaine.ch\\\/fr\\\/liposuccion-cuisses\\\/#breadcrumb\"},\"inLanguage\":\"fr-FR\",\"potentialAction\":[{\"@type\":\"ReadAction\",\"target\":[\"https:\\\/\\\/www.belle-fontaine.ch\\\/fr\\\/liposuccion-cuisses\\\/\"]}]},{\"@type\":\"BreadcrumbList\",\"@id\":\"https:\\\/\\\/www.belle-fontaine.ch\\\/fr\\\/liposuccion-cuisses\\\/#breadcrumb\",\"itemListElement\":[{\"@type\":\"ListItem\",\"position\":1,\"name\":\"Home\",\"item\":\"https:\\\/\\\/www.belle-fontaine.ch\\\/fr\\\/\"},{\"@type\":\"ListItem\",\"position\":2,\"name\":\"Liposuccion cuisses\"}]},{\"@type\":\"WebSite\",\"@id\":\"https:\\\/\\\/www.belle-fontaine.ch\\\/fr\\\/#website\",\"url\":\"https:\\\/\\\/www.belle-fontaine.ch\\\/fr\\\/\",\"name\":\"BelleFontaine\",\"description\":\"\",\"potentialAction\":[{\"@type\":\"SearchAction\",\"target\":{\"@type\":\"EntryPoint\",\"urlTemplate\":\"https:\\\/\\\/www.belle-fontaine.ch\\\/fr\\\/?s={search_term_string}\"},\"query-input\":{\"@type\":\"PropertyValueSpecification\",\"valueRequired\":true,\"valueName\":\"search_term_string\"}}],\"inLanguage\":\"fr-FR\"}]}<\/script>\n<!-- \/ Yoast SEO plugin. -->","yoast_head_json":{"title":"Liposuccion des cuisses \u00e0 Lausanne - d\u00e9roulement et prix\u00a0| Clinique Bellefontaine","description":"Apr\u00e8s une liposuccion des cuisses, beaucoup de nos patients nous rapportent une nette am\u00e9lioration du confort au quotidien, notamment pour le choix des v\u00eatements et une sensation de jambes plus l\u00e9g\u00e8res.","robots":{"index":"index","follow":"follow","max-snippet":"max-snippet:-1","max-image-preview":"max-image-preview:large","max-video-preview":"max-video-preview:-1"},"canonical":"https:\/\/www.belle-fontaine.ch\/fr\/liposuccion-cuisses\/","og_locale":"fr_FR","og_type":"article","og_title":"Liposuccion des cuisses \u00e0 Lausanne - d\u00e9roulement et prix\u00a0| Clinique Bellefontaine","og_description":"Apr\u00e8s une liposuccion des cuisses, beaucoup de nos patients nous rapportent une nette am\u00e9lioration du confort au quotidien, notamment pour le choix des v\u00eatements et une sensation de jambes plus l\u00e9g\u00e8res.","og_url":"https:\/\/www.belle-fontaine.ch\/fr\/liposuccion-cuisses\/","og_site_name":"Clinique Bellefontaine","article_modified_time":"2026-03-09T15:09:30+00:00","twitter_card":"summary_large_image","schema":{"@context":"https:\/\/schema.org","@graph":[{"@type":"WebPage","@id":"https:\/\/www.belle-fontaine.ch\/fr\/liposuccion-cuisses\/","url":"https:\/\/www.belle-fontaine.ch\/fr\/liposuccion-cuisses\/","name":"Liposuccion des cuisses \u00e0 Lausanne - d\u00e9roulement et prix\u00a0| Clinique Bellefontaine","isPartOf":{"@id":"https:\/\/www.belle-fontaine.ch\/fr\/#website"},"datePublished":"2025-01-28T19:45:58+00:00","dateModified":"2026-03-09T15:09:30+00:00","description":"Apr\u00e8s une liposuccion des cuisses, beaucoup de nos patients nous rapportent une nette am\u00e9lioration du confort au quotidien, notamment pour le choix des v\u00eatements et une sensation de jambes plus l\u00e9g\u00e8res.","breadcrumb":{"@id":"https:\/\/www.belle-fontaine.ch\/fr\/liposuccion-cuisses\/#breadcrumb"},"inLanguage":"fr-FR","potentialAction":[{"@type":"ReadAction","target":["https:\/\/www.belle-fontaine.ch\/fr\/liposuccion-cuisses\/"]}]},{"@type":"BreadcrumbList","@id":"https:\/\/www.belle-fontaine.ch\/fr\/liposuccion-cuisses\/#breadcrumb","itemListElement":[{"@type":"ListItem","position":1,"name":"Home","item":"https:\/\/www.belle-fontaine.ch\/fr\/"},{"@type":"ListItem","position":2,"name":"Liposuccion cuisses"}]},{"@type":"WebSite","@id":"https:\/\/www.belle-fontaine.ch\/fr\/#website","url":"https:\/\/www.belle-fontaine.ch\/fr\/","name":"BelleFontaine","description":"","potentialAction":[{"@type":"SearchAction","target":{"@type":"EntryPoint","urlTemplate":"https:\/\/www.belle-fontaine.ch\/fr\/?s={search_term_string}"},"query-input":{"@type":"PropertyValueSpecification","valueRequired":true,"valueName":"search_term_string"}}],"inLanguage":"fr-FR"}]}},"_links":{"self":[{"href":"https:\/\/www.belle-fontaine.ch\/fr\/wp-json\/wp\/v2\/pages\/706","targetHints":{"allow":["GET"]}}],"collection":[{"href":"https:\/\/www.belle-fontaine.ch\/fr\/wp-json\/wp\/v2\/pages"}],"about":[{"href":"https:\/\/www.belle-fontaine.ch\/fr\/wp-json\/wp\/v2\/types\/page"}],"author":[{"embeddable":true,"href":"https:\/\/www.belle-fontaine.ch\/fr\/wp-json\/wp\/v2\/users\/3"}],"replies":[{"embeddable":true,"href":"https:\/\/www.belle-fontaine.ch\/fr\/wp-json\/wp\/v2\/comments?post=706"}],"version-history":[{"count":4,"href":"https:\/\/www.belle-fontaine.ch\/fr\/wp-json\/wp\/v2\/pages\/706\/revisions"}],"predecessor-version":[{"id":5233,"href":"https:\/\/www.belle-fontaine.ch\/fr\/wp-json\/wp\/v2\/pages\/706\/revisions\/5233"}],"wp:attachment":[{"href":"https:\/\/www.belle-fontaine.ch\/fr\/wp-json\/wp\/v2\/media?parent=706"}],"curies":[{"name":"wp","href":"https:\/\/api.w.org\/{rel}","templated":true}]}}