{"id":761,"date":"2025-01-28T21:05:32","date_gmt":"2025-01-28T20:05:32","guid":{"rendered":"https:\/\/www.belle-fontaine.ch\/?page_id=761"},"modified":"2026-03-20T11:45:23","modified_gmt":"2026-03-20T10:45:23","slug":"lifting-du-sein","status":"publish","type":"page","link":"https:\/\/www.belle-fontaine.ch\/fr\/lifting-du-sein\/","title":{"rendered":"Lifting mammaire"},"content":{"rendered":"","protected":false},"excerpt":{"rendered":"","protected":false},"author":3,"featured_media":0,"parent":0,"menu_order":0,"comment_status":"open","ping_status":"closed","template":"","meta":{"_acf_changed":false,"footnotes":""},"class_list":["post-761","page","type-page","status-publish","hentry"],"acf":[],"yoast_head":"<!-- This site is optimized with the Yoast SEO plugin v27.4 - https:\/\/yoast.com\/product\/yoast-seo-wordpress\/ -->\n<title>Lifting du sein : correction de la pt\u00f4se mammaire \u00e0 Lausanne<\/title>\n<meta name=\"description\" content=\"Retrouvez une poitrine jeune et lift\u00e9e gr\u00e2ce \u00e0 l&#039;expertise de la Clinique Bellefontaine \u00e0 Lausanne en mati\u00e8re de lifting mammaire. Des solutions sur mesure pour vos objectifs de beaut\u00e9.\" \/>\n<meta name=\"robots\" content=\"index, follow, max-snippet:-1, max-image-preview:large, max-video-preview:-1\" \/>\n<link rel=\"canonical\" href=\"https:\/\/www.belle-fontaine.ch\/fr\/lifting-du-sein\/\" \/>\n<meta property=\"og:locale\" content=\"fr_FR\" \/>\n<meta property=\"og:type\" content=\"article\" \/>\n<meta property=\"og:title\" content=\"Lifting du sein : correction de la pt\u00f4se mammaire \u00e0 Lausanne\" \/>\n<meta property=\"og:description\" content=\"Retrouvez une poitrine jeune et lift\u00e9e gr\u00e2ce \u00e0 l&#039;expertise de la Clinique Bellefontaine \u00e0 Lausanne en mati\u00e8re de lifting mammaire. Des solutions sur mesure pour vos objectifs de beaut\u00e9.\" \/>\n<meta property=\"og:url\" content=\"https:\/\/www.belle-fontaine.ch\/fr\/lifting-du-sein\/\" \/>\n<meta property=\"og:site_name\" content=\"Clinique Bellefontaine\" \/>\n<meta property=\"article:modified_time\" content=\"2026-03-20T10:45:23+00:00\" \/>\n<meta name=\"twitter:card\" content=\"summary_large_image\" \/>\n<script type=\"application\/ld+json\" class=\"yoast-schema-graph\">{\"@context\":\"https:\\\/\\\/schema.org\",\"@graph\":[{\"@type\":\"WebPage\",\"@id\":\"https:\\\/\\\/www.belle-fontaine.ch\\\/fr\\\/lifting-du-sein\\\/\",\"url\":\"https:\\\/\\\/www.belle-fontaine.ch\\\/fr\\\/lifting-du-sein\\\/\",\"name\":\"Lifting du sein : correction de la pt\u00f4se mammaire \u00e0 Lausanne\",\"isPartOf\":{\"@id\":\"https:\\\/\\\/www.belle-fontaine.ch\\\/fr\\\/#website\"},\"datePublished\":\"2025-01-28T20:05:32+00:00\",\"dateModified\":\"2026-03-20T10:45:23+00:00\",\"description\":\"Retrouvez une poitrine jeune et lift\u00e9e gr\u00e2ce \u00e0 l'expertise de la Clinique Bellefontaine \u00e0 Lausanne en mati\u00e8re de lifting mammaire. Des solutions sur mesure pour vos objectifs de beaut\u00e9.\",\"breadcrumb\":{\"@id\":\"https:\\\/\\\/www.belle-fontaine.ch\\\/fr\\\/lifting-du-sein\\\/#breadcrumb\"},\"inLanguage\":\"fr-FR\",\"potentialAction\":[{\"@type\":\"ReadAction\",\"target\":[\"https:\\\/\\\/www.belle-fontaine.ch\\\/fr\\\/lifting-du-sein\\\/\"]}]},{\"@type\":\"BreadcrumbList\",\"@id\":\"https:\\\/\\\/www.belle-fontaine.ch\\\/fr\\\/lifting-du-sein\\\/#breadcrumb\",\"itemListElement\":[{\"@type\":\"ListItem\",\"position\":1,\"name\":\"Home\",\"item\":\"https:\\\/\\\/www.belle-fontaine.ch\\\/fr\\\/\"},{\"@type\":\"ListItem\",\"position\":2,\"name\":\"Lifting mammaire\"}]},{\"@type\":\"WebSite\",\"@id\":\"https:\\\/\\\/www.belle-fontaine.ch\\\/fr\\\/#website\",\"url\":\"https:\\\/\\\/www.belle-fontaine.ch\\\/fr\\\/\",\"name\":\"BelleFontaine\",\"description\":\"\",\"potentialAction\":[{\"@type\":\"SearchAction\",\"target\":{\"@type\":\"EntryPoint\",\"urlTemplate\":\"https:\\\/\\\/www.belle-fontaine.ch\\\/fr\\\/?s={search_term_string}\"},\"query-input\":{\"@type\":\"PropertyValueSpecification\",\"valueRequired\":true,\"valueName\":\"search_term_string\"}}],\"inLanguage\":\"fr-FR\"}]}<\/script>\n<!-- \/ Yoast SEO plugin. -->","yoast_head_json":{"title":"Lifting du sein : correction de la pt\u00f4se mammaire \u00e0 Lausanne","description":"Retrouvez une poitrine jeune et lift\u00e9e gr\u00e2ce \u00e0 l'expertise de la Clinique Bellefontaine \u00e0 Lausanne en mati\u00e8re de lifting mammaire. Des solutions sur mesure pour vos objectifs de beaut\u00e9.","robots":{"index":"index","follow":"follow","max-snippet":"max-snippet:-1","max-image-preview":"max-image-preview:large","max-video-preview":"max-video-preview:-1"},"canonical":"https:\/\/www.belle-fontaine.ch\/fr\/lifting-du-sein\/","og_locale":"fr_FR","og_type":"article","og_title":"Lifting du sein : correction de la pt\u00f4se mammaire \u00e0 Lausanne","og_description":"Retrouvez une poitrine jeune et lift\u00e9e gr\u00e2ce \u00e0 l'expertise de la Clinique Bellefontaine \u00e0 Lausanne en mati\u00e8re de lifting mammaire. Des solutions sur mesure pour vos objectifs de beaut\u00e9.","og_url":"https:\/\/www.belle-fontaine.ch\/fr\/lifting-du-sein\/","og_site_name":"Clinique Bellefontaine","article_modified_time":"2026-03-20T10:45:23+00:00","twitter_card":"summary_large_image","schema":{"@context":"https:\/\/schema.org","@graph":[{"@type":"WebPage","@id":"https:\/\/www.belle-fontaine.ch\/fr\/lifting-du-sein\/","url":"https:\/\/www.belle-fontaine.ch\/fr\/lifting-du-sein\/","name":"Lifting du sein : correction de la pt\u00f4se mammaire \u00e0 Lausanne","isPartOf":{"@id":"https:\/\/www.belle-fontaine.ch\/fr\/#website"},"datePublished":"2025-01-28T20:05:32+00:00","dateModified":"2026-03-20T10:45:23+00:00","description":"Retrouvez une poitrine jeune et lift\u00e9e gr\u00e2ce \u00e0 l'expertise de la Clinique Bellefontaine \u00e0 Lausanne en mati\u00e8re de lifting mammaire. Des solutions sur mesure pour vos objectifs de beaut\u00e9.","breadcrumb":{"@id":"https:\/\/www.belle-fontaine.ch\/fr\/lifting-du-sein\/#breadcrumb"},"inLanguage":"fr-FR","potentialAction":[{"@type":"ReadAction","target":["https:\/\/www.belle-fontaine.ch\/fr\/lifting-du-sein\/"]}]},{"@type":"BreadcrumbList","@id":"https:\/\/www.belle-fontaine.ch\/fr\/lifting-du-sein\/#breadcrumb","itemListElement":[{"@type":"ListItem","position":1,"name":"Home","item":"https:\/\/www.belle-fontaine.ch\/fr\/"},{"@type":"ListItem","position":2,"name":"Lifting mammaire"}]},{"@type":"WebSite","@id":"https:\/\/www.belle-fontaine.ch\/fr\/#website","url":"https:\/\/www.belle-fontaine.ch\/fr\/","name":"BelleFontaine","description":"","potentialAction":[{"@type":"SearchAction","target":{"@type":"EntryPoint","urlTemplate":"https:\/\/www.belle-fontaine.ch\/fr\/?s={search_term_string}"},"query-input":{"@type":"PropertyValueSpecification","valueRequired":true,"valueName":"search_term_string"}}],"inLanguage":"fr-FR"}]}},"_links":{"self":[{"href":"https:\/\/www.belle-fontaine.ch\/fr\/wp-json\/wp\/v2\/pages\/761","targetHints":{"allow":["GET"]}}],"collection":[{"href":"https:\/\/www.belle-fontaine.ch\/fr\/wp-json\/wp\/v2\/pages"}],"about":[{"href":"https:\/\/www.belle-fontaine.ch\/fr\/wp-json\/wp\/v2\/types\/page"}],"author":[{"embeddable":true,"href":"https:\/\/www.belle-fontaine.ch\/fr\/wp-json\/wp\/v2\/users\/3"}],"replies":[{"embeddable":true,"href":"https:\/\/www.belle-fontaine.ch\/fr\/wp-json\/wp\/v2\/comments?post=761"}],"version-history":[{"count":4,"href":"https:\/\/www.belle-fontaine.ch\/fr\/wp-json\/wp\/v2\/pages\/761\/revisions"}],"predecessor-version":[{"id":6826,"href":"https:\/\/www.belle-fontaine.ch\/fr\/wp-json\/wp\/v2\/pages\/761\/revisions\/6826"}],"wp:attachment":[{"href":"https:\/\/www.belle-fontaine.ch\/fr\/wp-json\/wp\/v2\/media?parent=761"}],"curies":[{"name":"wp","href":"https:\/\/api.w.org\/{rel}","templated":true}]}}