{"id":805,"date":"2025-01-28T21:36:08","date_gmt":"2025-01-28T20:36:08","guid":{"rendered":"https:\/\/www.belle-fontaine.ch\/?page_id=805"},"modified":"2026-03-20T11:27:00","modified_gmt":"2026-03-20T10:27:00","slug":"gynecomastie","status":"publish","type":"page","link":"https:\/\/www.belle-fontaine.ch\/fr\/gynecomastie\/","title":{"rendered":"Gyn\u00e9comastie"},"content":{"rendered":"","protected":false},"excerpt":{"rendered":"","protected":false},"author":3,"featured_media":0,"parent":0,"menu_order":0,"comment_status":"open","ping_status":"closed","template":"","meta":{"_acf_changed":false,"footnotes":""},"class_list":["post-805","page","type-page","status-publish","hentry"],"acf":[],"yoast_head":"<!-- This site is optimized with the Yoast SEO plugin v27.5 - https:\/\/yoast.com\/product\/yoast-seo-wordpress\/ -->\n<title>Gyn\u00e9comastie ou adipomastie : correction mammaire chez l&#039;homme \u00e0 Lausanne<\/title>\n<meta name=\"description\" content=\"R\u00e9duire le tissu mammaire masculin avec le traitement de la gyn\u00e9comastie \u00e0 la Clinique Bellefontaine \u00e0 Lausanne. Des solutions s\u00fbres et efficaces pour une poitrine plus masculine.\" \/>\n<meta name=\"robots\" content=\"index, follow, max-snippet:-1, max-image-preview:large, max-video-preview:-1\" \/>\n<link rel=\"canonical\" href=\"https:\/\/www.belle-fontaine.ch\/fr\/gynecomastie\/\" \/>\n<meta property=\"og:locale\" content=\"fr_FR\" \/>\n<meta property=\"og:type\" content=\"article\" \/>\n<meta property=\"og:title\" content=\"Gyn\u00e9comastie ou adipomastie : correction mammaire chez l&#039;homme \u00e0 Lausanne\" \/>\n<meta property=\"og:description\" content=\"R\u00e9duire le tissu mammaire masculin avec le traitement de la gyn\u00e9comastie \u00e0 la Clinique Bellefontaine \u00e0 Lausanne. Des solutions s\u00fbres et efficaces pour une poitrine plus masculine.\" \/>\n<meta property=\"og:url\" content=\"https:\/\/www.belle-fontaine.ch\/fr\/gynecomastie\/\" \/>\n<meta property=\"og:site_name\" content=\"Clinique Bellefontaine\" \/>\n<meta property=\"article:modified_time\" content=\"2026-03-20T10:27:00+00:00\" \/>\n<meta name=\"twitter:card\" content=\"summary_large_image\" \/>\n<script type=\"application\/ld+json\" class=\"yoast-schema-graph\">{\"@context\":\"https:\\\/\\\/schema.org\",\"@graph\":[{\"@type\":\"WebPage\",\"@id\":\"https:\\\/\\\/www.belle-fontaine.ch\\\/fr\\\/gynecomastie\\\/\",\"url\":\"https:\\\/\\\/www.belle-fontaine.ch\\\/fr\\\/gynecomastie\\\/\",\"name\":\"Gyn\u00e9comastie ou adipomastie : correction mammaire chez l'homme \u00e0 Lausanne\",\"isPartOf\":{\"@id\":\"https:\\\/\\\/www.belle-fontaine.ch\\\/fr\\\/#website\"},\"datePublished\":\"2025-01-28T20:36:08+00:00\",\"dateModified\":\"2026-03-20T10:27:00+00:00\",\"description\":\"R\u00e9duire le tissu mammaire masculin avec le traitement de la gyn\u00e9comastie \u00e0 la Clinique Bellefontaine \u00e0 Lausanne. Des solutions s\u00fbres et efficaces pour une poitrine plus masculine.\",\"breadcrumb\":{\"@id\":\"https:\\\/\\\/www.belle-fontaine.ch\\\/fr\\\/gynecomastie\\\/#breadcrumb\"},\"inLanguage\":\"fr-FR\",\"potentialAction\":[{\"@type\":\"ReadAction\",\"target\":[\"https:\\\/\\\/www.belle-fontaine.ch\\\/fr\\\/gynecomastie\\\/\"]}]},{\"@type\":\"BreadcrumbList\",\"@id\":\"https:\\\/\\\/www.belle-fontaine.ch\\\/fr\\\/gynecomastie\\\/#breadcrumb\",\"itemListElement\":[{\"@type\":\"ListItem\",\"position\":1,\"name\":\"Home\",\"item\":\"https:\\\/\\\/www.belle-fontaine.ch\\\/fr\\\/\"},{\"@type\":\"ListItem\",\"position\":2,\"name\":\"Gyn\u00e9comastie\"}]},{\"@type\":\"WebSite\",\"@id\":\"https:\\\/\\\/www.belle-fontaine.ch\\\/fr\\\/#website\",\"url\":\"https:\\\/\\\/www.belle-fontaine.ch\\\/fr\\\/\",\"name\":\"BelleFontaine\",\"description\":\"\",\"potentialAction\":[{\"@type\":\"SearchAction\",\"target\":{\"@type\":\"EntryPoint\",\"urlTemplate\":\"https:\\\/\\\/www.belle-fontaine.ch\\\/fr\\\/?s={search_term_string}\"},\"query-input\":{\"@type\":\"PropertyValueSpecification\",\"valueRequired\":true,\"valueName\":\"search_term_string\"}}],\"inLanguage\":\"fr-FR\"}]}<\/script>\n<!-- \/ Yoast SEO plugin. -->","yoast_head_json":{"title":"Gyn\u00e9comastie ou adipomastie : correction mammaire chez l'homme \u00e0 Lausanne","description":"R\u00e9duire le tissu mammaire masculin avec le traitement de la gyn\u00e9comastie \u00e0 la Clinique Bellefontaine \u00e0 Lausanne. Des solutions s\u00fbres et efficaces pour une poitrine plus masculine.","robots":{"index":"index","follow":"follow","max-snippet":"max-snippet:-1","max-image-preview":"max-image-preview:large","max-video-preview":"max-video-preview:-1"},"canonical":"https:\/\/www.belle-fontaine.ch\/fr\/gynecomastie\/","og_locale":"fr_FR","og_type":"article","og_title":"Gyn\u00e9comastie ou adipomastie : correction mammaire chez l'homme \u00e0 Lausanne","og_description":"R\u00e9duire le tissu mammaire masculin avec le traitement de la gyn\u00e9comastie \u00e0 la Clinique Bellefontaine \u00e0 Lausanne. Des solutions s\u00fbres et efficaces pour une poitrine plus masculine.","og_url":"https:\/\/www.belle-fontaine.ch\/fr\/gynecomastie\/","og_site_name":"Clinique Bellefontaine","article_modified_time":"2026-03-20T10:27:00+00:00","twitter_card":"summary_large_image","schema":{"@context":"https:\/\/schema.org","@graph":[{"@type":"WebPage","@id":"https:\/\/www.belle-fontaine.ch\/fr\/gynecomastie\/","url":"https:\/\/www.belle-fontaine.ch\/fr\/gynecomastie\/","name":"Gyn\u00e9comastie ou adipomastie : correction mammaire chez l'homme \u00e0 Lausanne","isPartOf":{"@id":"https:\/\/www.belle-fontaine.ch\/fr\/#website"},"datePublished":"2025-01-28T20:36:08+00:00","dateModified":"2026-03-20T10:27:00+00:00","description":"R\u00e9duire le tissu mammaire masculin avec le traitement de la gyn\u00e9comastie \u00e0 la Clinique Bellefontaine \u00e0 Lausanne. Des solutions s\u00fbres et efficaces pour une poitrine plus masculine.","breadcrumb":{"@id":"https:\/\/www.belle-fontaine.ch\/fr\/gynecomastie\/#breadcrumb"},"inLanguage":"fr-FR","potentialAction":[{"@type":"ReadAction","target":["https:\/\/www.belle-fontaine.ch\/fr\/gynecomastie\/"]}]},{"@type":"BreadcrumbList","@id":"https:\/\/www.belle-fontaine.ch\/fr\/gynecomastie\/#breadcrumb","itemListElement":[{"@type":"ListItem","position":1,"name":"Home","item":"https:\/\/www.belle-fontaine.ch\/fr\/"},{"@type":"ListItem","position":2,"name":"Gyn\u00e9comastie"}]},{"@type":"WebSite","@id":"https:\/\/www.belle-fontaine.ch\/fr\/#website","url":"https:\/\/www.belle-fontaine.ch\/fr\/","name":"BelleFontaine","description":"","potentialAction":[{"@type":"SearchAction","target":{"@type":"EntryPoint","urlTemplate":"https:\/\/www.belle-fontaine.ch\/fr\/?s={search_term_string}"},"query-input":{"@type":"PropertyValueSpecification","valueRequired":true,"valueName":"search_term_string"}}],"inLanguage":"fr-FR"}]}},"_links":{"self":[{"href":"https:\/\/www.belle-fontaine.ch\/fr\/wp-json\/wp\/v2\/pages\/805","targetHints":{"allow":["GET"]}}],"collection":[{"href":"https:\/\/www.belle-fontaine.ch\/fr\/wp-json\/wp\/v2\/pages"}],"about":[{"href":"https:\/\/www.belle-fontaine.ch\/fr\/wp-json\/wp\/v2\/types\/page"}],"author":[{"embeddable":true,"href":"https:\/\/www.belle-fontaine.ch\/fr\/wp-json\/wp\/v2\/users\/3"}],"replies":[{"embeddable":true,"href":"https:\/\/www.belle-fontaine.ch\/fr\/wp-json\/wp\/v2\/comments?post=805"}],"version-history":[{"count":3,"href":"https:\/\/www.belle-fontaine.ch\/fr\/wp-json\/wp\/v2\/pages\/805\/revisions"}],"predecessor-version":[{"id":6818,"href":"https:\/\/www.belle-fontaine.ch\/fr\/wp-json\/wp\/v2\/pages\/805\/revisions\/6818"}],"wp:attachment":[{"href":"https:\/\/www.belle-fontaine.ch\/fr\/wp-json\/wp\/v2\/media?parent=805"}],"curies":[{"name":"wp","href":"https:\/\/api.w.org\/{rel}","templated":true}]}}